{"id":9826,"date":"2022-12-17T11:59:03","date_gmt":"2022-12-17T10:59:03","guid":{"rendered":"https:\/\/fuglebutikken.no\/product\/tropican-avel-granulater\/"},"modified":"2025-11-11T12:46:23","modified_gmt":"2025-11-11T11:46:23","slug":"tropican-avel-granulater","status":"publish","type":"product","link":"https:\/\/fuglebutikken.no\/en\/butikk\/fugl-som-hobby\/fugl\/spise\/fuglemat-til-undulater-papeg-yer-og-burfugler\/fr-blandinger-og-pellets-daglig-f-r\/papegoye\/tropican-avel-granulater\/","title":{"rendered":"Tropican Avel granulater, sm\u00e5 papeg\u00f8yer"},"content":{"rendered":"<h2>Tropican Avel granulater, sm\u00e5 papeg\u00f8yer<\/h2>\n<p>Tropican High Performance Granules for sm\u00e5 papeg\u00f8yer er et vitenskapelig formulert og fullstendig balansert kosthold som oppfyller de h\u00f8yere kravene til avl (foreldres egglegging og oppdrett av unger) og voksende papeg\u00f8yer. Fordi Tropican inneholder vitaminer og mineraler, er det ikke n\u00f8dvendig med vitamintilskudd. High Performance Formula, en papeg\u00f8yef\u00f4r med h\u00f8yere protein- og kaloriverdi, er ideell for fugler som trenger et mer solid kosthold. Formulert for maksimal smak, inneholder granulatene naturlige fruktsmaker som appelsin og banan og en blandet kompott av 8 korn og n\u00f8tter. En rik kilde til Omega-fettsyrer fra linfr\u00f8, pean\u00f8tter og solsikkefr\u00f8 f\u00e5r fj\u00e6rene til \u00e5 skinne og hjelper til med \u00e5 st\u00f8tte en sunn kropp. Tropican ekstruderte granulat knuses rent og blir ikke til fint pulver slik pellets gj\u00f8r, noe som f\u00f8rer til betydelig mindre avfall. Tropiske biter er harde og tette og bidrar til et sunnere nebb, noe som er viktig for fuglens generelle helse. Tropican Formulas er alle laget i Canada og gjennomg\u00e5r strenge 3-trinns tester. Denne prosessen sikrer at hver pose med mat er trygg, p\u00e5litelig og h\u00f8ykvalitets fuglemat for dine dyrebare fj\u00e6rkledde f\u00f8lgesvenner. 2 mm granuler anbefalt for kakatier, dvergpapeg\u00f8yer, sm\u00e5 konurer og kvekere. Produsert i et anlegg som pakker produkter som inneholder n\u00f8tter. F\u00f4ringsinstruksjoner: For \u00e5 holde fuglen frisk, b\u00f8r vannkopper rengj\u00f8res daglig og mat fylles p\u00e5 etter behov.<\/p>\n<p>For ern\u00e6ringsanbefalinger n\u00e5r du mater fuglene dine, last ned pdf-versjonen av Tropican Feeding Guide for Papeg\u00f8yer (tilgjengelig under dokumentfanen).<\/p>\n<p>Sammensetning: Korn (53%), derivater av vegetabilsk opprinnelse, ekstrakter av vegetabilske proteiner, fr\u00f8 (linfr\u00f8 1%), mineraler, n\u00f8tter (pean\u00f8tter 3,8%), oljer og fett, gj\u00e6r, alger. Tilsetningsstoffer per kg: Ern\u00e6ringsmessige tilsetningsstoffer: vitamin A (3a672a) 8250 IE, vitamin D3 (3a671) 660 IE, jod (E2) 1,1 mg, kobber (E4) 13,2 mg, mangan (E5) 138,6 mg, sink (E6) 1 , selen (E8) 4,4 \u03bcg.<\/p>\n<p>Analytiske bestanddeler: R\u00e5protein 22 %, R\u00e5fiber 3,5 %, R\u00e5fett 11 %, Uorganisk materiale 6,5 %, Fosfor 0,8 %, Vitamin A 5500 IU\/kg, Vitamin D3 550 IU\/kg, Vitamin E 220 IU\/kg, Beta- karoten 0,45 mg\/kg, Omega-3 fettsyrer 0,03 %, Omega-6 fettsyrer 0,25 %<\/p>","protected":false},"excerpt":{"rendered":"<h3>Tropican Avel granulater, sm\u00e5 papeg\u00f8yer<\/h3>\n<p>Hagen Tropican High Performance Formula er et h\u00f8yenergi f\u00f2r egnet for papeg\u00f8yer som er: unge, avvennende og ny ervervet, som krever h\u00f8yere proteiner og fett, avl, smelting, er ute i flyvevolierer, eller gjennomg\u00e5r en diettkonvertering fra en fr\u00f8basert diett. Papeg\u00f8yemat med kalsium, D-vitamin og essensielle aminosyrer.<\/p>\n<ul>\n<li>2mm granulater<\/li>\n<\/ul>","protected":false},"featured_media":23485,"comment_status":"open","ping_status":"closed","template":"","meta":{"content-type":"","_uf_show_specific_survey":0,"_uf_disable_surveys":false,"_monsterinsights_skip_tracking":false,"_monsterinsights_sitenote_active":false,"_monsterinsights_sitenote_note":"","_monsterinsights_sitenote_category":0},"pwb-brand":[671],"product_brand":[],"product_cat":[3286,41,1147,3285,2328],"product_tag":[2132,1922],"woo-feed-brand":[],"class_list":{"0":"post-9826","1":"product","2":"type-product","3":"status-publish","4":"has-post-thumbnail","6":"pwb-brand-tropican","7":"product_cat-fr-blandinger-og-pellets-daglig-f-r","8":"product_cat-fugl","9":"product_cat-fugl-som-hobby","10":"product_cat-fuglemat-til-undulater-papeg-yer-og-burfugler","11":"product_cat-papegoye","12":"product_tag-fuglemat-og-fuglef-or","13":"product_tag-fuglepellets","15":"first","16":"instock","17":"taxable","18":"shipping-taxable","19":"purchasable","20":"product-type-simple"},"exclude_global_add_ons":[],"addons":[],"brands":[{"id":671,"name":"Tropican","slug":"tropican"}],"_links":{"self":[{"href":"https:\/\/fuglebutikken.no\/en\/wp-json\/wp\/v2\/product\/9826","targetHints":{"allow":["GET"]}}],"collection":[{"href":"https:\/\/fuglebutikken.no\/en\/wp-json\/wp\/v2\/product"}],"about":[{"href":"https:\/\/fuglebutikken.no\/en\/wp-json\/wp\/v2\/types\/product"}],"replies":[{"embeddable":true,"href":"https:\/\/fuglebutikken.no\/en\/wp-json\/wp\/v2\/comments?post=9826"}],"wp:featuredmedia":[{"embeddable":true,"href":"https:\/\/fuglebutikken.no\/en\/wp-json\/wp\/v2\/media\/23485"}],"wp:attachment":[{"href":"https:\/\/fuglebutikken.no\/en\/wp-json\/wp\/v2\/media?parent=9826"}],"wp:term":[{"taxonomy":"pwb-brand","embeddable":true,"href":"https:\/\/fuglebutikken.no\/en\/wp-json\/wp\/v2\/pwb-brand?post=9826"},{"taxonomy":"product_brand","embeddable":true,"href":"https:\/\/fuglebutikken.no\/en\/wp-json\/wp\/v2\/product_brand?post=9826"},{"taxonomy":"product_cat","embeddable":true,"href":"https:\/\/fuglebutikken.no\/en\/wp-json\/wp\/v2\/product_cat?post=9826"},{"taxonomy":"product_tag","embeddable":true,"href":"https:\/\/fuglebutikken.no\/en\/wp-json\/wp\/v2\/product_tag?post=9826"},{"taxonomy":"woo-feed-brand","embeddable":true,"href":"https:\/\/fuglebutikken.no\/en\/wp-json\/wp\/v2\/woo-feed-brand?post=9826"}],"curies":[{"name":"wp","href":"https:\/\/api.w.org\/{rel}","templated":true}]}}