{"id":9787,"date":"2023-09-08T12:58:53","date_gmt":"2023-09-08T10:58:53","guid":{"rendered":"https:\/\/fuglebutikken.no\/product\/companion-puzzle-feeder\/"},"modified":"2026-03-16T08:11:13","modified_gmt":"2026-03-16T07:11:13","slug":"companion-puzzle-feeder","status":"publish","type":"product","link":"https:\/\/fuglebutikken.no\/en\/butikk\/fugl-som-hobby\/fugl\/fuglebur-og-fuglebur-tilbehor\/bur-tilbehor\/fugleskaler-og-automater\/companion-puzzle-feeder\/","title":{"rendered":"Companion Puzzle feeder"},"content":{"rendered":"<h2>Companion Puzzle feeder<\/h2>\n<p>&nbsp;<\/p>\n<h4 class=\"small font-weight-bold font-family-sans-serif\">Beskrivelse<\/h4>\n<p>St\u00f8rrelse S<br \/>\nM\u00e5l: 20x14x3,5 cm<br \/>\nVekt: ca. 190 g<\/p>\n<p>&nbsp;<\/p>\n<p>St\u00f8rrelse L<br \/>\nM\u00e5l: 28x18x3,5 cm<br \/>\nVekt: ca. 400 g<\/p>","protected":false},"excerpt":{"rendered":"<h3>Companion Puzzle feeder<\/h3>\n<p>Spennende f\u00f4ringsplattformer som oppmuntrer til naturlig f\u00f4rsanking, utforsking og gnaging.<\/p>\n<p>Er laget av 100 % naturlige planter, ingen plastikk eller papp, s\u00e5 det er helt trygt for gnagere \u00e5 spise. Dette bidrar ogs\u00e5 til \u00e5 slipe ned tennene.<\/p>","protected":false},"featured_media":27974,"comment_status":"closed","ping_status":"closed","template":"","meta":{"content-type":"","_uf_show_specific_survey":0,"_uf_disable_surveys":false,"_monsterinsights_skip_tracking":false,"_monsterinsights_sitenote_active":false,"_monsterinsights_sitenote_note":"","_monsterinsights_sitenote_category":0},"pwb-brand":[1493],"product_brand":[],"product_cat":[50],"product_tag":[2148,2156,2155],"woo-feed-brand":[],"class_list":{"0":"post-9787","1":"product","2":"type-product","3":"status-publish","4":"has-post-thumbnail","6":"pwb-brand-companion","7":"product_cat-fugleskaler-og-automater","8":"product_tag-smadyrskaler","9":"product_tag-matplass-og-vannflasker","10":"product_tag-spiseplass","12":"first","13":"outofstock","14":"taxable","15":"shipping-taxable","16":"purchasable","17":"product-type-variable","18":"has-default-attributes"},"exclude_global_add_ons":[],"addons":[],"brands":[{"id":1493,"name":"Companion","slug":"companion"}],"_links":{"self":[{"href":"https:\/\/fuglebutikken.no\/en\/wp-json\/wp\/v2\/product\/9787","targetHints":{"allow":["GET"]}}],"collection":[{"href":"https:\/\/fuglebutikken.no\/en\/wp-json\/wp\/v2\/product"}],"about":[{"href":"https:\/\/fuglebutikken.no\/en\/wp-json\/wp\/v2\/types\/product"}],"replies":[{"embeddable":true,"href":"https:\/\/fuglebutikken.no\/en\/wp-json\/wp\/v2\/comments?post=9787"}],"wp:featuredmedia":[{"embeddable":true,"href":"https:\/\/fuglebutikken.no\/en\/wp-json\/wp\/v2\/media\/27974"}],"wp:attachment":[{"href":"https:\/\/fuglebutikken.no\/en\/wp-json\/wp\/v2\/media?parent=9787"}],"wp:term":[{"taxonomy":"pwb-brand","embeddable":true,"href":"https:\/\/fuglebutikken.no\/en\/wp-json\/wp\/v2\/pwb-brand?post=9787"},{"taxonomy":"product_brand","embeddable":true,"href":"https:\/\/fuglebutikken.no\/en\/wp-json\/wp\/v2\/product_brand?post=9787"},{"taxonomy":"product_cat","embeddable":true,"href":"https:\/\/fuglebutikken.no\/en\/wp-json\/wp\/v2\/product_cat?post=9787"},{"taxonomy":"product_tag","embeddable":true,"href":"https:\/\/fuglebutikken.no\/en\/wp-json\/wp\/v2\/product_tag?post=9787"},{"taxonomy":"woo-feed-brand","embeddable":true,"href":"https:\/\/fuglebutikken.no\/en\/wp-json\/wp\/v2\/woo-feed-brand?post=9787"}],"curies":[{"name":"wp","href":"https:\/\/api.w.org\/{rel}","templated":true}]}}