{"id":972,"date":"2020-02-22T18:27:11","date_gmt":"2020-02-22T17:27:11","guid":{"rendered":"https:\/\/274105-www.web.tornado-node.net\/fugl\/product\/noah-60-knock-down-wire-black\/"},"modified":"2025-03-06T13:58:42","modified_gmt":"2025-03-06T12:58:42","slug":"noah-60-knock-down-wire-black","status":"publish","type":"product","link":"https:\/\/fuglebutikken.no\/en\/butikk\/fugl-som-hobby\/fugl\/fuglebur-og-fuglebur-tilbehor\/fugl-bur\/kanarifuglbur\/noah-60-knock-down-wire-black\/","title":{"rendered":"Savic Noah Knock Down fuglebur"},"content":{"rendered":"<h2 class=\"e-product-name h2 m-0 mr-1 pt-0 small\">Savic Noah Knock Down fuglebur<\/h2>\n<p>Noah er et veldig romslig bur. Stor inngangsd\u00f8r for enkel tilgang. Leveres med 3 sittebenker i tre og 2 matsk\u00e5ler &#8211; ideell for cockatiels. Stangeavstanden er 16 mm.<\/p>\n<p>Enkel \u00e5 montere uten bruk av verkt\u00f8y. Kan demonteres helt, for plassbesparende oppbevaring n\u00e5r den ikke er i bruk<\/p>\n<p>Flatpakkebur i hvit kartong med plakat, redusert volum ved transport.<\/p>\n<p><a href=\"https:\/\/admin.fuglebutikker.kinsta.cloud\/wp-content\/uploads\/2020\/02\/Noah-product-information-English.pdf\" target=\"_blank\" rel=\"noopener\">Noah-product-information-English<\/a><\/p>","protected":false},"excerpt":{"rendered":"<h3 class=\"e-product-name h2 m-0 mr-1 pt-0 small\">Savic Noah Knock Down fuglebur<\/h3>\n<p>Noah 60 Knock Down, wire: black er et mellomstort fuglebur som passer for alle typer fugler.<\/p>\n<ul>\n<li>80x50x70cm<\/li>\n<li>16mm distanse mellom netting<\/li>\n<li>2 mat\/vann sk\u00e5ler<\/li>\n<li>3 sittepinner<\/li>\n<\/ul>","protected":false},"featured_media":12975,"comment_status":"open","ping_status":"closed","template":"","meta":{"content-type":"","_uf_show_specific_survey":0,"_uf_disable_surveys":false,"_monsterinsights_skip_tracking":false,"_monsterinsights_sitenote_active":false,"_monsterinsights_sitenote_note":"","_monsterinsights_sitenote_category":0},"pwb-brand":[710],"product_brand":[],"product_cat":[41,1147,1650,1649,1651,1648],"product_tag":[],"woo-feed-brand":[],"class_list":{"0":"post-972","1":"product","2":"type-product","3":"status-publish","4":"has-post-thumbnail","6":"pwb-brand-savic","7":"product_cat-fugl","8":"product_cat-fugl-som-hobby","9":"product_cat-kanarifuglbur","10":"product_cat-parakittbur","11":"product_cat-sebrafinkbur","12":"product_cat-undulatbur","14":"first","15":"instock","16":"downloadable","17":"taxable","18":"shipping-taxable","19":"purchasable","20":"product-type-simple"},"exclude_global_add_ons":[],"addons":[],"brands":[{"id":710,"name":"Savic","slug":"savic"}],"_links":{"self":[{"href":"https:\/\/fuglebutikken.no\/en\/wp-json\/wp\/v2\/product\/972","targetHints":{"allow":["GET"]}}],"collection":[{"href":"https:\/\/fuglebutikken.no\/en\/wp-json\/wp\/v2\/product"}],"about":[{"href":"https:\/\/fuglebutikken.no\/en\/wp-json\/wp\/v2\/types\/product"}],"replies":[{"embeddable":true,"href":"https:\/\/fuglebutikken.no\/en\/wp-json\/wp\/v2\/comments?post=972"}],"wp:featuredmedia":[{"embeddable":true,"href":"https:\/\/fuglebutikken.no\/en\/wp-json\/wp\/v2\/media\/12975"}],"wp:attachment":[{"href":"https:\/\/fuglebutikken.no\/en\/wp-json\/wp\/v2\/media?parent=972"}],"wp:term":[{"taxonomy":"pwb-brand","embeddable":true,"href":"https:\/\/fuglebutikken.no\/en\/wp-json\/wp\/v2\/pwb-brand?post=972"},{"taxonomy":"product_brand","embeddable":true,"href":"https:\/\/fuglebutikken.no\/en\/wp-json\/wp\/v2\/product_brand?post=972"},{"taxonomy":"product_cat","embeddable":true,"href":"https:\/\/fuglebutikken.no\/en\/wp-json\/wp\/v2\/product_cat?post=972"},{"taxonomy":"product_tag","embeddable":true,"href":"https:\/\/fuglebutikken.no\/en\/wp-json\/wp\/v2\/product_tag?post=972"},{"taxonomy":"woo-feed-brand","embeddable":true,"href":"https:\/\/fuglebutikken.no\/en\/wp-json\/wp\/v2\/woo-feed-brand?post=972"}],"curies":[{"name":"wp","href":"https:\/\/api.w.org\/{rel}","templated":true}]}}