{"id":967,"date":"2020-02-22T18:27:11","date_gmt":"2020-02-22T17:27:11","guid":{"rendered":"https:\/\/274105-www.web.tornado-node.net\/fugl\/product\/fuglesand-100g\/"},"modified":"2025-11-11T14:51:13","modified_gmt":"2025-11-11T13:51:13","slug":"fuglesand-100g","status":"publish","type":"product","link":"https:\/\/fuglebutikken.no\/en\/butikk\/fugl-som-hobby\/fugl\/fuglebur-og-fuglebur-tilbehor\/bur-tilbehor\/fuglesand\/fuglesand-100g\/","title":{"rendered":"Fuglesand 150g"},"content":{"rendered":"<h2 dir=\"ltr\" data-placeholder=\"Oversettelse\">Fuglesand 150g<\/h2>\n<p>rn<\/p>\n<p id=\"tw-target-text\" class=\"tw-data-text tw-text-large XcVN5d tw-ta\" dir=\"ltr\" data-placeholder=\"Oversettelse\"><span lang=\"no\">F\u00f4rtilskudd hjelper deg med \u00e5 st\u00f8tte fuglens helse p\u00e5 mange m\u00e5ter. I tillegg til fuglekorn, fuglekull og salt eller dr\u00e5per, tilbyr vi forskjellige vitaminpreparater, ford\u00f8yelseshjelpemidler, blekkspruten eller hakkesteiner. Et sunt kosthold er et viktig grunnlag for et langt liv ogs\u00e5 for fugler. Bird&#8217;s Grit blanding av skjell, korallgener og bittesm\u00e5 kvartsstein hjelper til med \u00e5 male maten i fuglens mage.<\/span><\/p>\n<p>rn<\/p>","protected":false},"excerpt":{"rendered":"<p>Fuglesand 150g<\/p>\n<p id=\"tw-target-text\" class=\"tw-data-text tw-text-large XcVN5d tw-ta\" dir=\"ltr\" data-placeholder=\"Oversettelse\"><span lang=\"no\">Blanding av skjell, korallgener og bittesm\u00e5 kvartsstein som hjelper til med \u00e5 male maten i fuglens mage.<\/span><\/p>","protected":false},"featured_media":24046,"comment_status":"closed","ping_status":"closed","template":"","meta":{"content-type":"","_uf_show_specific_survey":0,"_uf_disable_surveys":false,"_monsterinsights_skip_tracking":false,"_monsterinsights_sitenote_active":false,"_monsterinsights_sitenote_note":"","_monsterinsights_sitenote_category":0},"pwb-brand":[653],"product_brand":[],"product_cat":[2203,41,1147,2162,102],"product_tag":[1881,1882],"woo-feed-brand":[],"class_list":{"0":"post-967","1":"product","2":"type-product","3":"status-publish","4":"has-post-thumbnail","6":"pwb-brand-trixie","7":"product_cat-bur-tilbehor","8":"product_cat-fugl","9":"product_cat-fugl-som-hobby","10":"product_cat-fuglebur-og-fuglebur-tilbehor","11":"product_cat-fuglesand","12":"product_tag-bunnstro-og-fuglesand","13":"product_tag-sand-og-skjell","15":"first","16":"instock","17":"taxable","18":"shipping-taxable","19":"purchasable","20":"product-type-simple"},"exclude_global_add_ons":[],"addons":[],"brands":[{"id":653,"name":"Trixie","slug":"trixie"}],"_links":{"self":[{"href":"https:\/\/fuglebutikken.no\/en\/wp-json\/wp\/v2\/product\/967","targetHints":{"allow":["GET"]}}],"collection":[{"href":"https:\/\/fuglebutikken.no\/en\/wp-json\/wp\/v2\/product"}],"about":[{"href":"https:\/\/fuglebutikken.no\/en\/wp-json\/wp\/v2\/types\/product"}],"replies":[{"embeddable":true,"href":"https:\/\/fuglebutikken.no\/en\/wp-json\/wp\/v2\/comments?post=967"}],"wp:featuredmedia":[{"embeddable":true,"href":"https:\/\/fuglebutikken.no\/en\/wp-json\/wp\/v2\/media\/24046"}],"wp:attachment":[{"href":"https:\/\/fuglebutikken.no\/en\/wp-json\/wp\/v2\/media?parent=967"}],"wp:term":[{"taxonomy":"pwb-brand","embeddable":true,"href":"https:\/\/fuglebutikken.no\/en\/wp-json\/wp\/v2\/pwb-brand?post=967"},{"taxonomy":"product_brand","embeddable":true,"href":"https:\/\/fuglebutikken.no\/en\/wp-json\/wp\/v2\/product_brand?post=967"},{"taxonomy":"product_cat","embeddable":true,"href":"https:\/\/fuglebutikken.no\/en\/wp-json\/wp\/v2\/product_cat?post=967"},{"taxonomy":"product_tag","embeddable":true,"href":"https:\/\/fuglebutikken.no\/en\/wp-json\/wp\/v2\/product_tag?post=967"},{"taxonomy":"woo-feed-brand","embeddable":true,"href":"https:\/\/fuglebutikken.no\/en\/wp-json\/wp\/v2\/woo-feed-brand?post=967"}],"curies":[{"name":"wp","href":"https:\/\/api.w.org\/{rel}","templated":true}]}}