{"id":9496,"date":"2023-07-08T13:27:50","date_gmt":"2023-07-08T11:27:50","guid":{"rendered":"https:\/\/fuglebutikken.no\/product\/sunny-cave-sovehule-til-hamster-mus-fugl\/"},"modified":"2025-06-08T16:27:42","modified_gmt":"2025-06-08T14:27:42","slug":"sunny-cave-sovehule-til-hamster-mus-fugl","status":"publish","type":"product","link":"https:\/\/fuglebutikken.no\/en\/butikk\/ukategorisert\/sunny-cave-sovehule-til-hamster-mus-fugl\/","title":{"rendered":"Sunny cave sovehule til hamster, mus, fugl"},"content":{"rendered":"<h2>Sunny cave sovehule til hamster, mus, fugl<\/h2>\n<p>Sunny Cave er et trygt og innbydende habitat for sm\u00e5 kj\u00e6ledyr som hamstere, mus, rotter og fugler. V\u00e5rt romslige og godt utformede hengende sovehule gir god plass for dine pelskledde eller fj\u00e6rkledde venner \u00e5 utforske og leke. Med sitt fargerike og naturlige milj\u00f8 er Sunny Cave det ideelle fristed for hamstere, mus, rotter og fugler \u00e5 trives i.<\/p>","protected":false},"excerpt":{"rendered":"<h3>Sunny cave sovehule til hamster, mus, fugl<\/h3>\n<p>Koselig hengehule for sm\u00e5dyr, ogs\u00e5 egnet for fugler som liker \u00e5 hvile i huler som f. eks conure.<\/p>","protected":false},"featured_media":12668,"comment_status":"closed","ping_status":"closed","template":"","meta":{"content-type":"","_uf_show_specific_survey":0,"_uf_disable_surveys":false,"_monsterinsights_skip_tracking":false,"_monsterinsights_sitenote_active":false,"_monsterinsights_sitenote_note":"","_monsterinsights_sitenote_category":0},"pwb-brand":[1939,653],"product_brand":[],"product_cat":[2106],"product_tag":[2012,2013],"woo-feed-brand":[],"class_list":{"0":"post-9496","1":"product","2":"type-product","3":"status-publish","4":"has-post-thumbnail","6":"pwb-brand-sunny","7":"pwb-brand-trixie","8":"product_cat-ukategorisert","9":"product_tag-hus-og-burinventar","10":"product_tag-senger-og-hengekoyer","12":"first","13":"instock","14":"taxable","15":"shipping-taxable","16":"purchasable","17":"product-type-simple"},"exclude_global_add_ons":[],"addons":[],"brands":[{"id":1939,"name":"Sunny","slug":"sunny"},{"id":653,"name":"Trixie","slug":"trixie"}],"_links":{"self":[{"href":"https:\/\/fuglebutikken.no\/en\/wp-json\/wp\/v2\/product\/9496","targetHints":{"allow":["GET"]}}],"collection":[{"href":"https:\/\/fuglebutikken.no\/en\/wp-json\/wp\/v2\/product"}],"about":[{"href":"https:\/\/fuglebutikken.no\/en\/wp-json\/wp\/v2\/types\/product"}],"replies":[{"embeddable":true,"href":"https:\/\/fuglebutikken.no\/en\/wp-json\/wp\/v2\/comments?post=9496"}],"wp:featuredmedia":[{"embeddable":true,"href":"https:\/\/fuglebutikken.no\/en\/wp-json\/wp\/v2\/media\/12668"}],"wp:attachment":[{"href":"https:\/\/fuglebutikken.no\/en\/wp-json\/wp\/v2\/media?parent=9496"}],"wp:term":[{"taxonomy":"pwb-brand","embeddable":true,"href":"https:\/\/fuglebutikken.no\/en\/wp-json\/wp\/v2\/pwb-brand?post=9496"},{"taxonomy":"product_brand","embeddable":true,"href":"https:\/\/fuglebutikken.no\/en\/wp-json\/wp\/v2\/product_brand?post=9496"},{"taxonomy":"product_cat","embeddable":true,"href":"https:\/\/fuglebutikken.no\/en\/wp-json\/wp\/v2\/product_cat?post=9496"},{"taxonomy":"product_tag","embeddable":true,"href":"https:\/\/fuglebutikken.no\/en\/wp-json\/wp\/v2\/product_tag?post=9496"},{"taxonomy":"woo-feed-brand","embeddable":true,"href":"https:\/\/fuglebutikken.no\/en\/wp-json\/wp\/v2\/woo-feed-brand?post=9496"}],"curies":[{"name":"wp","href":"https:\/\/api.w.org\/{rel}","templated":true}]}}