{"id":947,"date":"2020-02-22T18:26:34","date_gmt":"2020-02-22T17:26:34","guid":{"rendered":"https:\/\/274105-www.web.tornado-node.net\/fugl\/product\/vannautomat-14-5cm\/"},"modified":"2025-12-01T20:04:18","modified_gmt":"2025-12-01T19:04:18","slug":"vannautomat-14-5cm","status":"publish","type":"product","link":"https:\/\/fuglebutikken.no\/en\/butikk\/fugl-som-hobby\/fugl\/fuglebur-og-fuglebur-tilbehor\/bur-tilbehor\/fugleskaler-og-automater\/vannautomat-14-5cm\/","title":{"rendered":"Vannautomat 14.5cm"},"content":{"rendered":"<h2>Vannautomat 14.5cm<\/h2>\n<p>Denne praktiske vannautomaten p\u00e5 14,5 cm s\u00f8rger for at kj\u00e6ledyret ditt alltid har tilgang til friskt vann eller mat. En p\u00e5litelig l\u00f8sning som gj\u00f8r hverdagen enklere for b\u00e5de deg og ditt firbeinte familiemedlem.<\/p>\n<h3>Hovedfordeler<\/h3>\n<p>Vannautomaten fungerer som en automatisk kilde til vann eller f\u00f4r, og sikrer at kj\u00e6ledyret ditt aldri g\u00e5r tomt. Den kompakte st\u00f8rrelsen p\u00e5 14,5 cm gj\u00f8r den perfekt for mindre dyr, og den passer godt inn i de fleste hjem uten \u00e5 ta opp mye plass.<\/p>\n<h3>Design og utf\u00f8relse<\/h3>\n<p>Produktet leveres i assorterte farger &#8211; r\u00f8d, bl\u00e5 og gr\u00f8nn &#8211; slik at du kan velge den som passer best til ditt hjem og din personlige stil. Den solide konstruksjonen sikrer lang holdbarhet og p\u00e5litelig funksjon over tid.<\/p>\n<h3>Praktisk bruk<\/h3>\n<p>Vannautomaten er enkel \u00e5 fylle og vedlikeholde. Den automatiske funksjonen gj\u00f8r at du kan v\u00e6re trygg p\u00e5 at kj\u00e6ledyret ditt har tilgang til det det trenger, selv n\u00e5r du ikke er hjemme.&nbsp;<\/p>","protected":false},"excerpt":{"rendered":"<h3>Vannautomat 14.5cm<\/h3>\n<ul>\n<li>Automatisk vanndispenser som sikrer konstant tilgang p\u00e5 friskt vann<\/li>\n<li>Kompakt st\u00f8rrelse p\u00e5 14.5cm &#8211; perfekt for mindre dyr<\/li>\n<li>Kan ogs\u00e5 brukes som matdispenser for t\u00f8rrf\u00f4r<\/li>\n<li>Leveres i assorterte farger: r\u00f8d, bl\u00e5 og gr\u00f8nn<\/li>\n<li>Enkel og praktisk l\u00f8sning for kontinuerlig forsyning<\/li>\n<li>Ideell for fuglebur eller sm\u00e5gnagere<\/li>\n<\/ul>","protected":false},"featured_media":25389,"comment_status":"closed","ping_status":"closed","template":"","meta":{"content-type":"","_uf_show_specific_survey":0,"_uf_disable_surveys":false,"_monsterinsights_skip_tracking":false,"_monsterinsights_sitenote_active":false,"_monsterinsights_sitenote_note":"","_monsterinsights_sitenote_category":0},"pwb-brand":[653],"product_brand":[],"product_cat":[2203,41,1147,2162,50],"product_tag":[2163],"woo-feed-brand":[],"class_list":{"0":"post-947","1":"product","2":"type-product","3":"status-publish","4":"has-post-thumbnail","6":"pwb-brand-trixie","7":"product_cat-bur-tilbehor","8":"product_cat-fugl","9":"product_cat-fugl-som-hobby","10":"product_cat-fuglebur-og-fuglebur-tilbehor","11":"product_cat-fugleskaler-og-automater","12":"product_tag-fugleskaler-og-f-orkopper","14":"first","15":"instock","16":"taxable","17":"shipping-taxable","18":"purchasable","19":"product-type-simple"},"exclude_global_add_ons":[],"addons":[],"brands":[{"id":653,"name":"Trixie","slug":"trixie"}],"_links":{"self":[{"href":"https:\/\/fuglebutikken.no\/en\/wp-json\/wp\/v2\/product\/947","targetHints":{"allow":["GET"]}}],"collection":[{"href":"https:\/\/fuglebutikken.no\/en\/wp-json\/wp\/v2\/product"}],"about":[{"href":"https:\/\/fuglebutikken.no\/en\/wp-json\/wp\/v2\/types\/product"}],"replies":[{"embeddable":true,"href":"https:\/\/fuglebutikken.no\/en\/wp-json\/wp\/v2\/comments?post=947"}],"wp:featuredmedia":[{"embeddable":true,"href":"https:\/\/fuglebutikken.no\/en\/wp-json\/wp\/v2\/media\/25389"}],"wp:attachment":[{"href":"https:\/\/fuglebutikken.no\/en\/wp-json\/wp\/v2\/media?parent=947"}],"wp:term":[{"taxonomy":"pwb-brand","embeddable":true,"href":"https:\/\/fuglebutikken.no\/en\/wp-json\/wp\/v2\/pwb-brand?post=947"},{"taxonomy":"product_brand","embeddable":true,"href":"https:\/\/fuglebutikken.no\/en\/wp-json\/wp\/v2\/product_brand?post=947"},{"taxonomy":"product_cat","embeddable":true,"href":"https:\/\/fuglebutikken.no\/en\/wp-json\/wp\/v2\/product_cat?post=947"},{"taxonomy":"product_tag","embeddable":true,"href":"https:\/\/fuglebutikken.no\/en\/wp-json\/wp\/v2\/product_tag?post=947"},{"taxonomy":"woo-feed-brand","embeddable":true,"href":"https:\/\/fuglebutikken.no\/en\/wp-json\/wp\/v2\/woo-feed-brand?post=947"}],"curies":[{"name":"wp","href":"https:\/\/api.w.org\/{rel}","templated":true}]}}