{"id":9428,"date":"2021-12-07T14:25:37","date_gmt":"2021-12-07T13:25:37","guid":{"rendered":"https:\/\/fuglebutikken.no\/product\/fruktspyd\/"},"modified":"2025-09-01T11:29:11","modified_gmt":"2025-09-01T09:29:11","slug":"fruktspyd","status":"publish","type":"product","link":"https:\/\/fuglebutikken.no\/en\/butikk\/dyr-som-hobby\/smadyr\/burinventar\/tilbehor-til-smadyr-bur\/fruktspyd\/","title":{"rendered":"Fruktspyd"},"content":{"rendered":"<h2>Fruktspyd<\/h2>\n<p>Oppdag Trixie Fruktspyd, det perfekte tilbeh\u00f8ret for \u00e5 gi gnagerne dine en delt spennende fruktopplevelse. Dette fruktspydet lar deg enkelt henge frukt i buret, slik at de sm\u00e5 vennene dine kan nyte sunne snacks uten \u00e5 bekymre seg for at maten blir skitten fra burstr\u00f8.<\/p>\n<h3>N\u00f8kkelfordeler<\/h3>\n<p>Fruktspydet er designet for \u00e5 gj\u00f8re fruktservering til en lek. Den praktiske opphengsfunksjonen hindrer frukten i \u00e5 bli full av burstr\u00f8, noe som sikrer at gnagerne alltid f\u00e5r rene og fristende biter av frukt. I tillegg kan det hjelpe til med \u00e5 holde buret ryddig og organisert, samtidig som det gir gnagerne dine en morsom aktivitet.<\/p>\n<h3>Slik bruker du det<\/h3>\n<p>For \u00e5 bruke fruktspydet, tre fruktene du \u00f8nsker \u00e5 gi til gnagerne dine p\u00e5 spydet. N\u00e5r du er ferdig, heng spydet i buret, slik at de sm\u00e5 kan nippe til frukten n\u00e5r de \u00f8nsker det. Dette skaper ikke bare en spennende matopplevelse, men stimulerer ogs\u00e5 deres naturlige instinkter og bidrar til en aktiv livsstil.<\/p>\n<h3>Tilleggsinformasjon<\/h3>\n<p>Fruktspydet er laget av holdbare materialer, noe som sikrer langvarig bruk. Det passer for en rekke sm\u00e5dyr, slik som hamster, mus og andre gnagere. Gi gnageren din den beste fruktopplevelsen med Trixie Fruktspyd!<\/p>","protected":false},"excerpt":{"rendered":"<h3 class=\"\">Fruktspyd<\/h3>\n<ul>\n<li>Praktisk fruktspyd for gnagere.<\/li>\n<li>Heng frukten i buret for renslighet.<\/li>\n<li>Reduserer s\u00f8l av burstr\u00f8.<\/li>\n<li>Enkel \u00e5 bruke og montere.<\/li>\n<li>Perfekt for fersk frukt og gr\u00f8nnsaker.<\/li>\n<li>Stimulerer gnagerens naturlige instinkter.<\/li>\n<\/ul>","protected":false},"featured_media":21165,"comment_status":"closed","ping_status":"closed","template":"","meta":{"content-type":"","_uf_show_specific_survey":0,"_uf_disable_surveys":false,"_monsterinsights_skip_tracking":false,"_monsterinsights_sitenote_active":false,"_monsterinsights_sitenote_note":"","_monsterinsights_sitenote_category":0},"pwb-brand":[653],"product_brand":[],"product_cat":[2242,2387,1945,2388,1946],"product_tag":[2163,3015,2148],"woo-feed-brand":[],"class_list":{"0":"post-9428","1":"product","2":"type-product","3":"status-publish","4":"has-post-thumbnail","6":"pwb-brand-trixie","7":"product_cat-burinventar","8":"product_cat-tilbehor-til-smadyr-bur","9":"product_cat-dyr-som-hobby","10":"product_cat-leke-og-aktivitet","11":"product_cat-smadyr","12":"product_tag-fugleskaler-og-f-orkopper","13":"product_tag-leker-til-gnager-og-aktivitetsleker-sm-dyr","14":"product_tag-smadyrskaler","16":"first","17":"instock","18":"taxable","19":"shipping-taxable","20":"purchasable","21":"product-type-simple"},"exclude_global_add_ons":[],"addons":[],"brands":[{"id":653,"name":"Trixie","slug":"trixie"}],"_links":{"self":[{"href":"https:\/\/fuglebutikken.no\/en\/wp-json\/wp\/v2\/product\/9428","targetHints":{"allow":["GET"]}}],"collection":[{"href":"https:\/\/fuglebutikken.no\/en\/wp-json\/wp\/v2\/product"}],"about":[{"href":"https:\/\/fuglebutikken.no\/en\/wp-json\/wp\/v2\/types\/product"}],"replies":[{"embeddable":true,"href":"https:\/\/fuglebutikken.no\/en\/wp-json\/wp\/v2\/comments?post=9428"}],"wp:featuredmedia":[{"embeddable":true,"href":"https:\/\/fuglebutikken.no\/en\/wp-json\/wp\/v2\/media\/21165"}],"wp:attachment":[{"href":"https:\/\/fuglebutikken.no\/en\/wp-json\/wp\/v2\/media?parent=9428"}],"wp:term":[{"taxonomy":"pwb-brand","embeddable":true,"href":"https:\/\/fuglebutikken.no\/en\/wp-json\/wp\/v2\/pwb-brand?post=9428"},{"taxonomy":"product_brand","embeddable":true,"href":"https:\/\/fuglebutikken.no\/en\/wp-json\/wp\/v2\/product_brand?post=9428"},{"taxonomy":"product_cat","embeddable":true,"href":"https:\/\/fuglebutikken.no\/en\/wp-json\/wp\/v2\/product_cat?post=9428"},{"taxonomy":"product_tag","embeddable":true,"href":"https:\/\/fuglebutikken.no\/en\/wp-json\/wp\/v2\/product_tag?post=9428"},{"taxonomy":"woo-feed-brand","embeddable":true,"href":"https:\/\/fuglebutikken.no\/en\/wp-json\/wp\/v2\/woo-feed-brand?post=9428"}],"curies":[{"name":"wp","href":"https:\/\/api.w.org\/{rel}","templated":true}]}}