{"id":941,"date":"2020-02-22T18:26:51","date_gmt":"2020-02-22T17:26:51","guid":{"rendered":"https:\/\/274105-www.web.tornado-node.net\/fugl\/product\/badekar-kantet-transparent\/"},"modified":"2025-03-06T13:58:44","modified_gmt":"2025-03-06T12:58:44","slug":"badekar-kantet-transparent","status":"publish","type":"product","link":"https:\/\/fuglebutikken.no\/en\/butikk\/fugl-som-hobby\/fugl\/fuglebur-og-fuglebur-tilbehor\/bur-tilbehor\/fugleskaler-og-automater\/badekar-kantet-transparent\/","title":{"rendered":"Badekar kantet transparent"},"content":{"rendered":"<h2 class=\"\">Badekar kantet transparent<\/h2>\n<p><strong>Transparent Badekar til Fugler \u2013 Praktisk og Plassbesparende Bading for Fuglene Dine<\/strong><\/p>\n<p>Dette transparente badekaret er en smart l\u00f8sning for fugler som elsker \u00e5 bade. Designet for \u00e5 henges rett foran burd\u00f8ren, gir badekaret enkel tilgang for fuglene dine til \u00e5 kose seg med et forfriskende bad, samtidig som det sparer plass og holder resten av buret t\u00f8rt. Du kan enkelt velge om badekaret skal v\u00e6re tilgjengelig hele tiden eller kun n\u00e5r det passer, basert p\u00e5 fuglenes behov.<\/p>\n<p><strong>Egenskaper og Fordeler:<\/strong><\/p>\n<ul>\n<li><strong>Plassbesparende Design<\/strong>: Henges enkelt p\u00e5 burd\u00f8ren uten \u00e5 ta opp verdifull plass i buret.<\/li>\n<li><strong>Lett \u00e5 Montere og Fjerne<\/strong>: Kan raskt settes opp og fjernes, avhengig av fuglenes preferanser.<\/li>\n<li><strong>Transparent Plast<\/strong>: Gjennomsiktig design lar deg se fuglen bade og holder det lett \u00e5 overv\u00e5ke.<\/li>\n<li><strong>Tett og Sprutsikkert<\/strong>: Holder vann og sprut inne i badekaret, noe som holder resten av buret rent og t\u00f8rt.<\/li>\n<\/ul>\n<p><strong>Produktspesifikasjoner:<\/strong><\/p>\n<ul>\n<li><strong>St\u00f8rrelse<\/strong>: 13 x 13 x 13 cm<\/li>\n<li><strong>Optimal d\u00f8r\u00e5pning<\/strong>: 13,5 \u00d7 11 cm<\/li>\n<li><strong>Materiale<\/strong>: Gjennomsiktig plast<\/li>\n<\/ul>\n<p>Med dette badekaret kan fuglene dine f\u00e5 muligheten til \u00e5 bade n\u00e5r de \u00f8nsker det, og oppleve \u00f8kt trivsel og hygiene i sitt daglige milj\u00f8.<\/p>","protected":false},"excerpt":{"rendered":"<h3 class=\"\">Badekar kantet transparent<\/h3>\n<p>Badekar kantet transparent&nbsp;for fugler er et nyttig tillegg for fuglebur eller fugler. Du kan bestemme for fuglene dine om du vil gj\u00f8re badekar tilgjengelig permanent eller bare innimellom, avhengig av hva fuglene dine foretrekker. Badekaret henges ganske enkelt inn i burd\u00f8ren og kan fjernes n\u00e5r som helst. Det bruker ikke plass, og resten av buret holder seg t\u00f8rt.<\/p>\n<ul>\n<li id=\"tw-target-text\" class=\"tw-data-text tw-text-large XcVN5d tw-ta\" data-placeholder=\"Oversettelse\"><span lang=\"no\">Passer \u00e5 henge foran burd\u00f8ren<\/span><\/li>\n<li id=\"tw-target-text\" class=\"tw-data-text tw-text-large XcVN5d tw-ta\" data-placeholder=\"Oversettelse\">St\u00f8rrelse 13x13x13 cm<span lang=\"no\"><\/span><\/li>\n<li class=\"tw-data-text tw-text-large XcVN5d tw-ta\" data-placeholder=\"Oversettelse\"><span lang=\"no\">Optimal d\u00f8r\u00e5pning: 13,5 \u00d7 11 cm<\/span><\/li>\n<li class=\"tw-data-text tw-text-large XcVN5d tw-ta\" data-placeholder=\"Oversettelse\"><span lang=\"no\">Gjennomsiktig plast<\/span><\/li>\n<\/ul>\n<div class=\"jhH5U\">\n<div>\n<div><\/div>\n<\/div>\n<\/div>","protected":false},"featured_media":12954,"comment_status":"closed","ping_status":"closed","template":"","meta":{"content-type":"","_uf_show_specific_survey":0,"_uf_disable_surveys":false,"_monsterinsights_skip_tracking":false,"_monsterinsights_sitenote_active":false,"_monsterinsights_sitenote_note":"","_monsterinsights_sitenote_category":0},"pwb-brand":[653],"product_brand":[],"product_cat":[41,1147,2162,2164,50],"product_tag":[1343],"woo-feed-brand":[],"class_list":{"0":"post-941","1":"product","2":"type-product","3":"status-publish","4":"has-post-thumbnail","6":"pwb-brand-trixie","7":"product_cat-fugl","8":"product_cat-fugl-som-hobby","9":"product_cat-fuglebur-og-fuglebur-tilbehor","10":"product_cat-fugleleker-og-aktivitet","11":"product_cat-fugleskaler-og-automater","12":"product_tag-fuglebadekar","14":"first","15":"instock","16":"taxable","17":"shipping-taxable","18":"purchasable","19":"product-type-simple"},"exclude_global_add_ons":[],"addons":[],"brands":[{"id":653,"name":"Trixie","slug":"trixie"}],"_links":{"self":[{"href":"https:\/\/fuglebutikken.no\/en\/wp-json\/wp\/v2\/product\/941","targetHints":{"allow":["GET"]}}],"collection":[{"href":"https:\/\/fuglebutikken.no\/en\/wp-json\/wp\/v2\/product"}],"about":[{"href":"https:\/\/fuglebutikken.no\/en\/wp-json\/wp\/v2\/types\/product"}],"replies":[{"embeddable":true,"href":"https:\/\/fuglebutikken.no\/en\/wp-json\/wp\/v2\/comments?post=941"}],"wp:featuredmedia":[{"embeddable":true,"href":"https:\/\/fuglebutikken.no\/en\/wp-json\/wp\/v2\/media\/12954"}],"wp:attachment":[{"href":"https:\/\/fuglebutikken.no\/en\/wp-json\/wp\/v2\/media?parent=941"}],"wp:term":[{"taxonomy":"pwb-brand","embeddable":true,"href":"https:\/\/fuglebutikken.no\/en\/wp-json\/wp\/v2\/pwb-brand?post=941"},{"taxonomy":"product_brand","embeddable":true,"href":"https:\/\/fuglebutikken.no\/en\/wp-json\/wp\/v2\/product_brand?post=941"},{"taxonomy":"product_cat","embeddable":true,"href":"https:\/\/fuglebutikken.no\/en\/wp-json\/wp\/v2\/product_cat?post=941"},{"taxonomy":"product_tag","embeddable":true,"href":"https:\/\/fuglebutikken.no\/en\/wp-json\/wp\/v2\/product_tag?post=941"},{"taxonomy":"woo-feed-brand","embeddable":true,"href":"https:\/\/fuglebutikken.no\/en\/wp-json\/wp\/v2\/woo-feed-brand?post=941"}],"curies":[{"name":"wp","href":"https:\/\/api.w.org\/{rel}","templated":true}]}}