{"id":9203,"date":"2022-12-17T11:58:53","date_gmt":"2022-12-17T10:58:53","guid":{"rendered":"https:\/\/fuglebutikken.no\/product\/mineralsten-i-kruka350gr-8-h6cm\/"},"modified":"2025-11-11T13:44:14","modified_gmt":"2025-11-11T12:44:14","slug":"mineralsten-i-kruka350gr-8-h6cm","status":"publish","type":"product","link":"https:\/\/fuglebutikken.no\/en\/butikk\/fugl-som-hobby\/fugl\/spise\/fuglevitaminer-og-mineraler\/mineralsten-i-kruka350gr-8-h6cm\/","title":{"rendered":"Mineralstein i krukke 350g"},"content":{"rendered":"<h2>Mineralstein i krukke 350g<\/h2>\n<p>Oppdag den perfekte l\u00f8sningen for \u00e5 styrke fuglenes helse med v\u00e5r Mineralstein i krukke. Denne mineralsteinen er rik p\u00e5 essensielle sporstoffer og jod, noe som gj\u00f8r den n\u00f8dvendig for en god ford\u00f8yelse og dannelse av sterke bein.<\/p>\n<h3>N\u00f8kkelfordeler<\/h3>\n<p>Mineralstenen er utviklet for \u00e5 m\u00f8te behovene til alle fuglearter. Den er fullpakket med naturlige mineraler som er avgj\u00f8rende for fuglenes velv\u00e6re. Med h\u00f8y r\u00e5askeinnhold og spesifikke niv\u00e5er av kalsium og fosfor gir den optimal st\u00f8tte for deres helse og utvikling.<\/p>\n<h3>Ingredienser og sammensetning<\/h3>\n<p>Sammensetningen av mineralstein inkluderer: <br \/>\nR\u00e5aske: 95% <br \/>\nKalsium: 25% <br \/>\nFosfor: 1,50% <br \/>\nNatrium: 7,50%<\/p>\n<h3>Bruk og lagring<\/h3>\n<p>Mineralstenen kan enkelt plasseres i fugleburet eller i hagen. Den vil tiltrekke seg fugler som trenger ekstra mineraler, og s\u00f8rger for at de f\u00e5r det de trenger for \u00e5 trives. Oppbevar produktet p\u00e5 et t\u00f8rt sted, unna direkte sollys for \u00e5 bevare kvaliteten.<\/p>","protected":false},"excerpt":{"rendered":"<h3 class=\"\">Mineralstein i krukke 350g<\/h3>\n<ul>\n<li>Mineralstein for alle fuglearter<\/li>\n<li>Rik p\u00e5 sporstoffer og jod<\/li>\n<li>N\u00f8dvendig for god ford\u00f8yelse<\/li>\n<li>St\u00f8tter dannelse av sterke bein<\/li>\n<\/ul>","protected":false},"featured_media":23792,"comment_status":"open","ping_status":"closed","template":"","meta":{"content-type":"","_uf_show_specific_survey":0,"_uf_disable_surveys":false,"_monsterinsights_skip_tracking":false,"_monsterinsights_sitenote_active":false,"_monsterinsights_sitenote_note":"","_monsterinsights_sitenote_category":0},"pwb-brand":[1353,673],"product_brand":[],"product_cat":[41,1147,78],"product_tag":[1993,1911],"woo-feed-brand":[],"class_list":{"0":"post-9203","1":"product","2":"type-product","3":"status-publish","4":"has-post-thumbnail","6":"pwb-brand-orlux","7":"pwb-brand-versele-laga","8":"product_cat-fugl","9":"product_cat-fugl-som-hobby","10":"product_cat-fuglevitaminer-og-mineraler","11":"product_tag-kosttilskudd-og-vitaminer-for-fugl","12":"product_tag-sepiaskall-og-mineralstener","14":"first","15":"instock","16":"taxable","17":"shipping-taxable","18":"purchasable","19":"product-type-simple"},"exclude_global_add_ons":[],"addons":[],"brands":[{"id":1353,"name":"Orlux","slug":"orlux"},{"id":673,"name":"Versele-Laga","slug":"versele-laga"}],"_links":{"self":[{"href":"https:\/\/fuglebutikken.no\/en\/wp-json\/wp\/v2\/product\/9203","targetHints":{"allow":["GET"]}}],"collection":[{"href":"https:\/\/fuglebutikken.no\/en\/wp-json\/wp\/v2\/product"}],"about":[{"href":"https:\/\/fuglebutikken.no\/en\/wp-json\/wp\/v2\/types\/product"}],"replies":[{"embeddable":true,"href":"https:\/\/fuglebutikken.no\/en\/wp-json\/wp\/v2\/comments?post=9203"}],"wp:featuredmedia":[{"embeddable":true,"href":"https:\/\/fuglebutikken.no\/en\/wp-json\/wp\/v2\/media\/23792"}],"wp:attachment":[{"href":"https:\/\/fuglebutikken.no\/en\/wp-json\/wp\/v2\/media?parent=9203"}],"wp:term":[{"taxonomy":"pwb-brand","embeddable":true,"href":"https:\/\/fuglebutikken.no\/en\/wp-json\/wp\/v2\/pwb-brand?post=9203"},{"taxonomy":"product_brand","embeddable":true,"href":"https:\/\/fuglebutikken.no\/en\/wp-json\/wp\/v2\/product_brand?post=9203"},{"taxonomy":"product_cat","embeddable":true,"href":"https:\/\/fuglebutikken.no\/en\/wp-json\/wp\/v2\/product_cat?post=9203"},{"taxonomy":"product_tag","embeddable":true,"href":"https:\/\/fuglebutikken.no\/en\/wp-json\/wp\/v2\/product_tag?post=9203"},{"taxonomy":"woo-feed-brand","embeddable":true,"href":"https:\/\/fuglebutikken.no\/en\/wp-json\/wp\/v2\/woo-feed-brand?post=9203"}],"curies":[{"name":"wp","href":"https:\/\/api.w.org\/{rel}","templated":true}]}}