{"id":9130,"date":"2022-12-17T11:58:34","date_gmt":"2022-12-17T10:58:34","guid":{"rendered":"https:\/\/fuglebutikken.no\/product\/puresun-fgellampa-30cm-8-w-2-4uvb-12uva\/"},"modified":"2026-03-28T10:31:21","modified_gmt":"2026-03-28T09:31:21","slug":"puresun-fgellampa-30cm-8-w-2-4uvb-12uva","status":"publish","type":"product","link":"https:\/\/fuglebutikken.no\/en\/butikk\/fugl-som-hobby\/fugl\/lys-varme-fugl\/lysror-fugl\/puresun-fgellampa-30cm-8-w-2-4uvb-12uva\/","title":{"rendered":"Puresun fuglelysr\u00f8r 30cm 8W 2.4%UVB 12%UVA"},"content":{"rendered":"<h2>Puresun fuglelysr\u00f8r 30cm 8W 2.4%UVB 12%UVA<\/h2>\n<p>PureSun Fuglep\u00e6re 30cm 8W 2,4%UVB 12%UVA. Passer til Arcadia PureSun fuglelampe kit mini.<\/p>\n<p>Lengde: 30cm<\/p>\n<p>8W<\/p>\n<p>2,4%UVB<\/p>\n<p>12%UVA<\/p>","protected":false},"excerpt":{"rendered":"<h3>Puresun fuglelysr\u00f8r 30cm 8W 2.4%UVB 12%UVA<\/h3>\n<p>Fuglelysr\u00f8r Arcadia 2.4UVB 12UVA.<\/p>\n<p>UV-lys g\u00e5r h\u00e5nd i h\u00e5nd med fuglers helse og har blant annet en positiv effekt p\u00e5 fuglenes syn.<\/p>\n<p>Ved \u00e5 tilf\u00f8re UV-lys til fuglene dine trigges deres naturlige atferd som f.eks. hekking.<\/p>\n<p>Arcadias lysr\u00f8r, til forskjell fra vanlige lysr\u00f8r, benytter fosfor for \u00e5 gjenskape effekten av UV-lys fra sollys, der 12 % kommer som UV-A og 2,4 % som UV-B.<\/p>\n<p>\u2013 Tilf\u00f8rer livsn\u00f8dvendige D3-vitaminer.<\/p>\n<p>Arcadia Light for Life er utviklet for \u00e5 gi fugler og andre dyr en kunstig kilde til UV-lys, noe som er kritisk for mange av v\u00e5re kj\u00e6ledyrs velbefinnende.<\/p>","protected":false},"featured_media":28130,"comment_status":"open","ping_status":"closed","template":"","meta":{"content-type":"","_uf_show_specific_survey":0,"_uf_disable_surveys":false,"_monsterinsights_skip_tracking":false,"_monsterinsights_sitenote_active":false,"_monsterinsights_sitenote_note":"","_monsterinsights_sitenote_category":0},"pwb-brand":[651],"product_brand":[],"product_cat":[41,1147,2200,1879],"product_tag":[2071],"woo-feed-brand":[],"class_list":{"0":"post-9130","1":"product","2":"type-product","3":"status-publish","4":"has-post-thumbnail","6":"pwb-brand-arcadia","7":"product_cat-fugl","8":"product_cat-fugl-som-hobby","9":"product_cat-lys-varme-fugl","10":"product_cat-lysror-fugl","11":"product_tag-lysror-fugl","13":"first","14":"instock","15":"taxable","16":"shipping-taxable","17":"purchasable","18":"product-type-simple"},"exclude_global_add_ons":[],"addons":[],"brands":[{"id":651,"name":"Arcadia","slug":"arcadia"}],"_links":{"self":[{"href":"https:\/\/fuglebutikken.no\/en\/wp-json\/wp\/v2\/product\/9130","targetHints":{"allow":["GET"]}}],"collection":[{"href":"https:\/\/fuglebutikken.no\/en\/wp-json\/wp\/v2\/product"}],"about":[{"href":"https:\/\/fuglebutikken.no\/en\/wp-json\/wp\/v2\/types\/product"}],"replies":[{"embeddable":true,"href":"https:\/\/fuglebutikken.no\/en\/wp-json\/wp\/v2\/comments?post=9130"}],"wp:featuredmedia":[{"embeddable":true,"href":"https:\/\/fuglebutikken.no\/en\/wp-json\/wp\/v2\/media\/28130"}],"wp:attachment":[{"href":"https:\/\/fuglebutikken.no\/en\/wp-json\/wp\/v2\/media?parent=9130"}],"wp:term":[{"taxonomy":"pwb-brand","embeddable":true,"href":"https:\/\/fuglebutikken.no\/en\/wp-json\/wp\/v2\/pwb-brand?post=9130"},{"taxonomy":"product_brand","embeddable":true,"href":"https:\/\/fuglebutikken.no\/en\/wp-json\/wp\/v2\/product_brand?post=9130"},{"taxonomy":"product_cat","embeddable":true,"href":"https:\/\/fuglebutikken.no\/en\/wp-json\/wp\/v2\/product_cat?post=9130"},{"taxonomy":"product_tag","embeddable":true,"href":"https:\/\/fuglebutikken.no\/en\/wp-json\/wp\/v2\/product_tag?post=9130"},{"taxonomy":"woo-feed-brand","embeddable":true,"href":"https:\/\/fuglebutikken.no\/en\/wp-json\/wp\/v2\/woo-feed-brand?post=9130"}],"curies":[{"name":"wp","href":"https:\/\/api.w.org\/{rel}","templated":true}]}}