{"id":9124,"date":"2022-12-17T11:58:34","date_gmt":"2022-12-17T10:58:34","guid":{"rendered":"https:\/\/fuglebutikken.no\/product\/arcadia-puresun-mini-kit\/"},"modified":"2026-02-23T15:19:24","modified_gmt":"2026-02-23T14:19:24","slug":"arcadia-puresun-mini-kit","status":"publish","type":"product","link":"https:\/\/fuglebutikken.no\/en\/butikk\/fugl-som-hobby\/fugl\/lys-varme-fugl\/lys-varme-paerer-fugl\/arcadia-puresun-mini-kit\/","title":{"rendered":"Arcadia Puresun mini kit"},"content":{"rendered":"<h2>Arcadia Puresun mini kit, fuglelampe<\/h2>\n<p><img decoding=\"async\" class=\"aligncenter wp-image-90180 size-full\" src=\"https:\/\/hundinorge.no\/wp-content\/uploads\/2022\/12\/Arcadia-Puresun-mini-kit.....png\" alt=\"Arcadia Puresun mini kit\" width=\"1400\" height=\"600\"><\/p>\n<p>Fugler bruker solens energi for \u00e5 varme, se verden i farger og for \u00e5 kunne lage sitt eget essensielle vitamin D3. \u00c5 ha optimale niv\u00e5er av vitamin D3 i kroppen vil bidra til \u00e5 holde kj\u00e6ledyrfuglen ved god helse. Vitamin D3, laget i kroppen etter eksponering for UV-B, gj\u00f8r det ogs\u00e5 mulig for en fugl \u00e5 assimilere, lagre og bruke essensielle mineraler som kalsium.<\/p>\n<p>\u00c5 ha tilgang til naturlig D3 vil ikke bare bidra til \u00e5 beskytte fuglens hjerne-, organ- og muskelfunksjon, men det vil ogs\u00e5 bidra til \u00e5 \u00f8ke bentettheten betydelig, forbedre eggkvaliteten, redusere &#8220;soft-shell&#8221;, forbedre reproduksjonen og opprettholde fj\u00e6rtilstanden.<\/p>\n<p>Fugler bruker ogs\u00e5 sollys for \u00e5 &#8220;aktivere&#8221; naturlig fargesyn. Arcadia Bird Lamp inneholder riktig balanse av UV-A som muliggj\u00f8r dette. UV-A er ogs\u00e5 viktig innenfor de naturlige UV-B til D3-syklusene hvor det spiller en viktig rolle i den naturlige selvreguleringen av D3-produksjonen.<\/p>\n<p><iframe title=\"NEW, PureSun-Mini Full-Spectrum +UV-B lighting for Birds. Professinal Avian Lighting from Arcadia.\" width=\"800\" height=\"450\" src=\"https:\/\/www.youtube.com\/embed\/1P6tuRR5jF0?feature=oembed\" frameborder=\"0\" allow=\"accelerometer; autoplay; clipboard-write; encrypted-media; gyroscope; picture-in-picture; web-share\" referrerpolicy=\"strict-origin-when-cross-origin\" allowfullscreen><\/iframe><\/p>\n<p>MERK: Denne lyskilden har h\u00f8y UV-str\u00e5ling &gt;2 mW\/klm og er kun godkjent for bruk i terrarium- eller fuglebelysning.<\/p>","protected":false},"excerpt":{"rendered":"<h3>Arcadia Puresun mini kit, fuglelampe<\/h3>\n<ul>\n<li style=\"list-style-type: none\">\n<ul>\n<li>Fullspektrum fuglelys UVA + UV-B<\/li>\n<li>Minisett \u2013 enkelt \u00e5 montere direkte p\u00e5 buret.<\/li>\n<li>Trygg, effektiv og enkel \u00e5 bruke<\/li>\n<li>2,4 % UVB og 12 % UVA er optimalt for fugler.<\/li>\n<li>Forbedrer f\u00f4rings- og avlsatferd, bedre reproduksjon<\/li>\n<li>Inspirerer til sang i sangfugler<\/li>\n<li>N\u00e5r bare det beste er godt nok for fuglen din.<\/li>\n<li>31cm 8 W<\/li>\n<\/ul>\n<\/li>\n<\/ul>\n<p>Komplett sett inkluderer:<br \/>\nLysarmatur<br \/>\nReflektor<br \/>\nT5 fuglelampe<br \/>\nAkryl brakett<\/p>","protected":false},"featured_media":27524,"comment_status":"open","ping_status":"closed","template":"","meta":{"content-type":"","_uf_show_specific_survey":0,"_uf_disable_surveys":false,"_monsterinsights_skip_tracking":false,"_monsterinsights_sitenote_active":false,"_monsterinsights_sitenote_note":"","_monsterinsights_sitenote_category":0},"pwb-brand":[651],"product_brand":[],"product_cat":[41,1147,2200,1801,1879],"product_tag":[1880,2071],"woo-feed-brand":[],"class_list":{"0":"post-9124","1":"product","2":"type-product","3":"status-publish","4":"has-post-thumbnail","6":"pwb-brand-arcadia","7":"product_cat-fugl","8":"product_cat-fugl-som-hobby","9":"product_cat-lys-varme-fugl","10":"product_cat-lys-varme-paerer-fugl","11":"product_cat-lysror-fugl","12":"product_tag-lampe","13":"product_tag-lysror-fugl","15":"first","16":"outofstock","17":"taxable","18":"shipping-taxable","19":"purchasable","20":"product-type-simple"},"exclude_global_add_ons":[],"addons":[],"brands":[{"id":651,"name":"Arcadia","slug":"arcadia"}],"_links":{"self":[{"href":"https:\/\/fuglebutikken.no\/en\/wp-json\/wp\/v2\/product\/9124","targetHints":{"allow":["GET"]}}],"collection":[{"href":"https:\/\/fuglebutikken.no\/en\/wp-json\/wp\/v2\/product"}],"about":[{"href":"https:\/\/fuglebutikken.no\/en\/wp-json\/wp\/v2\/types\/product"}],"replies":[{"embeddable":true,"href":"https:\/\/fuglebutikken.no\/en\/wp-json\/wp\/v2\/comments?post=9124"}],"wp:featuredmedia":[{"embeddable":true,"href":"https:\/\/fuglebutikken.no\/en\/wp-json\/wp\/v2\/media\/27524"}],"wp:attachment":[{"href":"https:\/\/fuglebutikken.no\/en\/wp-json\/wp\/v2\/media?parent=9124"}],"wp:term":[{"taxonomy":"pwb-brand","embeddable":true,"href":"https:\/\/fuglebutikken.no\/en\/wp-json\/wp\/v2\/pwb-brand?post=9124"},{"taxonomy":"product_brand","embeddable":true,"href":"https:\/\/fuglebutikken.no\/en\/wp-json\/wp\/v2\/product_brand?post=9124"},{"taxonomy":"product_cat","embeddable":true,"href":"https:\/\/fuglebutikken.no\/en\/wp-json\/wp\/v2\/product_cat?post=9124"},{"taxonomy":"product_tag","embeddable":true,"href":"https:\/\/fuglebutikken.no\/en\/wp-json\/wp\/v2\/product_tag?post=9124"},{"taxonomy":"woo-feed-brand","embeddable":true,"href":"https:\/\/fuglebutikken.no\/en\/wp-json\/wp\/v2\/woo-feed-brand?post=9124"}],"curies":[{"name":"wp","href":"https:\/\/api.w.org\/{rel}","templated":true}]}}