{"id":9095,"date":"2022-10-31T11:32:08","date_gmt":"2022-10-31T10:32:08","guid":{"rendered":"https:\/\/fuglebutikken.no\/product\/fugleleke-sjogress-huske\/"},"modified":"2025-12-01T17:18:26","modified_gmt":"2025-12-01T16:18:26","slug":"fugleleke-sjogress-huske","status":"publish","type":"product","link":"https:\/\/fuglebutikken.no\/en\/butikk\/fugl-som-hobby\/fugl\/fuglebur-og-fuglebur-tilbehor\/fugleleker-og-aktivitet\/fugleleke-sjogress-huske\/","title":{"rendered":"Fugleleke sj\u00f8gress huske"},"content":{"rendered":"<h2>Fugleleke sj\u00f8gress huske<\/h2>\n<p>Denne naturlige fugleleken gir dine fj\u00e6rkledde venner timevis av underholdning og fysisk aktivitet. Laget av milj\u00f8vennlig sj\u00f8gress og tre, er denne husken perfekt for \u00e5 holde fugler aktive og engasjerte i sitt milj\u00f8.<\/p>\n<h3>Naturlige materialer og sikker moro<\/h3>\n<p>Husken er konstruert av h\u00f8ykvalitets sj\u00f8gress og tre, som gir en trygg og naturlig lekeopplevelse for fuglene dine. Materialene er ikke bare milj\u00f8vennlige, men ogs\u00e5 trygge for fugler \u00e5 gnage p\u00e5 og utforske. Produktet er anbefalt av World Bird Park Walsrode, noe som bekrefter dens kvalitet og egnethet for fugler.<\/p>\n<h3>Allsidig bruk<\/h3>\n<p>Med sine kompakte dimensjoner p\u00e5 19\u00d719 cm passer denne husken perfekt inn i de fleste bur. Den er ikke bare ideell for fugler, men ogs\u00e5 egnet for sm\u00e5 gnagere som hamster og mus, noe som gj\u00f8r den til en allsidig leke for flere typer kj\u00e6ledyr.<\/p>\n<h3>Stimulering og aktivitet<\/h3>\n<p>Husken oppmuntrer til naturlig atferd som klatring, balansering og lek, noe som er essensielt for fuglenes fysiske og mentale helse. Den gir fuglene en trygg plass \u00e5 hvile samtidig som den stimulerer deres naturlige instinkter for bevegelse og utforskning.<\/p>","protected":false},"excerpt":{"rendered":"<h3>Fugleleke sj\u00f8gress huske<\/h3>\n<ul>\n<li>sj\u00f8gress og tre<\/li>\n<li>anbefalt av World Bird Park Walsrode<\/li>\n<li>ogs\u00e5 egnet for sm\u00e5 gnagere som hamster og mus<\/li>\n<li>19\u00d719 xm<\/li>\n<\/ul>","protected":false},"featured_media":25246,"comment_status":"closed","ping_status":"closed","template":"","meta":{"content-type":"","_uf_show_specific_survey":0,"_uf_disable_surveys":false,"_monsterinsights_skip_tracking":false,"_monsterinsights_sitenote_active":false,"_monsterinsights_sitenote_note":"","_monsterinsights_sitenote_category":0},"pwb-brand":[653],"product_brand":[],"product_cat":[41,1147,2162,2164],"product_tag":[1873,1874],"woo-feed-brand":[],"class_list":{"0":"post-9095","1":"product","2":"type-product","3":"status-publish","4":"has-post-thumbnail","6":"pwb-brand-trixie","7":"product_cat-fugl","8":"product_cat-fugl-som-hobby","9":"product_cat-fuglebur-og-fuglebur-tilbehor","10":"product_cat-fugleleker-og-aktivitet","11":"product_tag-fugleleker","12":"product_tag-leketoy-i-naturmateriale","14":"first","15":"instock","16":"taxable","17":"shipping-taxable","18":"purchasable","19":"product-type-simple"},"exclude_global_add_ons":[],"addons":[],"brands":[{"id":653,"name":"Trixie","slug":"trixie"}],"_links":{"self":[{"href":"https:\/\/fuglebutikken.no\/en\/wp-json\/wp\/v2\/product\/9095","targetHints":{"allow":["GET"]}}],"collection":[{"href":"https:\/\/fuglebutikken.no\/en\/wp-json\/wp\/v2\/product"}],"about":[{"href":"https:\/\/fuglebutikken.no\/en\/wp-json\/wp\/v2\/types\/product"}],"replies":[{"embeddable":true,"href":"https:\/\/fuglebutikken.no\/en\/wp-json\/wp\/v2\/comments?post=9095"}],"wp:featuredmedia":[{"embeddable":true,"href":"https:\/\/fuglebutikken.no\/en\/wp-json\/wp\/v2\/media\/25246"}],"wp:attachment":[{"href":"https:\/\/fuglebutikken.no\/en\/wp-json\/wp\/v2\/media?parent=9095"}],"wp:term":[{"taxonomy":"pwb-brand","embeddable":true,"href":"https:\/\/fuglebutikken.no\/en\/wp-json\/wp\/v2\/pwb-brand?post=9095"},{"taxonomy":"product_brand","embeddable":true,"href":"https:\/\/fuglebutikken.no\/en\/wp-json\/wp\/v2\/product_brand?post=9095"},{"taxonomy":"product_cat","embeddable":true,"href":"https:\/\/fuglebutikken.no\/en\/wp-json\/wp\/v2\/product_cat?post=9095"},{"taxonomy":"product_tag","embeddable":true,"href":"https:\/\/fuglebutikken.no\/en\/wp-json\/wp\/v2\/product_tag?post=9095"},{"taxonomy":"woo-feed-brand","embeddable":true,"href":"https:\/\/fuglebutikken.no\/en\/wp-json\/wp\/v2\/woo-feed-brand?post=9095"}],"curies":[{"name":"wp","href":"https:\/\/api.w.org\/{rel}","templated":true}]}}