{"id":88,"date":"2020-02-22T18:08:56","date_gmt":"2020-02-22T17:08:56","guid":{"rendered":"https:\/\/274105-www.web.tornado-node.net\/fugl\/product\/gd-undulatbur-space-vit-svart-120x59x100cm\/"},"modified":"2024-11-03T17:17:47","modified_gmt":"2024-11-03T16:17:47","slug":"gd-undulatbur-space-vit","status":"publish","type":"product","link":"https:\/\/fuglebutikken.no\/en\/butikk\/fugl-som-hobby\/fugl\/fuglebur-og-fuglebur-tilbehor\/fugl-bur\/parakittbur\/gd-undulatbur-space-vit\/","title":{"rendered":"Gd undulatbur space vit-svart 120x59x100cm"},"content":{"rendered":"<h2>Gd undulatbur space vit-svart 120x59x100cm<\/h2>","protected":false},"excerpt":{"rendered":"<h3>Gd undulatbur space vit-svart 120x59x100cm<\/h3>\n<p>Gd undulatbur space vit\/svart 120x59x100cm er et stort fuglebur som passer til undulater og andre parakitter.<\/p>\n<p><img decoding=\"async\" class=\"alignleft size-full wp-image-59452\" src=\"https:\/\/admin.fuglebutikker.kinsta.cloud\/wp-content\/uploads\/2020\/02\/Palle-frakt-2.png\" alt=\"\" width=\"90\" height=\"90\">Buret er for stort til \u00e5 sendes som vanlig Mypack, velg: Hjemlevering store produkter som fraktmetode<br \/>\neller hent i v\u00e5r butikk p\u00e5 Lade Arena i Trondheim, velg: Lokal henting p\u00e5 Lade Arena, Trondheim (gratis)<\/p>","protected":false},"featured_media":13275,"comment_status":"closed","ping_status":"closed","template":"","meta":{"content-type":"","_uf_show_specific_survey":0,"_uf_disable_surveys":false,"_monsterinsights_skip_tracking":false,"_monsterinsights_sitenote_active":false,"_monsterinsights_sitenote_note":"","_monsterinsights_sitenote_category":0},"pwb-brand":[662],"product_brand":[],"product_cat":[41,1147,1649,1648],"product_tag":[96],"woo-feed-brand":[],"class_list":{"0":"post-88","1":"product","2":"type-product","3":"status-publish","4":"has-post-thumbnail","6":"pwb-brand-gd","7":"product_cat-fugl","8":"product_cat-fugl-som-hobby","9":"product_cat-parakittbur","10":"product_cat-undulatbur","11":"product_tag-undulat","13":"first","14":"outofstock","15":"taxable","16":"shipping-taxable","17":"purchasable","18":"product-type-simple"},"exclude_global_add_ons":[],"addons":[],"brands":[{"id":662,"name":"GD","slug":"gd"}],"_links":{"self":[{"href":"https:\/\/fuglebutikken.no\/en\/wp-json\/wp\/v2\/product\/88","targetHints":{"allow":["GET"]}}],"collection":[{"href":"https:\/\/fuglebutikken.no\/en\/wp-json\/wp\/v2\/product"}],"about":[{"href":"https:\/\/fuglebutikken.no\/en\/wp-json\/wp\/v2\/types\/product"}],"replies":[{"embeddable":true,"href":"https:\/\/fuglebutikken.no\/en\/wp-json\/wp\/v2\/comments?post=88"}],"wp:featuredmedia":[{"embeddable":true,"href":"https:\/\/fuglebutikken.no\/en\/wp-json\/wp\/v2\/media\/13275"}],"wp:attachment":[{"href":"https:\/\/fuglebutikken.no\/en\/wp-json\/wp\/v2\/media?parent=88"}],"wp:term":[{"taxonomy":"pwb-brand","embeddable":true,"href":"https:\/\/fuglebutikken.no\/en\/wp-json\/wp\/v2\/pwb-brand?post=88"},{"taxonomy":"product_brand","embeddable":true,"href":"https:\/\/fuglebutikken.no\/en\/wp-json\/wp\/v2\/product_brand?post=88"},{"taxonomy":"product_cat","embeddable":true,"href":"https:\/\/fuglebutikken.no\/en\/wp-json\/wp\/v2\/product_cat?post=88"},{"taxonomy":"product_tag","embeddable":true,"href":"https:\/\/fuglebutikken.no\/en\/wp-json\/wp\/v2\/product_tag?post=88"},{"taxonomy":"woo-feed-brand","embeddable":true,"href":"https:\/\/fuglebutikken.no\/en\/wp-json\/wp\/v2\/woo-feed-brand?post=88"}],"curies":[{"name":"wp","href":"https:\/\/api.w.org\/{rel}","templated":true}]}}