{"id":8772,"date":"2022-09-22T13:13:37","date_gmt":"2022-09-22T11:13:37","guid":{"rendered":"https:\/\/fuglebutikken.no\/butikk\/ukategorisert\/melorm-500g\/"},"modified":"2026-04-11T10:28:10","modified_gmt":"2026-04-11T08:28:10","slug":"melorm-500g","status":"publish","type":"product","link":"https:\/\/fuglebutikken.no\/en\/butikk\/ukategorisert\/melorm-500g\/","title":{"rendered":"Melorm 500g"},"content":{"rendered":"<h2>Melorm 500g<\/h2>\n<p>Melorm sendes for kj\u00f8pers egen risiko og regning, dette er s\u00e6rlig aktuelt ved lave temperaturer. Man m\u00e5 ta hensyn til at transportenveien kan v\u00e6re kaldere enn mottaksstedet. Fra v\u00e5r side gj\u00f8r vi v\u00e5rt ytterste for \u00e5 pakke de slik at de kommer frem i live, ved \u00e5 isolerer godt rundt esken, vi legger ogs\u00e5 varmepose til(p\u00e5 den kaldeste \u00e5rstiden).<\/p>","protected":false},"excerpt":{"rendered":"<h3>Melorm 500g<\/p>\n<h4 class=\"\"><b>Fra 27. november til april sender vi ikke melormer pga kulde.<br \/><\/b><b><br \/>\nKun lokal henting p\u00e5 Lade i Trondheim<\/b><\/h4>\n<\/h3>\n<p>Levende melorm 500g, leveres i eske.<\/p>\n<p>Melorm brukes som f\u00f2r til taranteller, skorpioner, reptiler og andre dyr og mennesker som liker insekter som mat og proteinkilde.<br \/>\nMelorm og innsekter er det tillatt \u00e5 sende og vi f\u00e5r p\u00e5fyll av nye melorm p\u00e5 tirsdager, sendes derfor ut tirsdager eller onsdager.<\/p>\n<p>Pakkes etter klima.<\/p>\n<p>Bestilles p\u00e5 eget ansvar, da det kan forekomme at de d\u00f8r under transport. Transporttid kan variere. Om du \u00f8nsker hurtigs mulig transporttid velg DHL Express.<\/p>","protected":false},"featured_media":28421,"comment_status":"closed","ping_status":"closed","template":"","meta":{"content-type":"","_uf_show_specific_survey":0,"_uf_disable_surveys":false,"_monsterinsights_skip_tracking":false,"_monsterinsights_sitenote_active":false,"_monsterinsights_sitenote_note":"","_monsterinsights_sitenote_category":0},"pwb-brand":[759],"product_brand":[],"product_cat":[2106],"product_tag":[1460],"woo-feed-brand":[],"class_list":{"0":"post-8772","1":"product","2":"type-product","3":"status-publish","4":"has-post-thumbnail","6":"pwb-brand-ozami","7":"product_cat-ukategorisert","8":"product_tag-melorm","10":"first","11":"outofstock","12":"taxable","13":"shipping-taxable","14":"purchasable","15":"product-type-simple"},"exclude_global_add_ons":[],"addons":[],"brands":[{"id":759,"name":"Ozami","slug":"ozami"}],"_links":{"self":[{"href":"https:\/\/fuglebutikken.no\/en\/wp-json\/wp\/v2\/product\/8772","targetHints":{"allow":["GET"]}}],"collection":[{"href":"https:\/\/fuglebutikken.no\/en\/wp-json\/wp\/v2\/product"}],"about":[{"href":"https:\/\/fuglebutikken.no\/en\/wp-json\/wp\/v2\/types\/product"}],"replies":[{"embeddable":true,"href":"https:\/\/fuglebutikken.no\/en\/wp-json\/wp\/v2\/comments?post=8772"}],"wp:featuredmedia":[{"embeddable":true,"href":"https:\/\/fuglebutikken.no\/en\/wp-json\/wp\/v2\/media\/28421"}],"wp:attachment":[{"href":"https:\/\/fuglebutikken.no\/en\/wp-json\/wp\/v2\/media?parent=8772"}],"wp:term":[{"taxonomy":"pwb-brand","embeddable":true,"href":"https:\/\/fuglebutikken.no\/en\/wp-json\/wp\/v2\/pwb-brand?post=8772"},{"taxonomy":"product_brand","embeddable":true,"href":"https:\/\/fuglebutikken.no\/en\/wp-json\/wp\/v2\/product_brand?post=8772"},{"taxonomy":"product_cat","embeddable":true,"href":"https:\/\/fuglebutikken.no\/en\/wp-json\/wp\/v2\/product_cat?post=8772"},{"taxonomy":"product_tag","embeddable":true,"href":"https:\/\/fuglebutikken.no\/en\/wp-json\/wp\/v2\/product_tag?post=8772"},{"taxonomy":"woo-feed-brand","embeddable":true,"href":"https:\/\/fuglebutikken.no\/en\/wp-json\/wp\/v2\/woo-feed-brand?post=8772"}],"curies":[{"name":"wp","href":"https:\/\/api.w.org\/{rel}","templated":true}]}}