{"id":877,"date":"2020-02-22T18:26:33","date_gmt":"2020-02-22T17:26:33","guid":{"rendered":"https:\/\/274105-www.web.tornado-node.net\/fugl\/product\/vannautomat-parakitter-15cm\/"},"modified":"2025-12-01T20:09:17","modified_gmt":"2025-12-01T19:09:17","slug":"vannautomat-parakitt-15cm","status":"publish","type":"product","link":"https:\/\/fuglebutikken.no\/en\/butikk\/fugl-som-hobby\/fugl\/fuglebur-og-fuglebur-tilbehor\/bur-tilbehor\/fugleskaler-og-automater\/vannautomat-parakitt-15cm\/","title":{"rendered":"Vannautomat parakitt 15cm"},"content":{"rendered":"<h2>Vannautomat parakitt 15cm<\/h2>\n<p>Denne praktiske vannautomaten s\u00f8rger for at din parakitt eller papeg\u00f8ye alltid har tilgang til friskt vann. Med sitt smarte design og 235ml kapasitet, gir den deg trygghet om at fuglen din f\u00e5r den v\u00e6sketilf\u00f8rselen den trenger.<\/p>\n<h3>Hovedfordeler<\/h3>\n<p>Vannautomaten fungerer som en p\u00e5litelig vannkilde som automatisk fyller p\u00e5 vannsk\u00e5len etter hvert som fuglen drikker. Dette sikrer konstant tilgang til friskt vann uten at du trenger \u00e5 fylle p\u00e5 manuelt flere ganger daglig. Den kompakte st\u00f8rrelsen p\u00e5 15cm gj\u00f8r den perfekt for parakitter og mindre papeg\u00f8yer.<\/p>\n<h3>Praktisk bruk<\/h3>\n<p>Automaten er enkel \u00e5 montere i buret og krever minimal vedlikehold. Med sin 235ml kapasitet holder den fuglen din hydrert over lengre perioder, noe som er spesielt praktisk n\u00e5r du er bortreist eller har en travel hverdag. Den kommer i assorterte farger som passer inn i de fleste bur-design.<\/p>\n<h3>P\u00e5litelig vannforsyning<\/h3>\n<p>Ved \u00e5 investere i en vannautomat sikrer du at fuglen din alltid har tilgang til rent vann, noe som er avgj\u00f8rende for god helse og trivsel. Systemet fungerer ved gravitasjon og krever ingen str\u00f8m eller komplisert installasjon.<\/p>","protected":false},"excerpt":{"rendered":"<h3 class=\"product_title entry-title\">Vannautomat parakitt 15cm<\/h3>\n<ul>\n<li>Vannautomat parakitt-papeg\u00f8ye 15cm<\/li>\n<li>235ml<\/li>\n<li>Assorterte farger<\/li>\n<\/ul>\n<p>Vannautomat s\u00f8rger for at det er en kilde av vann eller mat tilgjengelig.<\/p>","protected":false},"featured_media":25415,"comment_status":"closed","ping_status":"closed","template":"","meta":{"content-type":"","_uf_show_specific_survey":0,"_uf_disable_surveys":false,"_monsterinsights_skip_tracking":false,"_monsterinsights_sitenote_active":false,"_monsterinsights_sitenote_note":"","_monsterinsights_sitenote_category":0},"pwb-brand":[653],"product_brand":[],"product_cat":[2202,2203,41,1147,50],"product_tag":[2163],"woo-feed-brand":[],"class_list":{"0":"post-877","1":"product","2":"type-product","3":"status-publish","4":"has-post-thumbnail","6":"pwb-brand-trixie","7":"product_cat-fugl-bur","8":"product_cat-bur-tilbehor","9":"product_cat-fugl","10":"product_cat-fugl-som-hobby","11":"product_cat-fugleskaler-og-automater","12":"product_tag-fugleskaler-og-f-orkopper","14":"first","15":"instock","16":"taxable","17":"shipping-taxable","18":"purchasable","19":"product-type-simple"},"exclude_global_add_ons":[],"addons":[],"brands":[{"id":653,"name":"Trixie","slug":"trixie"}],"_links":{"self":[{"href":"https:\/\/fuglebutikken.no\/en\/wp-json\/wp\/v2\/product\/877","targetHints":{"allow":["GET"]}}],"collection":[{"href":"https:\/\/fuglebutikken.no\/en\/wp-json\/wp\/v2\/product"}],"about":[{"href":"https:\/\/fuglebutikken.no\/en\/wp-json\/wp\/v2\/types\/product"}],"replies":[{"embeddable":true,"href":"https:\/\/fuglebutikken.no\/en\/wp-json\/wp\/v2\/comments?post=877"}],"wp:featuredmedia":[{"embeddable":true,"href":"https:\/\/fuglebutikken.no\/en\/wp-json\/wp\/v2\/media\/25415"}],"wp:attachment":[{"href":"https:\/\/fuglebutikken.no\/en\/wp-json\/wp\/v2\/media?parent=877"}],"wp:term":[{"taxonomy":"pwb-brand","embeddable":true,"href":"https:\/\/fuglebutikken.no\/en\/wp-json\/wp\/v2\/pwb-brand?post=877"},{"taxonomy":"product_brand","embeddable":true,"href":"https:\/\/fuglebutikken.no\/en\/wp-json\/wp\/v2\/product_brand?post=877"},{"taxonomy":"product_cat","embeddable":true,"href":"https:\/\/fuglebutikken.no\/en\/wp-json\/wp\/v2\/product_cat?post=877"},{"taxonomy":"product_tag","embeddable":true,"href":"https:\/\/fuglebutikken.no\/en\/wp-json\/wp\/v2\/product_tag?post=877"},{"taxonomy":"woo-feed-brand","embeddable":true,"href":"https:\/\/fuglebutikken.no\/en\/wp-json\/wp\/v2\/woo-feed-brand?post=877"}],"curies":[{"name":"wp","href":"https:\/\/api.w.org\/{rel}","templated":true}]}}