{"id":8736,"date":"2022-11-20T21:37:02","date_gmt":"2022-11-20T20:37:02","guid":{"rendered":"https:\/\/fuglebutikken.no\/butikk\/ukategorisert\/companion-papegoyebur-82x56x177-cm\/"},"modified":"2026-01-12T07:58:28","modified_gmt":"2026-01-12T06:58:28","slug":"companion-papegoyebur-82x56x177-cm","status":"publish","type":"product","link":"https:\/\/fuglebutikken.no\/en\/butikk\/fugl-som-hobby\/fugl\/fuglebur-og-fuglebur-tilbehor\/fugl-bur\/voliere\/companion-papegoyebur-82x56x177-cm\/","title":{"rendered":"Companion papeg\u00f8yebur 82x56x177 cm"},"content":{"rendered":"<h2>Companion papeg\u00f8yebur 82x56x177 cm<\/h2>\n<ul>\n<li>St\u00f8rrelse :&nbsp;82x56x177 cm<\/li>\n<li>2 pinner til selve buret<\/li>\n<li>1 pinne til toppen av buret<\/li>\n<li>5 rustfrie st\u00e5lsk\u00e5ler<\/li>\n<li>Farge: Metall sort<\/li>\n<li>St\u00e5ltr\u00e5dtykkelse \u00d84mm<\/li>\n<li>Avstand mellom st\u00e5ltr\u00e5d 19,5mm.<\/li>\n<li>Brettm\u00e5l: 780x544x40 mm<\/li>\n<\/ul>","protected":false},"excerpt":{"rendered":"<h3>Companion papeg\u00f8yebur 82x56x177 cm<\/h3>\n<ul>\n<li>St\u00f8rrelse :&nbsp;82x56x177 cm<\/li>\n<li>2 pinner til selve buret<\/li>\n<li>1 pinne til toppen av buret<\/li>\n<li>5 rustfrie st\u00e5lsk\u00e5ler<\/li>\n<li>Farge: Metall sort<\/li>\n<li>St\u00e5ltr\u00e5dtykkelse \u00d84mm<\/li>\n<li>Avstand mellom st\u00e5ltr\u00e5d 19,5mm.<\/li>\n<li>Brettm\u00e5l: 780x544x40 mm<\/li>\n<\/ul>\n<p><img decoding=\"async\" class=\"size-full wp-image-59415 alignleft\" src=\"https:\/\/tgr.no\/wp-content\/uploads\/2020\/02\/Palle-frakt-1.png\" alt=\"Palle frakt\" width=\"90\" height=\"90\">M\u00e5 sendes p\u00e5 pall pga. vekt og st\u00f8rrelse, velg: Palle-frakt store produkter:<br \/>\neller hent gratis i Trondheim<\/p>","protected":false},"featured_media":26278,"comment_status":"closed","ping_status":"closed","template":"","meta":{"content-type":"","_uf_show_specific_survey":0,"_uf_disable_surveys":false,"_monsterinsights_skip_tracking":false,"_monsterinsights_sitenote_active":false,"_monsterinsights_sitenote_note":"","_monsterinsights_sitenote_category":0},"pwb-brand":[1493],"product_brand":[],"product_cat":[2202,41,1147,2285],"product_tag":[],"woo-feed-brand":[],"class_list":{"0":"post-8736","1":"product","2":"type-product","3":"status-publish","4":"has-post-thumbnail","6":"pwb-brand-companion","7":"product_cat-fugl-bur","8":"product_cat-fugl","9":"product_cat-fugl-som-hobby","10":"product_cat-voliere","12":"first","13":"outofstock","14":"taxable","15":"shipping-taxable","16":"purchasable","17":"product-type-simple"},"exclude_global_add_ons":[],"addons":[],"brands":[{"id":1493,"name":"Companion","slug":"companion"}],"_links":{"self":[{"href":"https:\/\/fuglebutikken.no\/en\/wp-json\/wp\/v2\/product\/8736","targetHints":{"allow":["GET"]}}],"collection":[{"href":"https:\/\/fuglebutikken.no\/en\/wp-json\/wp\/v2\/product"}],"about":[{"href":"https:\/\/fuglebutikken.no\/en\/wp-json\/wp\/v2\/types\/product"}],"replies":[{"embeddable":true,"href":"https:\/\/fuglebutikken.no\/en\/wp-json\/wp\/v2\/comments?post=8736"}],"wp:featuredmedia":[{"embeddable":true,"href":"https:\/\/fuglebutikken.no\/en\/wp-json\/wp\/v2\/media\/26278"}],"wp:attachment":[{"href":"https:\/\/fuglebutikken.no\/en\/wp-json\/wp\/v2\/media?parent=8736"}],"wp:term":[{"taxonomy":"pwb-brand","embeddable":true,"href":"https:\/\/fuglebutikken.no\/en\/wp-json\/wp\/v2\/pwb-brand?post=8736"},{"taxonomy":"product_brand","embeddable":true,"href":"https:\/\/fuglebutikken.no\/en\/wp-json\/wp\/v2\/product_brand?post=8736"},{"taxonomy":"product_cat","embeddable":true,"href":"https:\/\/fuglebutikken.no\/en\/wp-json\/wp\/v2\/product_cat?post=8736"},{"taxonomy":"product_tag","embeddable":true,"href":"https:\/\/fuglebutikken.no\/en\/wp-json\/wp\/v2\/product_tag?post=8736"},{"taxonomy":"woo-feed-brand","embeddable":true,"href":"https:\/\/fuglebutikken.no\/en\/wp-json\/wp\/v2\/woo-feed-brand?post=8736"}],"curies":[{"name":"wp","href":"https:\/\/api.w.org\/{rel}","templated":true}]}}