{"id":8732,"date":"2022-11-20T16:33:59","date_gmt":"2022-11-20T15:33:59","guid":{"rendered":"https:\/\/fuglebutikken.no\/butikk\/ukategorisert\/companion-papegoyebur\/"},"modified":"2026-01-12T07:59:20","modified_gmt":"2026-01-12T06:59:20","slug":"companion-papegoyebur","status":"publish","type":"product","link":"https:\/\/fuglebutikken.no\/en\/butikk\/fugl-som-hobby\/fugl\/fuglebur-og-fuglebur-tilbehor\/fugl-bur\/voliere\/companion-papegoyebur\/","title":{"rendered":"Companion papeg\u00f8yebur"},"content":{"rendered":"<h2>Companion papeg\u00f8yebur<\/h2>\n<p>2 pinner til selve buret, 1 pinne til toppen av buret, 3 rustfrie st\u00e5lsk\u00e5ler, Farge: Metall sort.<\/p>\n<ul>\n<li>81,4&#215;58,5&#215;168,5cm<\/li>\n<li>Brettm\u00e5l: 775x581x40 mm<\/li>\n<li>St\u00e5ltr\u00e5dtykkelse \u00d84mm<\/li>\n<li>Avstand mellom st\u00e5ltr\u00e5d 24,5mm.<\/li>\n<\/ul>","protected":false},"excerpt":{"rendered":"<h3>Companion papeg\u00f8yebur<\/h3>\n<p>2 pinner til selve buret, 1 pinne til toppen av buret, 3 rustfrie st\u00e5lsk\u00e5ler, Farge: Metall sort.<\/p>\n<ul>\n<li>81,4\u00d758,5\u00d7168,5cm<\/li>\n<li>Brettm\u00e5l: 775x581x40 mm<\/li>\n<li>St\u00e5ltr\u00e5dtykkelse \u00d84mm<\/li>\n<li>Avstand mellom st\u00e5ltr\u00e5d 24,5mm.<\/li>\n<\/ul>\n<p><img decoding=\"async\" class=\"alignnone size-full wp-image-59415\" src=\"https:\/\/tgr.no\/wp-content\/uploads\/2020\/02\/Palle-frakt-1.png\" alt=\"Palle frakt\" width=\"90\" height=\"90\">M\u00e5 sendes p\u00e5 pall, velg fraktmetode: Palle-frakt store terrarium\/akvarium\/produkter<br \/>\neller hent gratis i v\u00e5r butikk i Trondheim.<\/p>","protected":false},"featured_media":26288,"comment_status":"closed","ping_status":"closed","template":"","meta":{"content-type":"","_uf_show_specific_survey":0,"_uf_disable_surveys":false,"_monsterinsights_skip_tracking":false,"_monsterinsights_sitenote_active":false,"_monsterinsights_sitenote_note":"","_monsterinsights_sitenote_category":0},"pwb-brand":[1493],"product_brand":[],"product_cat":[2202,41,1147,2285],"product_tag":[],"woo-feed-brand":[],"class_list":{"0":"post-8732","1":"product","2":"type-product","3":"status-publish","4":"has-post-thumbnail","6":"pwb-brand-companion","7":"product_cat-fugl-bur","8":"product_cat-fugl","9":"product_cat-fugl-som-hobby","10":"product_cat-voliere","12":"first","13":"outofstock","14":"taxable","15":"shipping-taxable","16":"purchasable","17":"product-type-simple"},"exclude_global_add_ons":[],"addons":[],"brands":[{"id":1493,"name":"Companion","slug":"companion"}],"_links":{"self":[{"href":"https:\/\/fuglebutikken.no\/en\/wp-json\/wp\/v2\/product\/8732","targetHints":{"allow":["GET"]}}],"collection":[{"href":"https:\/\/fuglebutikken.no\/en\/wp-json\/wp\/v2\/product"}],"about":[{"href":"https:\/\/fuglebutikken.no\/en\/wp-json\/wp\/v2\/types\/product"}],"replies":[{"embeddable":true,"href":"https:\/\/fuglebutikken.no\/en\/wp-json\/wp\/v2\/comments?post=8732"}],"wp:featuredmedia":[{"embeddable":true,"href":"https:\/\/fuglebutikken.no\/en\/wp-json\/wp\/v2\/media\/26288"}],"wp:attachment":[{"href":"https:\/\/fuglebutikken.no\/en\/wp-json\/wp\/v2\/media?parent=8732"}],"wp:term":[{"taxonomy":"pwb-brand","embeddable":true,"href":"https:\/\/fuglebutikken.no\/en\/wp-json\/wp\/v2\/pwb-brand?post=8732"},{"taxonomy":"product_brand","embeddable":true,"href":"https:\/\/fuglebutikken.no\/en\/wp-json\/wp\/v2\/product_brand?post=8732"},{"taxonomy":"product_cat","embeddable":true,"href":"https:\/\/fuglebutikken.no\/en\/wp-json\/wp\/v2\/product_cat?post=8732"},{"taxonomy":"product_tag","embeddable":true,"href":"https:\/\/fuglebutikken.no\/en\/wp-json\/wp\/v2\/product_tag?post=8732"},{"taxonomy":"woo-feed-brand","embeddable":true,"href":"https:\/\/fuglebutikken.no\/en\/wp-json\/wp\/v2\/woo-feed-brand?post=8732"}],"curies":[{"name":"wp","href":"https:\/\/api.w.org\/{rel}","templated":true}]}}