{"id":86,"date":"2020-02-22T18:08:56","date_gmt":"2020-02-22T17:08:56","guid":{"rendered":"https:\/\/274105-www.web.tornado-node.net\/fugl\/product\/gd-space-vit-svart85x48x70cm\/"},"modified":"2025-03-18T09:24:05","modified_gmt":"2025-03-18T08:24:05","slug":"gd-space-fuglebur","status":"publish","type":"product","link":"https:\/\/fuglebutikken.no\/en\/butikk\/fugl-som-hobby\/fugl\/fuglebur-og-fuglebur-tilbehor\/fugl-bur\/kanarifuglbur\/gd-space-fuglebur\/","title":{"rendered":"Gd space fuglebur hvit-svart 85x48x70cm"},"content":{"rendered":"<h2>Gd space fuglebur hvit-svart 85x48x70cm<\/h2>","protected":false},"excerpt":{"rendered":"<h3>Gd space fuglebur hvit-svart 85x48x70cm<\/h3>\n<p>Gd space fuglebur vit\/svart85x48x70cm er et mellomstort fuglebur egnet for parakitter, dvergpapeg\u00f8yer og grupper av undulater, finker og kanarifugler. Buret har en stor \u00e5pning midt p\u00e5 frontveggen. Det medf\u00f8lger 4 matsk\u00e5ler samt sittepinner.<\/p>\n<ul>\n<li>Innerm\u00e5l 840 x 463 x 680 mm<\/li>\n<li>Sprinkelavstand 11 mm<\/li>\n<\/ul>\n<p>&nbsp; Velg fraktalternativ hjemlevering store varer p\u00e5 dette buret.<\/p>","protected":false},"featured_media":12148,"comment_status":"closed","ping_status":"closed","template":"","meta":{"content-type":"","_uf_show_specific_survey":0,"_uf_disable_surveys":false,"_monsterinsights_skip_tracking":false,"_monsterinsights_sitenote_active":false,"_monsterinsights_sitenote_note":"","_monsterinsights_sitenote_category":0},"pwb-brand":[662],"product_brand":[],"product_cat":[2202,41,1147,1650,1651,1648],"product_tag":[96],"woo-feed-brand":[],"class_list":{"0":"post-86","1":"product","2":"type-product","3":"status-publish","4":"has-post-thumbnail","6":"pwb-brand-gd","7":"product_cat-fugl-bur","8":"product_cat-fugl","9":"product_cat-fugl-som-hobby","10":"product_cat-kanarifuglbur","11":"product_cat-sebrafinkbur","12":"product_cat-undulatbur","13":"product_tag-undulat","15":"first","16":"instock","17":"taxable","18":"shipping-taxable","19":"purchasable","20":"product-type-simple"},"exclude_global_add_ons":[],"addons":[],"brands":[{"id":662,"name":"GD","slug":"gd"}],"_links":{"self":[{"href":"https:\/\/fuglebutikken.no\/en\/wp-json\/wp\/v2\/product\/86","targetHints":{"allow":["GET"]}}],"collection":[{"href":"https:\/\/fuglebutikken.no\/en\/wp-json\/wp\/v2\/product"}],"about":[{"href":"https:\/\/fuglebutikken.no\/en\/wp-json\/wp\/v2\/types\/product"}],"replies":[{"embeddable":true,"href":"https:\/\/fuglebutikken.no\/en\/wp-json\/wp\/v2\/comments?post=86"}],"wp:featuredmedia":[{"embeddable":true,"href":"https:\/\/fuglebutikken.no\/en\/wp-json\/wp\/v2\/media\/12148"}],"wp:attachment":[{"href":"https:\/\/fuglebutikken.no\/en\/wp-json\/wp\/v2\/media?parent=86"}],"wp:term":[{"taxonomy":"pwb-brand","embeddable":true,"href":"https:\/\/fuglebutikken.no\/en\/wp-json\/wp\/v2\/pwb-brand?post=86"},{"taxonomy":"product_brand","embeddable":true,"href":"https:\/\/fuglebutikken.no\/en\/wp-json\/wp\/v2\/product_brand?post=86"},{"taxonomy":"product_cat","embeddable":true,"href":"https:\/\/fuglebutikken.no\/en\/wp-json\/wp\/v2\/product_cat?post=86"},{"taxonomy":"product_tag","embeddable":true,"href":"https:\/\/fuglebutikken.no\/en\/wp-json\/wp\/v2\/product_tag?post=86"},{"taxonomy":"woo-feed-brand","embeddable":true,"href":"https:\/\/fuglebutikken.no\/en\/wp-json\/wp\/v2\/woo-feed-brand?post=86"}],"curies":[{"name":"wp","href":"https:\/\/api.w.org\/{rel}","templated":true}]}}