{"id":8563,"date":"2022-10-31T11:01:22","date_gmt":"2022-10-31T10:01:22","guid":{"rendered":"https:\/\/fuglebutikken.no\/butikk\/ukategorisert\/fugleleke-kokos\/"},"modified":"2026-01-20T08:51:13","modified_gmt":"2026-01-20T07:51:13","slug":"fugleleke-kokos","status":"publish","type":"product","link":"https:\/\/fuglebutikken.no\/en\/butikk\/fugl-som-hobby\/fugl\/fuglebur-og-fuglebur-tilbehor\/fugleleker-og-aktivitet\/fugleleke-kokos\/","title":{"rendered":"Fugleleke kokosn\u00f8tter p\u00e5 tau"},"content":{"rendered":"<h2>Fugleleke kokosn\u00f8tter p\u00e5 tau<\/h2>\n<p>Denne naturlige duvoplus-leken er laget av kokosn\u00f8tt, sisal-tau og pappbiter og passer for alle typer fugler. Coconut Jungle-hengeren vil holde fuglen din underholdt i mange timer med lek og napping. Den er ogs\u00e5 ideell for \u00e5 skjule snacks. Denne leken vil holde fuglene dine aktive og er lett \u00e5 feste i enhver voliere.<\/p>","protected":false},"excerpt":{"rendered":"<h3>Fugleleke kokosn\u00f8tter p\u00e5 tau<\/h3>\n<ul>\n<li>Naturlig leket\u00f8y<\/li>\n<li>Timer med leke- og klatremoro<\/li>\n<li>Passer for alle fugleraser<\/li>\n<li>Enkel \u00e5 feste til enhver voliere<\/li>\n<li>Laget av trygge materialer<\/li>\n<li>72,5x25x12cm<\/li>\n<\/ul>","protected":false},"featured_media":26507,"comment_status":"closed","ping_status":"closed","template":"","meta":{"content-type":"","_uf_show_specific_survey":0,"_uf_disable_surveys":false,"_monsterinsights_skip_tracking":false,"_monsterinsights_sitenote_active":false,"_monsterinsights_sitenote_note":"","_monsterinsights_sitenote_category":0},"pwb-brand":[1760],"product_brand":[],"product_cat":[41,1147,2162,2164],"product_tag":[1873],"woo-feed-brand":[],"class_list":{"0":"post-8563","1":"product","2":"type-product","3":"status-publish","4":"has-post-thumbnail","6":"pwb-brand-duvo","7":"product_cat-fugl","8":"product_cat-fugl-som-hobby","9":"product_cat-fuglebur-og-fuglebur-tilbehor","10":"product_cat-fugleleker-og-aktivitet","11":"product_tag-fugleleker","13":"first","14":"instock","15":"taxable","16":"shipping-taxable","17":"purchasable","18":"product-type-simple"},"exclude_global_add_ons":[],"addons":[],"brands":[{"id":1760,"name":"Duvo+","slug":"duvo"}],"_links":{"self":[{"href":"https:\/\/fuglebutikken.no\/en\/wp-json\/wp\/v2\/product\/8563","targetHints":{"allow":["GET"]}}],"collection":[{"href":"https:\/\/fuglebutikken.no\/en\/wp-json\/wp\/v2\/product"}],"about":[{"href":"https:\/\/fuglebutikken.no\/en\/wp-json\/wp\/v2\/types\/product"}],"replies":[{"embeddable":true,"href":"https:\/\/fuglebutikken.no\/en\/wp-json\/wp\/v2\/comments?post=8563"}],"wp:featuredmedia":[{"embeddable":true,"href":"https:\/\/fuglebutikken.no\/en\/wp-json\/wp\/v2\/media\/26507"}],"wp:attachment":[{"href":"https:\/\/fuglebutikken.no\/en\/wp-json\/wp\/v2\/media?parent=8563"}],"wp:term":[{"taxonomy":"pwb-brand","embeddable":true,"href":"https:\/\/fuglebutikken.no\/en\/wp-json\/wp\/v2\/pwb-brand?post=8563"},{"taxonomy":"product_brand","embeddable":true,"href":"https:\/\/fuglebutikken.no\/en\/wp-json\/wp\/v2\/product_brand?post=8563"},{"taxonomy":"product_cat","embeddable":true,"href":"https:\/\/fuglebutikken.no\/en\/wp-json\/wp\/v2\/product_cat?post=8563"},{"taxonomy":"product_tag","embeddable":true,"href":"https:\/\/fuglebutikken.no\/en\/wp-json\/wp\/v2\/product_tag?post=8563"},{"taxonomy":"woo-feed-brand","embeddable":true,"href":"https:\/\/fuglebutikken.no\/en\/wp-json\/wp\/v2\/woo-feed-brand?post=8563"}],"curies":[{"name":"wp","href":"https:\/\/api.w.org\/{rel}","templated":true}]}}