{"id":8523,"date":"2022-10-29T17:30:09","date_gmt":"2022-10-29T15:30:09","guid":{"rendered":"https:\/\/fuglebutikken.no\/butikk\/ukategorisert\/fugleleke-treklosse\/"},"modified":"2025-05-30T09:20:22","modified_gmt":"2025-05-30T07:20:22","slug":"fugleleke-treklosse","status":"publish","type":"product","link":"https:\/\/fuglebutikken.no\/en\/butikk\/fugl-som-hobby\/fugl\/fuglebur-og-fuglebur-tilbehor\/bur-tilbehor\/fugleleke-treklosse\/","title":{"rendered":"Fugleleke treklosse med tau"},"content":{"rendered":"<h2>Fugleleke treklosse med tau<\/h2>\n<p>Fugle-leker fra Tyrol er leker av h\u00f8y kvalitet som oppmuntrer fuglens naturlige instinkt til \u00e5 s\u00f8ke og leke. Det vil holde burfuglen din underholdt i tillegg til \u00e5 gi den treningen det trenger.<\/p>\n<p>Hvorfor vi elsker det<br \/>\nLeker tilbyr tropefugler \u00e5 leke som bidrar til bedre mental helse og uavhengighet. Leker vil holde fuglen din v\u00e5ken, glad og sunn.<br \/>\nLaget med forskjellige veterin\u00e6rgodkjente materialer som oppmuntrer fugler til \u00e5 s\u00f8ke og makulere. Du kan legge til fuglens favorittgodbit for ekstra matglede.<br \/>\nLaget av fuglesikkert materiale, s\u00e5 det er flott for hverdagstygging. Leker laget av forskjellige materialer vil ogs\u00e5 hjelpe med nebb- og neglekondisjonering<\/p>","protected":false},"excerpt":{"rendered":"<h3>Fugleleke treklosse med tau<\/h3>\n<ul>\n<li>den fargerike, knudrete blokktyggeleken er et flott alternativ fordi den fremmer moro, balanse og trening.<\/li>\n<li>Ufarlig \u00e5 tygge p\u00e5<\/li>\n<li>Henges gjerne i burtaket slik at du f\u00e5r en leke fuglen din m\u00e5 arbeide litt for \u00e5 bruke<\/li>\n<li>25cm lang<\/li>\n<\/ul>","protected":false},"featured_media":14993,"comment_status":"closed","ping_status":"closed","template":"","meta":{"content-type":"","_uf_show_specific_survey":0,"_uf_disable_surveys":false,"_monsterinsights_skip_tracking":false,"_monsterinsights_sitenote_active":false,"_monsterinsights_sitenote_note":"","_monsterinsights_sitenote_category":0},"pwb-brand":[1759],"product_brand":[],"product_cat":[2203,41,1147,2164],"product_tag":[],"woo-feed-brand":[],"class_list":{"0":"post-8523","1":"product","2":"type-product","3":"status-publish","4":"has-post-thumbnail","6":"pwb-brand-tyrol","7":"product_cat-bur-tilbehor","8":"product_cat-fugl","9":"product_cat-fugl-som-hobby","10":"product_cat-fugleleker-og-aktivitet","12":"first","13":"outofstock","14":"taxable","15":"shipping-taxable","16":"purchasable","17":"product-type-simple"},"exclude_global_add_ons":[],"addons":[],"brands":[{"id":1759,"name":"Tyrol","slug":"tyrol"}],"_links":{"self":[{"href":"https:\/\/fuglebutikken.no\/en\/wp-json\/wp\/v2\/product\/8523","targetHints":{"allow":["GET"]}}],"collection":[{"href":"https:\/\/fuglebutikken.no\/en\/wp-json\/wp\/v2\/product"}],"about":[{"href":"https:\/\/fuglebutikken.no\/en\/wp-json\/wp\/v2\/types\/product"}],"replies":[{"embeddable":true,"href":"https:\/\/fuglebutikken.no\/en\/wp-json\/wp\/v2\/comments?post=8523"}],"wp:featuredmedia":[{"embeddable":true,"href":"https:\/\/fuglebutikken.no\/en\/wp-json\/wp\/v2\/media\/14993"}],"wp:attachment":[{"href":"https:\/\/fuglebutikken.no\/en\/wp-json\/wp\/v2\/media?parent=8523"}],"wp:term":[{"taxonomy":"pwb-brand","embeddable":true,"href":"https:\/\/fuglebutikken.no\/en\/wp-json\/wp\/v2\/pwb-brand?post=8523"},{"taxonomy":"product_brand","embeddable":true,"href":"https:\/\/fuglebutikken.no\/en\/wp-json\/wp\/v2\/product_brand?post=8523"},{"taxonomy":"product_cat","embeddable":true,"href":"https:\/\/fuglebutikken.no\/en\/wp-json\/wp\/v2\/product_cat?post=8523"},{"taxonomy":"product_tag","embeddable":true,"href":"https:\/\/fuglebutikken.no\/en\/wp-json\/wp\/v2\/product_tag?post=8523"},{"taxonomy":"woo-feed-brand","embeddable":true,"href":"https:\/\/fuglebutikken.no\/en\/wp-json\/wp\/v2\/woo-feed-brand?post=8523"}],"curies":[{"name":"wp","href":"https:\/\/api.w.org\/{rel}","templated":true}]}}