{"id":8486,"date":"2022-10-29T14:07:19","date_gmt":"2022-10-29T12:07:19","guid":{"rendered":"https:\/\/fuglebutikken.no\/butikk\/ukategorisert\/snacksbeholder\/"},"modified":"2026-02-06T17:59:51","modified_gmt":"2026-02-06T16:59:51","slug":"snacksbeholder","status":"publish","type":"product","link":"https:\/\/fuglebutikken.no\/en\/butikk\/fugl-som-hobby\/fugl\/fuglebur-og-fuglebur-tilbehor\/bur-tilbehor\/fugleskaler-og-automater\/snacksbeholder\/","title":{"rendered":"Snacksbeholder-vann-Matsk\u00e5l med skrufeste"},"content":{"rendered":"<h2>Snacksbeholder-vann-Matsk\u00e5l med skrufeste<\/h2>","protected":false},"excerpt":{"rendered":"<h3>Snacksbeholder-vann-Matsk\u00e5l med skrufeste<\/h3>\n<p>Dekorer buret ditt med denne lekre serien i plast fra Imac. Her har du alt sm\u00e5fugler trenger, liten eller stor vannsk\u00e5l hvor den store kan v\u00e6re badekar.<br \/>\nMatsk\u00e5l til fugl, snackssk\u00e5ler til hirse o.l. Korg til h\u00f8y, gress eller halm. Din tropefugl vil elske dette settet uansett og du har fink, sebrafink, undulat eller dvergpapeg\u00f8ye.<\/p>\n<ul>\n<li>passer til alle typer gitter fuglebur<\/li>\n<li>Assorterte farger<\/li>\n<\/ul>","protected":false},"featured_media":27251,"comment_status":"closed","ping_status":"closed","template":"","meta":{"content-type":"","_uf_show_specific_survey":0,"_uf_disable_surveys":false,"_monsterinsights_skip_tracking":false,"_monsterinsights_sitenote_active":false,"_monsterinsights_sitenote_note":"","_monsterinsights_sitenote_category":0},"pwb-brand":[1754],"product_brand":[],"product_cat":[2203,41,1147,50],"product_tag":[],"woo-feed-brand":[],"class_list":{"0":"post-8486","1":"product","2":"type-product","3":"status-publish","4":"has-post-thumbnail","6":"pwb-brand-imac","7":"product_cat-bur-tilbehor","8":"product_cat-fugl","9":"product_cat-fugl-som-hobby","10":"product_cat-fugleskaler-og-automater","12":"first","13":"instock","14":"taxable","15":"shipping-taxable","16":"purchasable","17":"product-type-variable","18":"has-default-attributes"},"exclude_global_add_ons":[],"addons":[],"brands":[{"id":1754,"name":"Imac","slug":"imac"}],"_links":{"self":[{"href":"https:\/\/fuglebutikken.no\/en\/wp-json\/wp\/v2\/product\/8486","targetHints":{"allow":["GET"]}}],"collection":[{"href":"https:\/\/fuglebutikken.no\/en\/wp-json\/wp\/v2\/product"}],"about":[{"href":"https:\/\/fuglebutikken.no\/en\/wp-json\/wp\/v2\/types\/product"}],"replies":[{"embeddable":true,"href":"https:\/\/fuglebutikken.no\/en\/wp-json\/wp\/v2\/comments?post=8486"}],"wp:featuredmedia":[{"embeddable":true,"href":"https:\/\/fuglebutikken.no\/en\/wp-json\/wp\/v2\/media\/27251"}],"wp:attachment":[{"href":"https:\/\/fuglebutikken.no\/en\/wp-json\/wp\/v2\/media?parent=8486"}],"wp:term":[{"taxonomy":"pwb-brand","embeddable":true,"href":"https:\/\/fuglebutikken.no\/en\/wp-json\/wp\/v2\/pwb-brand?post=8486"},{"taxonomy":"product_brand","embeddable":true,"href":"https:\/\/fuglebutikken.no\/en\/wp-json\/wp\/v2\/product_brand?post=8486"},{"taxonomy":"product_cat","embeddable":true,"href":"https:\/\/fuglebutikken.no\/en\/wp-json\/wp\/v2\/product_cat?post=8486"},{"taxonomy":"product_tag","embeddable":true,"href":"https:\/\/fuglebutikken.no\/en\/wp-json\/wp\/v2\/product_tag?post=8486"},{"taxonomy":"woo-feed-brand","embeddable":true,"href":"https:\/\/fuglebutikken.no\/en\/wp-json\/wp\/v2\/woo-feed-brand?post=8486"}],"curies":[{"name":"wp","href":"https:\/\/api.w.org\/{rel}","templated":true}]}}