{"id":8476,"date":"2022-10-28T10:08:43","date_gmt":"2022-10-28T08:08:43","guid":{"rendered":"https:\/\/fuglebutikken.no\/butikk\/ukategorisert\/stropellets-ozami\/"},"modified":"2026-02-02T19:43:49","modified_gmt":"2026-02-02T18:43:49","slug":"trepellets-ozami","status":"publish","type":"product","link":"https:\/\/fuglebutikken.no\/en\/butikk\/fugl-som-hobby\/fugl\/pleie\/trepellets-ozami\/","title":{"rendered":"Trepellets Ozami"},"content":{"rendered":"<h2>Trepellets Ozami til katt, gnagere, fugler mm.<\/h2>\n<p>Ozami str\u00f8pellet er et toalettstr\u00f8 tik katt -kattestr\u00f8, sm\u00e5dyrstr\u00f8 eller fuglestr\u00f8 og er et milj\u00f8vennlig cellulose basert kattestr\u00f8 som er meget effektivt mot lukt. Str\u00f8et st\u00f8ver ikke og er meget dr\u00f8yt i bruk og kan ogs\u00e5 brukes til str\u00f8 for gnagere og kaniner.<\/p>","protected":false},"excerpt":{"rendered":"<h3>Trepellets Ozami til katt, gnagere, fugler mm.<\/h3>\n<ul class=\"dotted-list\">\n<li class=\"dotted-list__item\">St\u00f8ver ikke<\/li>\n<li class=\"dotted-list__item\">Hindrer bakterieutvikling<\/li>\n<li class=\"dotted-list__item\">Normaliserer lukt<\/li>\n<li class=\"dotted-list__item\">Dr\u00f8yt i bruk<\/li>\n<li>Rent naturprodukt<\/li>\n<li>Biologisk nedbrytbart<\/li>\n<\/ul>","protected":false},"featured_media":27171,"comment_status":"closed","ping_status":"closed","template":"","meta":{"content-type":"","_uf_show_specific_survey":0,"_uf_disable_surveys":false,"_monsterinsights_skip_tracking":false,"_monsterinsights_sitenote_active":false,"_monsterinsights_sitenote_note":"","_monsterinsights_sitenote_category":0},"pwb-brand":[759],"product_brand":[],"product_cat":[41,1147,1013],"product_tag":[1881,1930],"woo-feed-brand":[],"class_list":{"0":"post-8476","1":"product","2":"type-product","3":"status-publish","4":"has-post-thumbnail","6":"pwb-brand-ozami","7":"product_cat-fugl","8":"product_cat-fugl-som-hobby","9":"product_cat-pleie","10":"product_tag-bunnstro-og-fuglesand","11":"product_tag-papirpellets-og-naturstro","13":"first","14":"instock","15":"taxable","16":"shipping-taxable","17":"purchasable","18":"product-type-variable","19":"has-default-attributes"},"exclude_global_add_ons":[],"addons":[],"brands":[{"id":759,"name":"Ozami","slug":"ozami"}],"_links":{"self":[{"href":"https:\/\/fuglebutikken.no\/en\/wp-json\/wp\/v2\/product\/8476","targetHints":{"allow":["GET"]}}],"collection":[{"href":"https:\/\/fuglebutikken.no\/en\/wp-json\/wp\/v2\/product"}],"about":[{"href":"https:\/\/fuglebutikken.no\/en\/wp-json\/wp\/v2\/types\/product"}],"replies":[{"embeddable":true,"href":"https:\/\/fuglebutikken.no\/en\/wp-json\/wp\/v2\/comments?post=8476"}],"wp:featuredmedia":[{"embeddable":true,"href":"https:\/\/fuglebutikken.no\/en\/wp-json\/wp\/v2\/media\/27171"}],"wp:attachment":[{"href":"https:\/\/fuglebutikken.no\/en\/wp-json\/wp\/v2\/media?parent=8476"}],"wp:term":[{"taxonomy":"pwb-brand","embeddable":true,"href":"https:\/\/fuglebutikken.no\/en\/wp-json\/wp\/v2\/pwb-brand?post=8476"},{"taxonomy":"product_brand","embeddable":true,"href":"https:\/\/fuglebutikken.no\/en\/wp-json\/wp\/v2\/product_brand?post=8476"},{"taxonomy":"product_cat","embeddable":true,"href":"https:\/\/fuglebutikken.no\/en\/wp-json\/wp\/v2\/product_cat?post=8476"},{"taxonomy":"product_tag","embeddable":true,"href":"https:\/\/fuglebutikken.no\/en\/wp-json\/wp\/v2\/product_tag?post=8476"},{"taxonomy":"woo-feed-brand","embeddable":true,"href":"https:\/\/fuglebutikken.no\/en\/wp-json\/wp\/v2\/woo-feed-brand?post=8476"}],"curies":[{"name":"wp","href":"https:\/\/api.w.org\/{rel}","templated":true}]}}