{"id":8471,"date":"2022-10-28T08:31:38","date_gmt":"2022-10-28T06:31:38","guid":{"rendered":"https:\/\/fuglebutikken.no\/butikk\/ukategorisert\/havre-halm\/"},"modified":"2026-02-05T11:19:33","modified_gmt":"2026-02-05T10:19:33","slug":"havre-halm","status":"publish","type":"product","link":"https:\/\/fuglebutikken.no\/en\/butikk\/ukategorisert\/havre-halm\/","title":{"rendered":"Havre Halm 1.5kg 2 Gode Naboer"},"content":{"rendered":"<h2>Havre Halm 1.5kg 2 Gode Naboer<\/h2>\n<p>Havrehalm er str\u00e5et fra havreplanten, alts\u00e5 det som blir igjen n\u00e5r kornet er h\u00f8stet.<br \/>\nStr\u00e5ene er lange og stive, noe som gj\u00f8r at de f\u00e5r en god isoleringsevne.<br \/>\nHavrehalm egner seg derfor veldig godt til liggeplassen for dyr som bor i utebur \u00e5ret rundt, feks kaniner og hunder.<br \/>\nTil disse dyrene egner halmen seg ogs\u00e5 veldig bra som underlag n\u00e5r de skal f\u00f8de unger og gir en lun god liggeplass for de sm\u00e5 ungene.<br \/>\nHavrehalm har i tillegg en bra evne til \u00e5 suge opp fuktighet og kan benyttes som burstr\u00f8 til de fleste dyr, men fungerer da best som et tynt dekke p\u00e5 toppen av spon.<br \/>\nDette hjelper til \u00e5 holde spona p\u00e5 plass s\u00e5 den ikke spruter s\u00e5 lett ut av buret n\u00e5r dyrene l\u00f8per eller graver.<br \/>\nHalmen kan ogs\u00e5 spises, den er fiberrik men inneholder sv\u00e6rt lite n\u00e6ring. Dyrene m\u00e5 derfor f\u00e5 annet f\u00f4r i tillegg.<br \/>\nFor overvektige dyr kan halm benyttes som en del av en diett.<\/p>\n<p>Mange burfugler synes halm er morsom \u00e5 ha som bunnmateriale.<\/p>\n<p>Havrehalm anbefales til:<br \/>\nKaniner, hamster, marsvin, degus, chinchilla, \u00f8rkenrotte, mus, rotte, hund, burfugler<\/p>","protected":false},"excerpt":{"rendered":"<h3>Havre Halm 1.5kg 2 Gode Naboer<\/h3>\n<p>Norsk burstr\u00f8 havrehalm<\/p>\n<ul>\n<li class=\"dotted-list__item\">Supert burstr\u00f8 for sm\u00e5dyr<\/li>\n<li class=\"dotted-list__item\">Naturlig og kan spises<\/li>\n<\/ul>","protected":false},"featured_media":27245,"comment_status":"closed","ping_status":"closed","template":"","meta":{"content-type":"","_uf_show_specific_survey":0,"_uf_disable_surveys":false,"_monsterinsights_skip_tracking":false,"_monsterinsights_sitenote_active":false,"_monsterinsights_sitenote_note":"","_monsterinsights_sitenote_category":0},"pwb-brand":[1749],"product_brand":[],"product_cat":[2106],"product_tag":[1929],"woo-feed-brand":[],"class_list":{"0":"post-8471","1":"product","2":"type-product","3":"status-publish","4":"has-post-thumbnail","6":"pwb-brand-to-gode-naboer","7":"product_cat-ukategorisert","8":"product_tag-burspon","10":"first","11":"instock","12":"taxable","13":"shipping-taxable","14":"purchasable","15":"product-type-simple"},"exclude_global_add_ons":[],"addons":[],"brands":[{"id":1749,"name":"To gode naboer","slug":"to-gode-naboer"}],"_links":{"self":[{"href":"https:\/\/fuglebutikken.no\/en\/wp-json\/wp\/v2\/product\/8471","targetHints":{"allow":["GET"]}}],"collection":[{"href":"https:\/\/fuglebutikken.no\/en\/wp-json\/wp\/v2\/product"}],"about":[{"href":"https:\/\/fuglebutikken.no\/en\/wp-json\/wp\/v2\/types\/product"}],"replies":[{"embeddable":true,"href":"https:\/\/fuglebutikken.no\/en\/wp-json\/wp\/v2\/comments?post=8471"}],"wp:featuredmedia":[{"embeddable":true,"href":"https:\/\/fuglebutikken.no\/en\/wp-json\/wp\/v2\/media\/27245"}],"wp:attachment":[{"href":"https:\/\/fuglebutikken.no\/en\/wp-json\/wp\/v2\/media?parent=8471"}],"wp:term":[{"taxonomy":"pwb-brand","embeddable":true,"href":"https:\/\/fuglebutikken.no\/en\/wp-json\/wp\/v2\/pwb-brand?post=8471"},{"taxonomy":"product_brand","embeddable":true,"href":"https:\/\/fuglebutikken.no\/en\/wp-json\/wp\/v2\/product_brand?post=8471"},{"taxonomy":"product_cat","embeddable":true,"href":"https:\/\/fuglebutikken.no\/en\/wp-json\/wp\/v2\/product_cat?post=8471"},{"taxonomy":"product_tag","embeddable":true,"href":"https:\/\/fuglebutikken.no\/en\/wp-json\/wp\/v2\/product_tag?post=8471"},{"taxonomy":"woo-feed-brand","embeddable":true,"href":"https:\/\/fuglebutikken.no\/en\/wp-json\/wp\/v2\/woo-feed-brand?post=8471"}],"curies":[{"name":"wp","href":"https:\/\/api.w.org\/{rel}","templated":true}]}}