{"id":8464,"date":"2022-10-29T13:31:33","date_gmt":"2022-10-29T11:31:33","guid":{"rendered":"https:\/\/fuglebutikken.no\/butikk\/ukategorisert\/ferplast-sittepinne\/"},"modified":"2026-02-13T08:01:30","modified_gmt":"2026-02-13T07:01:30","slug":"ferplast-sittepinne-i-plast-2-pk","status":"publish","type":"product","link":"https:\/\/fuglebutikken.no\/en\/butikk\/fugl-som-hobby\/fugl\/fuglebur-og-fuglebur-tilbehor\/bur-tilbehor\/sittepinner\/ferplast-sittepinne-i-plast-2-pk\/","title":{"rendered":"Ferplast sittepinne i plast 2 pk"},"content":{"rendered":"<h2>Ferplast sittepinne i plast<\/h2>\n<p>FPI 4180 og FPI 4182 er enkle, grunnleggende fuglesittepinner i plast, designet for \u00e5 brukes p\u00e5 alle typer bur og vertikale eller horisontale netting. Basert p\u00e5 dine behov og typen tropefugl du har, kan du velge den lille st\u00f8rrelsen, FPI 4180, som passer for kanarifugler, eksotiske fugler og andre sm\u00e5fugler, eller den store st\u00f8rrelsen, FPI 4182, ideell for undulater og dvergpapeg\u00f8yer. De er veldig enkle \u00e5 montere.<\/p>","protected":false},"excerpt":{"rendered":"<h3>Ferplast sittepinne i plast<\/h3>\n<ul>\n<li>Sittepinner for fugler<\/li>\n<li>Laget av plast, passer i alle typer nettingbur, fuglebur og volierer<\/li>\n<li>De kan enkelt festes takket v\u00e6re den nyttige l\u00e5semekanismen<\/li>\n<li>To st\u00f8rrelser tilgjengelig<\/li>\n<li>Bruk gjerne flere pinner i et bur, lage et hj\u00f8rne eller en fugletrapp<\/li>\n<li>2 lengder, 18.4 eller 28cm<\/li>\n<\/ul>","protected":false},"featured_media":27392,"comment_status":"closed","ping_status":"closed","template":"","meta":{"content-type":"","_uf_show_specific_survey":0,"_uf_disable_surveys":false,"_monsterinsights_skip_tracking":false,"_monsterinsights_sitenote_active":false,"_monsterinsights_sitenote_note":"","_monsterinsights_sitenote_category":0},"pwb-brand":[661],"product_brand":[],"product_cat":[2203,41,1451],"product_tag":[2166],"woo-feed-brand":[],"class_list":{"0":"post-8464","1":"product","2":"type-product","3":"status-publish","4":"has-post-thumbnail","6":"pwb-brand-ferplast","7":"product_cat-bur-tilbehor","8":"product_cat-fugl","9":"product_cat-sittepinner","10":"product_tag-sittepinner-og-sitteplasser","12":"first","13":"instock","14":"taxable","15":"shipping-taxable","16":"purchasable","17":"product-type-variable","18":"has-default-attributes"},"exclude_global_add_ons":[],"addons":[],"brands":[{"id":661,"name":"Ferplast","slug":"ferplast"}],"_links":{"self":[{"href":"https:\/\/fuglebutikken.no\/en\/wp-json\/wp\/v2\/product\/8464","targetHints":{"allow":["GET"]}}],"collection":[{"href":"https:\/\/fuglebutikken.no\/en\/wp-json\/wp\/v2\/product"}],"about":[{"href":"https:\/\/fuglebutikken.no\/en\/wp-json\/wp\/v2\/types\/product"}],"replies":[{"embeddable":true,"href":"https:\/\/fuglebutikken.no\/en\/wp-json\/wp\/v2\/comments?post=8464"}],"wp:featuredmedia":[{"embeddable":true,"href":"https:\/\/fuglebutikken.no\/en\/wp-json\/wp\/v2\/media\/27392"}],"wp:attachment":[{"href":"https:\/\/fuglebutikken.no\/en\/wp-json\/wp\/v2\/media?parent=8464"}],"wp:term":[{"taxonomy":"pwb-brand","embeddable":true,"href":"https:\/\/fuglebutikken.no\/en\/wp-json\/wp\/v2\/pwb-brand?post=8464"},{"taxonomy":"product_brand","embeddable":true,"href":"https:\/\/fuglebutikken.no\/en\/wp-json\/wp\/v2\/product_brand?post=8464"},{"taxonomy":"product_cat","embeddable":true,"href":"https:\/\/fuglebutikken.no\/en\/wp-json\/wp\/v2\/product_cat?post=8464"},{"taxonomy":"product_tag","embeddable":true,"href":"https:\/\/fuglebutikken.no\/en\/wp-json\/wp\/v2\/product_tag?post=8464"},{"taxonomy":"woo-feed-brand","embeddable":true,"href":"https:\/\/fuglebutikken.no\/en\/wp-json\/wp\/v2\/woo-feed-brand?post=8464"}],"curies":[{"name":"wp","href":"https:\/\/api.w.org\/{rel}","templated":true}]}}