{"id":8460,"date":"2022-10-29T13:28:44","date_gmt":"2022-10-29T11:28:44","guid":{"rendered":"https:\/\/fuglebutikken.no\/butikk\/ukategorisert\/ferplast-sittepinner-justerbar\/"},"modified":"2025-11-05T16:25:25","modified_gmt":"2025-11-05T15:25:25","slug":"ferplast-sittepinner-justerbar","status":"publish","type":"product","link":"https:\/\/fuglebutikken.no\/en\/butikk\/fugl-som-hobby\/fugl\/fuglebur-og-fuglebur-tilbehor\/bur-tilbehor\/sittepinner\/ferplast-sittepinner-justerbar\/","title":{"rendered":"Ferplast sittepinner justerbar i plast 2pk"},"content":{"rendered":"<h2>Ferplast sittepinner justerbar i plast 2pk<\/h2>\n<p>Komfortable sittepinner i plast er uttrekkbare og belagt med myk gummi for \u00e5 forhindre skader og hard hud p\u00e5 fuglens sarte f\u00f8tter. De kan enkelt monteres takket v\u00e6re et spesielt festesystem som de er utstyrt med. Komfort sittepinner finnes i to forskjellige st\u00f8rrelser: Comfort 1 og Comfort 2. Den lille st\u00f8rrelsen, Comfort 1, passer for kanarifugler, eksotiske fugler og andre sm\u00e5fugler. Den store st\u00f8rrelsen, Comfort 2, er egnet for dvergpapeg\u00f8yer og undulater og kan ogs\u00e5 brukes til kaker og sm\u00e5 papeg\u00f8yer.<\/p>","protected":false},"excerpt":{"rendered":"<h3>Ferplast sittepinner justerbar i plast 2pk<\/h3>\n<ul>\n<li>Justerbar lengde<\/li>\n<li>Dekket av myk gummi for \u00e5 unng\u00e5 fotskader<\/li>\n<li>Pakken inneholder 2 stk<\/li>\n<li>Tilgjengelig i to st\u00f8rrelser, for forskjellige fuglearter<\/li>\n<li>\u00d812mm 22.6-32.6 cm<\/li>\n<li>\u00d816mm 27-42 cm<\/li>\n<\/ul>","protected":false},"featured_media":23305,"comment_status":"closed","ping_status":"closed","template":"","meta":{"content-type":"","_uf_show_specific_survey":0,"_uf_disable_surveys":false,"_monsterinsights_skip_tracking":false,"_monsterinsights_sitenote_active":false,"_monsterinsights_sitenote_note":"","_monsterinsights_sitenote_category":0},"pwb-brand":[661],"product_brand":[],"product_cat":[2203,41,1147,1451],"product_tag":[2166],"woo-feed-brand":[],"class_list":{"0":"post-8460","1":"product","2":"type-product","3":"status-publish","4":"has-post-thumbnail","6":"pwb-brand-ferplast","7":"product_cat-bur-tilbehor","8":"product_cat-fugl","9":"product_cat-fugl-som-hobby","10":"product_cat-sittepinner","11":"product_tag-sittepinner-og-sitteplasser","13":"first","14":"instock","15":"taxable","16":"shipping-taxable","17":"purchasable","18":"product-type-variable","19":"has-default-attributes"},"exclude_global_add_ons":[],"addons":[],"brands":[{"id":661,"name":"Ferplast","slug":"ferplast"}],"_links":{"self":[{"href":"https:\/\/fuglebutikken.no\/en\/wp-json\/wp\/v2\/product\/8460","targetHints":{"allow":["GET"]}}],"collection":[{"href":"https:\/\/fuglebutikken.no\/en\/wp-json\/wp\/v2\/product"}],"about":[{"href":"https:\/\/fuglebutikken.no\/en\/wp-json\/wp\/v2\/types\/product"}],"replies":[{"embeddable":true,"href":"https:\/\/fuglebutikken.no\/en\/wp-json\/wp\/v2\/comments?post=8460"}],"wp:featuredmedia":[{"embeddable":true,"href":"https:\/\/fuglebutikken.no\/en\/wp-json\/wp\/v2\/media\/23305"}],"wp:attachment":[{"href":"https:\/\/fuglebutikken.no\/en\/wp-json\/wp\/v2\/media?parent=8460"}],"wp:term":[{"taxonomy":"pwb-brand","embeddable":true,"href":"https:\/\/fuglebutikken.no\/en\/wp-json\/wp\/v2\/pwb-brand?post=8460"},{"taxonomy":"product_brand","embeddable":true,"href":"https:\/\/fuglebutikken.no\/en\/wp-json\/wp\/v2\/product_brand?post=8460"},{"taxonomy":"product_cat","embeddable":true,"href":"https:\/\/fuglebutikken.no\/en\/wp-json\/wp\/v2\/product_cat?post=8460"},{"taxonomy":"product_tag","embeddable":true,"href":"https:\/\/fuglebutikken.no\/en\/wp-json\/wp\/v2\/product_tag?post=8460"},{"taxonomy":"woo-feed-brand","embeddable":true,"href":"https:\/\/fuglebutikken.no\/en\/wp-json\/wp\/v2\/woo-feed-brand?post=8460"}],"curies":[{"name":"wp","href":"https:\/\/api.w.org\/{rel}","templated":true}]}}