{"id":8454,"date":"2022-10-29T13:33:24","date_gmt":"2022-10-29T11:33:24","guid":{"rendered":"https:\/\/fuglebutikken.no\/butikk\/ukategorisert\/ferplast-flex\/"},"modified":"2024-05-28T12:47:02","modified_gmt":"2024-05-28T10:47:02","slug":"ferplast-flex","status":"publish","type":"product","link":"https:\/\/fuglebutikken.no\/en\/butikk\/fugl-som-hobby\/fugl\/fuglebur-og-fuglebur-tilbehor\/bur-tilbehor\/sittepinner\/ferplast-flex\/","title":{"rendered":"Ferplast Flex sittepinne"},"content":{"rendered":"<h2>Ferplast Flex sittepinne<\/h2>\n<p>Ha det g\u00f8y med \u00e5 lage nye sittel\u00f8sninger til dine burfulger! Innovative flexible modular burpinne systemet fra Ferplast er fleksibel, slik at du kan endre formen kontinuerlig, noe som gir fuglene dine en ny setting \u00e5 nyte n\u00e5r du m\u00e5tte \u00f8nske.<\/p>","protected":false},"excerpt":{"rendered":"<h3>Ferplast Flex sittepinne<\/h3>\n<ul>\n<li>Flexibelt modulsystem ideell for de fleste tropefugler<\/li>\n<li>Kan festes til alle typer tr\u00e5dnett, bur og voilere<\/li>\n<li>12 mm diameter til finker, undelater og mindre burfugler<\/li>\n<li>16 mm diameter til parakitter og mindre papeg\u00f8yer<\/li>\n<li>Inneholder 79 stykker<\/li>\n<\/ul>","protected":false},"featured_media":8443,"comment_status":"closed","ping_status":"closed","template":"","meta":{"content-type":"","_uf_show_specific_survey":0,"_uf_disable_surveys":false,"_monsterinsights_skip_tracking":false,"_monsterinsights_sitenote_active":false,"_monsterinsights_sitenote_note":"","_monsterinsights_sitenote_category":0},"pwb-brand":[661],"product_brand":[],"product_cat":[41,1451],"product_tag":[],"woo-feed-brand":[],"class_list":{"0":"post-8454","1":"product","2":"type-product","3":"status-publish","4":"has-post-thumbnail","6":"pwb-brand-ferplast","7":"product_cat-fugl","8":"product_cat-sittepinner","10":"first","11":"instock","12":"taxable","13":"shipping-taxable","14":"purchasable","15":"product-type-variable","16":"has-default-attributes"},"exclude_global_add_ons":[],"addons":[],"brands":[{"id":661,"name":"Ferplast","slug":"ferplast"}],"_links":{"self":[{"href":"https:\/\/fuglebutikken.no\/en\/wp-json\/wp\/v2\/product\/8454","targetHints":{"allow":["GET"]}}],"collection":[{"href":"https:\/\/fuglebutikken.no\/en\/wp-json\/wp\/v2\/product"}],"about":[{"href":"https:\/\/fuglebutikken.no\/en\/wp-json\/wp\/v2\/types\/product"}],"replies":[{"embeddable":true,"href":"https:\/\/fuglebutikken.no\/en\/wp-json\/wp\/v2\/comments?post=8454"}],"wp:featuredmedia":[{"embeddable":true,"href":"https:\/\/fuglebutikken.no\/en\/wp-json\/wp\/v2\/media\/8443"}],"wp:attachment":[{"href":"https:\/\/fuglebutikken.no\/en\/wp-json\/wp\/v2\/media?parent=8454"}],"wp:term":[{"taxonomy":"pwb-brand","embeddable":true,"href":"https:\/\/fuglebutikken.no\/en\/wp-json\/wp\/v2\/pwb-brand?post=8454"},{"taxonomy":"product_brand","embeddable":true,"href":"https:\/\/fuglebutikken.no\/en\/wp-json\/wp\/v2\/product_brand?post=8454"},{"taxonomy":"product_cat","embeddable":true,"href":"https:\/\/fuglebutikken.no\/en\/wp-json\/wp\/v2\/product_cat?post=8454"},{"taxonomy":"product_tag","embeddable":true,"href":"https:\/\/fuglebutikken.no\/en\/wp-json\/wp\/v2\/product_tag?post=8454"},{"taxonomy":"woo-feed-brand","embeddable":true,"href":"https:\/\/fuglebutikken.no\/en\/wp-json\/wp\/v2\/woo-feed-brand?post=8454"}],"curies":[{"name":"wp","href":"https:\/\/api.w.org\/{rel}","templated":true}]}}