{"id":8423,"date":"2022-10-29T13:01:02","date_gmt":"2022-10-29T11:01:02","guid":{"rendered":"https:\/\/fuglebutikken.no\/butikk\/ukategorisert\/paereholder-fastmontert\/"},"modified":"2025-12-16T19:05:48","modified_gmt":"2025-12-16T18:05:48","slug":"paereholder-fastmontert","status":"publish","type":"product","link":"https:\/\/fuglebutikken.no\/en\/butikk\/lys-varme-reptil\/armatur-paereholder\/paeresokkel-reptil-fugl\/paereholder-fastmontert\/","title":{"rendered":"P\u00e6reholder fastmontert"},"content":{"rendered":"<h2>P\u00e6reholder fastmontert med ledning og bryter<\/h2>\n<p>Ekstremt h\u00f8y kvalitet og laget av varmebestandig materiale egnet som fritthengende tilbeh\u00f8rskabel med str\u00f8mbryter ogs\u00e5 egnet som fast armatur eller for \u201cklemmelamper\u201d inkl. installasjonsinstruksjoner<\/p>\n<p><a href=\"https:\/\/reptil.no\/wp-content\/uploads\/sites\/7\/2022\/10\/Lampe-76108-10.pdf\" target=\"_blank\" rel=\"noopener\">Veiledning for nedlasting<\/a><\/p>","protected":false},"excerpt":{"rendered":"<h3>P\u00e6reholder fastmontert<\/h3>\n<ul>\n<li>Spesielt h\u00f8y kvalitet og termisk motstandsdyktig.<\/li>\n<li>Egnet for fastmontering i vegg eller bakplater i bur<\/li>\n<li>Kabel med bryter og monteringsanvisning inkludert.<\/li>\n<li>160 watt, rett sokkel<\/li>\n<li>Stor sokkel (E27)<\/li>\n<\/ul>\n<p><img decoding=\"async\" class=\"alignnone size-full wp-image-67711\" src=\"https:\/\/tgr.no\/wp-content\/uploads\/2020\/11\/Paereholder-med-porselen-sokkel-og-ledning.png\" alt=\"P\u00e6reholder med porselen sokkel og ledning\" width=\"64\" height=\"64\"><\/p>","protected":false},"featured_media":25908,"comment_status":"closed","ping_status":"closed","template":"","meta":{"content-type":"","_uf_show_specific_survey":0,"_uf_disable_surveys":false,"_monsterinsights_skip_tracking":false,"_monsterinsights_sitenote_active":false,"_monsterinsights_sitenote_note":"","_monsterinsights_sitenote_category":0},"pwb-brand":[653],"product_brand":[],"product_cat":[1661,2116,2276],"product_tag":[2268],"woo-feed-brand":[],"class_list":{"0":"post-8423","1":"product","2":"type-product","3":"status-publish","4":"has-post-thumbnail","6":"pwb-brand-trixie","7":"product_cat-armatur-paereholder","8":"product_cat-lys-varme-reptil","9":"product_cat-paeresokkel-reptil-fugl","10":"product_tag-lysrorlamper","12":"first","13":"outofstock","14":"taxable","15":"shipping-taxable","16":"purchasable","17":"product-type-simple"},"exclude_global_add_ons":[],"addons":[],"brands":[{"id":653,"name":"Trixie","slug":"trixie"}],"_links":{"self":[{"href":"https:\/\/fuglebutikken.no\/en\/wp-json\/wp\/v2\/product\/8423","targetHints":{"allow":["GET"]}}],"collection":[{"href":"https:\/\/fuglebutikken.no\/en\/wp-json\/wp\/v2\/product"}],"about":[{"href":"https:\/\/fuglebutikken.no\/en\/wp-json\/wp\/v2\/types\/product"}],"replies":[{"embeddable":true,"href":"https:\/\/fuglebutikken.no\/en\/wp-json\/wp\/v2\/comments?post=8423"}],"wp:featuredmedia":[{"embeddable":true,"href":"https:\/\/fuglebutikken.no\/en\/wp-json\/wp\/v2\/media\/25908"}],"wp:attachment":[{"href":"https:\/\/fuglebutikken.no\/en\/wp-json\/wp\/v2\/media?parent=8423"}],"wp:term":[{"taxonomy":"pwb-brand","embeddable":true,"href":"https:\/\/fuglebutikken.no\/en\/wp-json\/wp\/v2\/pwb-brand?post=8423"},{"taxonomy":"product_brand","embeddable":true,"href":"https:\/\/fuglebutikken.no\/en\/wp-json\/wp\/v2\/product_brand?post=8423"},{"taxonomy":"product_cat","embeddable":true,"href":"https:\/\/fuglebutikken.no\/en\/wp-json\/wp\/v2\/product_cat?post=8423"},{"taxonomy":"product_tag","embeddable":true,"href":"https:\/\/fuglebutikken.no\/en\/wp-json\/wp\/v2\/product_tag?post=8423"},{"taxonomy":"woo-feed-brand","embeddable":true,"href":"https:\/\/fuglebutikken.no\/en\/wp-json\/wp\/v2\/woo-feed-brand?post=8423"}],"curies":[{"name":"wp","href":"https:\/\/api.w.org\/{rel}","templated":true}]}}