{"id":84,"date":"2020-02-22T18:08:56","date_gmt":"2020-02-22T17:08:56","guid":{"rendered":"https:\/\/274105-www.web.tornado-node.net\/fugl\/product\/gd-royal-queen-gra-gra-122x91x192cm\/"},"modified":"2026-03-18T11:52:17","modified_gmt":"2026-03-18T10:52:17","slug":"gd-royal-queen-gra-gra-122x91x192cm","status":"publish","type":"product","link":"https:\/\/fuglebutikken.no\/en\/butikk\/fugl-som-hobby\/fugl\/fuglebur-og-fuglebur-tilbehor\/fugl-bur\/voliere\/gd-royal-queen-gra-gra-122x91x192cm\/","title":{"rendered":"GD Royal Queen gr\u00e5 122x91x192cm"},"content":{"rendered":"<h2 class=\"\">GD Royal Queen gr\u00e5 122x91x192cm<\/h2>","protected":false},"excerpt":{"rendered":"<h3 class=\"\">GD Royal Queen gr\u00e5 122x91x192cm<\/h3>\n<p>Stort fuglebur som passer til fleste Parakitter og papeg\u00f8yer<\/p>\n<p><img decoding=\"async\" class=\"alignleft size-full wp-image-59415\" src=\"https:\/\/admin.tgr.no\/wp-content\/uploads\/2020\/02\/Palle-frakt-1.png\" alt=\"\" width=\"90\" height=\"90\">M\u00e5 sendes hjem p\u00e5 pall, velg fraktmetode: Palle-frakt store terrarium\/akvarium\/bur\/produkter<br \/>\neller hent gratis i v\u00e5r butikk p\u00e5 Lade Arena i Trondheim, velg: Lokal henting p\u00e5 Lade Arena, Trondheim (gratis)<\/p>","protected":false},"featured_media":27998,"comment_status":"closed","ping_status":"closed","template":"","meta":{"content-type":"","_uf_show_specific_survey":0,"_uf_disable_surveys":false,"_monsterinsights_skip_tracking":false,"_monsterinsights_sitenote_active":false,"_monsterinsights_sitenote_note":"","_monsterinsights_sitenote_category":0},"pwb-brand":[662],"product_brand":[],"product_cat":[2202,41,1147,2162,2285],"product_tag":[581,3270],"woo-feed-brand":[],"class_list":{"0":"post-84","1":"product","2":"type-product","3":"status-publish","4":"has-post-thumbnail","6":"pwb-brand-gd","7":"product_cat-fugl-bur","8":"product_cat-fugl","9":"product_cat-fugl-som-hobby","10":"product_cat-fuglebur-og-fuglebur-tilbehor","11":"product_cat-voliere","12":"product_tag-papegoye","13":"product_tag-store-fuglebur-og-volierer-for-tropefugler","14":"product_shipping_class-hjemlevering-palle-frakt","16":"first","17":"instock","18":"taxable","19":"shipping-taxable","20":"purchasable","21":"product-type-simple"},"exclude_global_add_ons":[],"addons":[],"brands":[{"id":662,"name":"GD","slug":"gd"}],"_links":{"self":[{"href":"https:\/\/fuglebutikken.no\/en\/wp-json\/wp\/v2\/product\/84","targetHints":{"allow":["GET"]}}],"collection":[{"href":"https:\/\/fuglebutikken.no\/en\/wp-json\/wp\/v2\/product"}],"about":[{"href":"https:\/\/fuglebutikken.no\/en\/wp-json\/wp\/v2\/types\/product"}],"replies":[{"embeddable":true,"href":"https:\/\/fuglebutikken.no\/en\/wp-json\/wp\/v2\/comments?post=84"}],"wp:featuredmedia":[{"embeddable":true,"href":"https:\/\/fuglebutikken.no\/en\/wp-json\/wp\/v2\/media\/27998"}],"wp:attachment":[{"href":"https:\/\/fuglebutikken.no\/en\/wp-json\/wp\/v2\/media?parent=84"}],"wp:term":[{"taxonomy":"pwb-brand","embeddable":true,"href":"https:\/\/fuglebutikken.no\/en\/wp-json\/wp\/v2\/pwb-brand?post=84"},{"taxonomy":"product_brand","embeddable":true,"href":"https:\/\/fuglebutikken.no\/en\/wp-json\/wp\/v2\/product_brand?post=84"},{"taxonomy":"product_cat","embeddable":true,"href":"https:\/\/fuglebutikken.no\/en\/wp-json\/wp\/v2\/product_cat?post=84"},{"taxonomy":"product_tag","embeddable":true,"href":"https:\/\/fuglebutikken.no\/en\/wp-json\/wp\/v2\/product_tag?post=84"},{"taxonomy":"woo-feed-brand","embeddable":true,"href":"https:\/\/fuglebutikken.no\/en\/wp-json\/wp\/v2\/woo-feed-brand?post=84"}],"curies":[{"name":"wp","href":"https:\/\/api.w.org\/{rel}","templated":true}]}}