{"id":8389,"date":"2022-10-29T10:32:43","date_gmt":"2022-10-29T08:32:43","guid":{"rendered":"https:\/\/fuglebutikken.no\/butikk\/ukategorisert\/fugleleke-confetti\/"},"modified":"2025-03-06T13:57:50","modified_gmt":"2025-03-06T12:57:50","slug":"fugleleke-confetti","status":"publish","type":"product","link":"https:\/\/fuglebutikken.no\/en\/butikk\/fugl-som-hobby\/fugl\/fugleleke-confetti\/","title":{"rendered":"Fugleleke confetti nesting"},"content":{"rendered":"<h2>Fugleleke confetti nesting<\/h2>\n<p>leker til fugl er viktig for \u00e5 skape harmoniske fugler. Aktiviser fuglen din med denne herlige confetti leken.<br \/>\nS\u00f8rg foor \u00e5 ha fuglelekesett med leker til undulat, parakitt, papeg\u00f8yer og det du har av fugler hjemme.<\/p>\n<p>8beaks ble etablert i 2002. Lisa har en enkel filosofi&#8230; Kvalitet, kreativitet og utf\u00f8relse. Alle spesiallekene hennes er originale design og h\u00e5ndlaget av Lisa for din bestilling med kj\u00e6rlighet, t\u00e5lmodighet og den st\u00f8rste forsiktighet. Dessuten drives denne spesielle lille virksomheten utelukkende av Lisa. Vennligst ta hensyn til tiden og forsiktigheten det tar n\u00e5r du h\u00e5ndterer bestillingen din. Lekene dine lages av henne personlig (det er ingen hjelpere p\u00e5 8beaks)&#8230; dette sikrer kvaliteten, omsorgen og oppmerksomheten p\u00e5 detaljer som g\u00e5r inn i hver eneste leke som lages).<\/p>","protected":false},"excerpt":{"rendered":"<h3>Fugleleke confetti nesting<\/h3>\n<p>Leke for fuglene hvor de kan rive og rive og hente hekkemateriale fra.<br \/>\nPasser for alle mindre fugler, aktiverer fuglens nysgjerrighet til \u00e5 fikle og plukke.<\/p>\n<ul>\n<li>30x18x7 cm<\/li>\n<\/ul>","protected":false},"featured_media":12755,"comment_status":"closed","ping_status":"closed","template":"","meta":{"content-type":"","_uf_show_specific_survey":0,"_uf_disable_surveys":false,"_monsterinsights_skip_tracking":false,"_monsterinsights_sitenote_active":false,"_monsterinsights_sitenote_note":"","_monsterinsights_sitenote_category":0},"pwb-brand":[],"product_brand":[],"product_cat":[41,1147],"product_tag":[],"woo-feed-brand":[],"class_list":{"0":"post-8389","1":"product","2":"type-product","3":"status-publish","4":"has-post-thumbnail","6":"product_cat-fugl","7":"product_cat-fugl-som-hobby","9":"first","10":"instock","11":"taxable","12":"shipping-taxable","13":"purchasable","14":"product-type-simple"},"exclude_global_add_ons":[],"addons":[],"brands":[],"_links":{"self":[{"href":"https:\/\/fuglebutikken.no\/en\/wp-json\/wp\/v2\/product\/8389","targetHints":{"allow":["GET"]}}],"collection":[{"href":"https:\/\/fuglebutikken.no\/en\/wp-json\/wp\/v2\/product"}],"about":[{"href":"https:\/\/fuglebutikken.no\/en\/wp-json\/wp\/v2\/types\/product"}],"replies":[{"embeddable":true,"href":"https:\/\/fuglebutikken.no\/en\/wp-json\/wp\/v2\/comments?post=8389"}],"wp:featuredmedia":[{"embeddable":true,"href":"https:\/\/fuglebutikken.no\/en\/wp-json\/wp\/v2\/media\/12755"}],"wp:attachment":[{"href":"https:\/\/fuglebutikken.no\/en\/wp-json\/wp\/v2\/media?parent=8389"}],"wp:term":[{"taxonomy":"pwb-brand","embeddable":true,"href":"https:\/\/fuglebutikken.no\/en\/wp-json\/wp\/v2\/pwb-brand?post=8389"},{"taxonomy":"product_brand","embeddable":true,"href":"https:\/\/fuglebutikken.no\/en\/wp-json\/wp\/v2\/product_brand?post=8389"},{"taxonomy":"product_cat","embeddable":true,"href":"https:\/\/fuglebutikken.no\/en\/wp-json\/wp\/v2\/product_cat?post=8389"},{"taxonomy":"product_tag","embeddable":true,"href":"https:\/\/fuglebutikken.no\/en\/wp-json\/wp\/v2\/product_tag?post=8389"},{"taxonomy":"woo-feed-brand","embeddable":true,"href":"https:\/\/fuglebutikken.no\/en\/wp-json\/wp\/v2\/woo-feed-brand?post=8389"}],"curies":[{"name":"wp","href":"https:\/\/api.w.org\/{rel}","templated":true}]}}