{"id":8350,"date":"2022-10-28T09:50:38","date_gmt":"2022-10-28T07:50:38","guid":{"rendered":"https:\/\/fuglebutikken.no\/butikk\/ukategorisert\/papegoye-lekeplass\/"},"modified":"2026-01-20T08:48:14","modified_gmt":"2026-01-20T07:48:14","slug":"papegoye-lekeplass","status":"publish","type":"product","link":"https:\/\/fuglebutikken.no\/en\/butikk\/fugl-som-hobby\/fugl\/fuglebur-og-fuglebur-tilbehor\/fugl-bur\/parakittbur\/papegoye-lekeplass\/","title":{"rendered":"Papeg\u00f8ye lekeplass"},"content":{"rendered":"<h2>Papeg\u00f8ye lekeplass<\/h2>\n<div class=\"row description\">\n<div class=\"col-12\">\n<h2 class=\"title h4\">Beskrivelse<\/h2>\n<div class=\"value content\">\n<p>Denne lekeplassen for papeg\u00f8ye vil v\u00e6re perfekt underholdning for fuglen.<\/p>\n<p>Lekeplassen er designet med to stiger og en huske. I tillegg, p\u00e5 begge sider av trestangen er det to sk\u00e5ler i rustfritt st\u00e5l hvor du kan gi papeg\u00f8yen mat og drikke. Det er ogs\u00e5 en bredere flyttbar skuff i bunnen for \u00e5 fange opp s\u00f8l. Lekeplassen er lett \u00e5 bevege, takket v\u00e6re de sterke hjulene.<\/p>\n<p>Denne modellen er egnet for mellomstore og st\u00f8rre papeg\u00f8yer.<\/p>\n<\/div>\n<\/div>\n<\/div>\n<div class=\"row details\">\n<div class=\"col-12\">\n<h2 class=\"title h4\">Spesifikasjoner<\/h2>\n<div class=\"value content\">\n<ul>\n<li>Farge: s\u00f8lvgr\u00e5<\/li>\n<li>Materiale: metall<\/li>\n<li>M\u00e5l: 92x54x142 (L x B x H)<\/li>\n<li>Med to trinn og en huske<\/li>\n<li>Inkluderer to vann-\/matbrett i rustfritt st\u00e5l<\/li>\n<li>4 svinghjul<\/li>\n<\/ul>\n<\/div>\n<\/div>\n<\/div>","protected":false},"excerpt":{"rendered":"<h3>Papeg\u00f8ye lekeplass<\/h3>\n<ul>\n<li>\n<p class=\"font-product-title\">92X54X142cm<\/p>\n<\/li>\n<\/ul>","protected":false},"featured_media":26502,"comment_status":"closed","ping_status":"closed","template":"","meta":{"content-type":"","_uf_show_specific_survey":0,"_uf_disable_surveys":false,"_monsterinsights_skip_tracking":false,"_monsterinsights_sitenote_active":false,"_monsterinsights_sitenote_note":"","_monsterinsights_sitenote_category":0},"pwb-brand":[1723],"product_brand":[],"product_cat":[2202,41,1147,1649],"product_tag":[],"woo-feed-brand":[],"class_list":{"0":"post-8350","1":"product","2":"type-product","3":"status-publish","4":"has-post-thumbnail","6":"pwb-brand-akudim","7":"product_cat-fugl-bur","8":"product_cat-fugl","9":"product_cat-fugl-som-hobby","10":"product_cat-parakittbur","12":"first","13":"outofstock","14":"taxable","15":"shipping-taxable","16":"purchasable","17":"product-type-simple"},"exclude_global_add_ons":[],"addons":[],"brands":[{"id":1723,"name":"Akudim","slug":"akudim"}],"_links":{"self":[{"href":"https:\/\/fuglebutikken.no\/en\/wp-json\/wp\/v2\/product\/8350","targetHints":{"allow":["GET"]}}],"collection":[{"href":"https:\/\/fuglebutikken.no\/en\/wp-json\/wp\/v2\/product"}],"about":[{"href":"https:\/\/fuglebutikken.no\/en\/wp-json\/wp\/v2\/types\/product"}],"replies":[{"embeddable":true,"href":"https:\/\/fuglebutikken.no\/en\/wp-json\/wp\/v2\/comments?post=8350"}],"wp:featuredmedia":[{"embeddable":true,"href":"https:\/\/fuglebutikken.no\/en\/wp-json\/wp\/v2\/media\/26502"}],"wp:attachment":[{"href":"https:\/\/fuglebutikken.no\/en\/wp-json\/wp\/v2\/media?parent=8350"}],"wp:term":[{"taxonomy":"pwb-brand","embeddable":true,"href":"https:\/\/fuglebutikken.no\/en\/wp-json\/wp\/v2\/pwb-brand?post=8350"},{"taxonomy":"product_brand","embeddable":true,"href":"https:\/\/fuglebutikken.no\/en\/wp-json\/wp\/v2\/product_brand?post=8350"},{"taxonomy":"product_cat","embeddable":true,"href":"https:\/\/fuglebutikken.no\/en\/wp-json\/wp\/v2\/product_cat?post=8350"},{"taxonomy":"product_tag","embeddable":true,"href":"https:\/\/fuglebutikken.no\/en\/wp-json\/wp\/v2\/product_tag?post=8350"},{"taxonomy":"woo-feed-brand","embeddable":true,"href":"https:\/\/fuglebutikken.no\/en\/wp-json\/wp\/v2\/woo-feed-brand?post=8350"}],"curies":[{"name":"wp","href":"https:\/\/api.w.org\/{rel}","templated":true}]}}