{"id":8318,"date":"2022-10-21T13:06:50","date_gmt":"2022-10-21T11:06:50","guid":{"rendered":"https:\/\/fuglebutikken.no\/butikk\/ukategorisert\/transportbur-smadyr\/"},"modified":"2023-05-12T18:57:24","modified_gmt":"2023-05-12T16:57:24","slug":"transportbur-smadyr","status":"publish","type":"product","link":"https:\/\/fuglebutikken.no\/en\/butikk\/fugl-som-hobby\/fugl\/transportbur-smadyr\/","title":{"rendered":"Transportbur sm\u00e5dyr Ferplast  Aladino"},"content":{"rendered":"<h2>Transportbur sm\u00e5dyr Ferplast Aladino<\/h2>\n<p><a href=\"https:\/\/gnagerbutikken.no\/wp-content\/uploads\/sites\/2\/2022\/10\/Aladino-brukermanual.pdf\" target=\"_blank\" rel=\"noopener\">Brukermanual for nedlasting<\/a><\/p>","protected":false},"excerpt":{"rendered":"<h3>Transportbur sm\u00e5dyr Ferplast Aladino<\/h3>\n<ul>\n<li>Riktig innvendig luftsirkulasjon<\/li>\n<li>Gjennomsiktig plastdeksel for \u00e5 la kj\u00e6ledyret v\u00e6re under kontroll<\/li>\n<li>Utstyrt med praktisk h\u00e5ndtak<\/li>\n<li>Tre st\u00f8rrelser og farger \u00e5 velge mellom<\/li>\n<\/ul>","protected":false},"featured_media":8315,"comment_status":"closed","ping_status":"closed","template":"","meta":{"content-type":"","_uf_show_specific_survey":0,"_uf_disable_surveys":false,"_monsterinsights_skip_tracking":false,"_monsterinsights_sitenote_active":false,"_monsterinsights_sitenote_note":"","_monsterinsights_sitenote_category":0},"pwb-brand":[661],"product_brand":[],"product_cat":[41],"product_tag":[],"woo-feed-brand":[],"class_list":{"0":"post-8318","1":"product","2":"type-product","3":"status-publish","4":"has-post-thumbnail","6":"pwb-brand-ferplast","7":"product_cat-fugl","9":"first","10":"instock","11":"taxable","12":"shipping-taxable","13":"purchasable","14":"product-type-variable","15":"has-default-attributes"},"exclude_global_add_ons":[],"addons":[],"brands":[{"id":661,"name":"Ferplast","slug":"ferplast"}],"_links":{"self":[{"href":"https:\/\/fuglebutikken.no\/en\/wp-json\/wp\/v2\/product\/8318","targetHints":{"allow":["GET"]}}],"collection":[{"href":"https:\/\/fuglebutikken.no\/en\/wp-json\/wp\/v2\/product"}],"about":[{"href":"https:\/\/fuglebutikken.no\/en\/wp-json\/wp\/v2\/types\/product"}],"replies":[{"embeddable":true,"href":"https:\/\/fuglebutikken.no\/en\/wp-json\/wp\/v2\/comments?post=8318"}],"wp:featuredmedia":[{"embeddable":true,"href":"https:\/\/fuglebutikken.no\/en\/wp-json\/wp\/v2\/media\/8315"}],"wp:attachment":[{"href":"https:\/\/fuglebutikken.no\/en\/wp-json\/wp\/v2\/media?parent=8318"}],"wp:term":[{"taxonomy":"pwb-brand","embeddable":true,"href":"https:\/\/fuglebutikken.no\/en\/wp-json\/wp\/v2\/pwb-brand?post=8318"},{"taxonomy":"product_brand","embeddable":true,"href":"https:\/\/fuglebutikken.no\/en\/wp-json\/wp\/v2\/product_brand?post=8318"},{"taxonomy":"product_cat","embeddable":true,"href":"https:\/\/fuglebutikken.no\/en\/wp-json\/wp\/v2\/product_cat?post=8318"},{"taxonomy":"product_tag","embeddable":true,"href":"https:\/\/fuglebutikken.no\/en\/wp-json\/wp\/v2\/product_tag?post=8318"},{"taxonomy":"woo-feed-brand","embeddable":true,"href":"https:\/\/fuglebutikken.no\/en\/wp-json\/wp\/v2\/woo-feed-brand?post=8318"}],"curies":[{"name":"wp","href":"https:\/\/api.w.org\/{rel}","templated":true}]}}