{"id":8279,"date":"2022-10-20T10:36:50","date_gmt":"2022-10-20T08:36:50","guid":{"rendered":"https:\/\/fuglebutikken.no\/butikk\/ukategorisert\/trixie-keramikk-skal-ass-farger-100ml\/"},"modified":"2025-08-29T12:05:26","modified_gmt":"2025-08-29T10:05:26","slug":"trixie-keramikk-skal-ass-farger-100ml","status":"publish","type":"product","link":"https:\/\/fuglebutikken.no\/en\/butikk\/fugl-som-hobby\/fugl\/fuglebur-og-fuglebur-tilbehor\/bur-tilbehor\/fugleskaler-og-automater\/trixie-keramikk-skal-ass-farger-100ml\/","title":{"rendered":"Trixie Keramikk sk\u00e5l ass farger 100ml"},"content":{"rendered":"<h2>Trixie Keramikk sk\u00e5l ass farger 100ml<\/h2>\n<p>Oppdag den perfekte sk\u00e5len for ditt lille kj\u00e6ledyr med Trixie Keramikk sk\u00e5l, designet for mus, hamster og fugler. Denne stilige keramikksk\u00e5len p\u00e5 100 ml kombinerer funksjonalitet med et lekent design og gir en trygg og attraktiv m\u00e5te \u00e5 servere mat.<\/p>\n<h3>N\u00f8kkelfordeler<\/h3>\n<p>Med en avrundet kant er denne sk\u00e5len designet for \u00e5 hindre at maten kastes ut, noe som betyr mindre rot og enklere rengj\u00f8ring for deg. Den kommer i assorterte farger som gir et friskt og fargerikt preg til kj\u00e6ledyrs omr\u00e5det. Med en diameter p\u00e5 9 cm er den ideell for b\u00e5de sm\u00e5 og mellomstore kj\u00e6ledyr.<\/p>\n<h3>Bruksanvisning<\/h3>\n<p>Fyll sk\u00e5len med det foretrukne f\u00f4ret for kj\u00e6ledyret ditt og plasser den i bur eller lekeomr\u00e5de. Pass p\u00e5 at sk\u00e5len er stabilt plassert for \u00e5 unng\u00e5 spill. Rengj\u00f8r sk\u00e5len regelmessig for \u00e5 opprettholde god hygiene og sikre at kj\u00e6ledyret ditt alltid har tilgang til fersk mat.<\/p>\n<h3>Tilleggsinformasjon<\/h3>\n<p>Trixie Keramikk sk\u00e5l er laget av holdbar keramikk, noe som sikrer langvarig bruk. Sk\u00e5len kommer i assorterte farger, som gir en variert estetikk til kj\u00e6ledyrets milj\u00f8. Velg en sk\u00e5l som ikke bare er praktisk, men ogs\u00e5 et dekorativt element i hjemmet ditt.<\/p>","protected":false},"excerpt":{"rendered":"<h3>Trixie Keramikk sk\u00e5l ass farger 100ml<\/h3>\n<p>Perfekt til mus, hamster og fugler<\/p>\n<ul>\n<li>\u00d89cm<\/li>\n<li>100ml<\/li>\n<li>Assorterte farger<\/li>\n<\/ul>","protected":false},"featured_media":21120,"comment_status":"closed","ping_status":"closed","template":"","meta":{"content-type":"","_uf_show_specific_survey":0,"_uf_disable_surveys":false,"_monsterinsights_skip_tracking":false,"_monsterinsights_sitenote_active":false,"_monsterinsights_sitenote_note":"","_monsterinsights_sitenote_category":0},"pwb-brand":[653],"product_brand":[],"product_cat":[2242,1945,41,50,1946],"product_tag":[1021],"woo-feed-brand":[],"class_list":{"0":"post-8279","1":"product","2":"type-product","3":"status-publish","4":"has-post-thumbnail","6":"pwb-brand-trixie","7":"product_cat-burinventar","8":"product_cat-dyr-som-hobby","9":"product_cat-fugl","10":"product_cat-fugleskaler-og-automater","11":"product_cat-smadyr","12":"product_tag-matskal","14":"first","15":"instock","16":"taxable","17":"shipping-taxable","18":"purchasable","19":"product-type-simple"},"exclude_global_add_ons":[],"addons":[],"brands":[{"id":653,"name":"Trixie","slug":"trixie"}],"_links":{"self":[{"href":"https:\/\/fuglebutikken.no\/en\/wp-json\/wp\/v2\/product\/8279","targetHints":{"allow":["GET"]}}],"collection":[{"href":"https:\/\/fuglebutikken.no\/en\/wp-json\/wp\/v2\/product"}],"about":[{"href":"https:\/\/fuglebutikken.no\/en\/wp-json\/wp\/v2\/types\/product"}],"replies":[{"embeddable":true,"href":"https:\/\/fuglebutikken.no\/en\/wp-json\/wp\/v2\/comments?post=8279"}],"wp:featuredmedia":[{"embeddable":true,"href":"https:\/\/fuglebutikken.no\/en\/wp-json\/wp\/v2\/media\/21120"}],"wp:attachment":[{"href":"https:\/\/fuglebutikken.no\/en\/wp-json\/wp\/v2\/media?parent=8279"}],"wp:term":[{"taxonomy":"pwb-brand","embeddable":true,"href":"https:\/\/fuglebutikken.no\/en\/wp-json\/wp\/v2\/pwb-brand?post=8279"},{"taxonomy":"product_brand","embeddable":true,"href":"https:\/\/fuglebutikken.no\/en\/wp-json\/wp\/v2\/product_brand?post=8279"},{"taxonomy":"product_cat","embeddable":true,"href":"https:\/\/fuglebutikken.no\/en\/wp-json\/wp\/v2\/product_cat?post=8279"},{"taxonomy":"product_tag","embeddable":true,"href":"https:\/\/fuglebutikken.no\/en\/wp-json\/wp\/v2\/product_tag?post=8279"},{"taxonomy":"woo-feed-brand","embeddable":true,"href":"https:\/\/fuglebutikken.no\/en\/wp-json\/wp\/v2\/woo-feed-brand?post=8279"}],"curies":[{"name":"wp","href":"https:\/\/api.w.org\/{rel}","templated":true}]}}