{"id":8269,"date":"2022-10-19T13:32:12","date_gmt":"2022-10-19T11:32:12","guid":{"rendered":"https:\/\/fuglebutikken.no\/butikk\/ukategorisert\/pawise-burskal-hutigfeste\/"},"modified":"2026-02-03T00:37:35","modified_gmt":"2026-02-02T23:37:35","slug":"pawise-burskal-hutigfeste","status":"publish","type":"product","link":"https:\/\/fuglebutikken.no\/en\/butikk\/fugl-som-hobby\/fugl\/fuglebur-og-fuglebur-tilbehor\/bur-tilbehor\/fugleskaler-og-automater\/pawise-burskal-hutigfeste\/","title":{"rendered":"Pawise bursk\u00e5l hutigfeste"},"content":{"rendered":"<h2>Pawise bursk\u00e5l hutigfeste<\/h2>\n<p>300 ml &#8211; Marsvin, rotter og gullhamstere &#8211; \u00d88,5cm -7cm h\u00f8yde<br \/>\n600 ml &#8211; Kaniner, ildere og chinchillaer &#8211; 11cm &#8211; 7,5cm h\u00f8yde<\/p>\n<p>&nbsp;<\/p>","protected":false},"excerpt":{"rendered":"<h3>Pawise bursk\u00e5l hutigfeste<\/h3>\n<p>Pawise Locking Crock Bowl<\/p>\n<p>Smarte kj\u00e6ledyrforeldre elsker Pawise sine produkter for deres kvalitet og fornuftige priser \u2013 mens kj\u00e6ledyr elsker Pawise for deres morsomme og slitesterke leker og produkter.<\/p>\n<p>Pawise Locking Crock Bowl er flott for dyr og fugler som blir litt for begeistret for mat- eller vannsk\u00e5len og dermed elsker \u00e5 rive de ned eller \u00f8delegge de. Disse brukervennlige sk\u00e5lene i crock-stil er laget av kraftig plast og kan festes til hvilket som helst fuglebur eller bur til gnagere, sm\u00e5dyr og kaniner. Passer til kaniner, ildere, chinchillaer, marsvin, rotter og gullhamstere samt de fleste burfugler<\/p>\n<ul>\n<li>Laget av kraftig, slitesterk plast<\/li>\n<li>Sitter p\u00e5 plass inne i buret<\/li>\n<li>enkelt \u00e5 ta ut for \u00e5 rengj\u00f8re vannsk\u00e5len eller fylle p\u00e5 mat i matsk\u00e5len<\/li>\n<li>Kan festes til hvilken som helst burtr\u00e5d<\/li>\n<li>Enkel \u00e5 rengj\u00f8re<\/li>\n<li>Perfekt h\u00f8yde \u2013 enkel tilgang til mat og vann<\/li>\n<li>Tygge- og flekkbestandig<\/li>\n<li>T\u00e5ler vask i oppvaskmaskin<\/li>\n<li>Enkel \u00e5 montere uten verkt\u00f8y<\/li>\n<li>Assortert farger gr\u00f8nn\/bl\u00e5<\/li>\n<\/ul>","protected":false},"featured_media":27184,"comment_status":"closed","ping_status":"closed","template":"","meta":{"content-type":"","_uf_show_specific_survey":0,"_uf_disable_surveys":false,"_monsterinsights_skip_tracking":false,"_monsterinsights_sitenote_active":false,"_monsterinsights_sitenote_note":"","_monsterinsights_sitenote_category":0},"pwb-brand":[1699],"product_brand":[],"product_cat":[41,50],"product_tag":[2163],"woo-feed-brand":[],"class_list":{"0":"post-8269","1":"product","2":"type-product","3":"status-publish","4":"has-post-thumbnail","6":"pwb-brand-pawise","7":"product_cat-fugl","8":"product_cat-fugleskaler-og-automater","9":"product_tag-fugleskaler-og-f-orkopper","11":"first","12":"instock","13":"taxable","14":"shipping-taxable","15":"purchasable","16":"product-type-variable","17":"has-default-attributes"},"exclude_global_add_ons":[],"addons":[],"brands":[{"id":1699,"name":"Pawise","slug":"pawise"}],"_links":{"self":[{"href":"https:\/\/fuglebutikken.no\/en\/wp-json\/wp\/v2\/product\/8269","targetHints":{"allow":["GET"]}}],"collection":[{"href":"https:\/\/fuglebutikken.no\/en\/wp-json\/wp\/v2\/product"}],"about":[{"href":"https:\/\/fuglebutikken.no\/en\/wp-json\/wp\/v2\/types\/product"}],"replies":[{"embeddable":true,"href":"https:\/\/fuglebutikken.no\/en\/wp-json\/wp\/v2\/comments?post=8269"}],"wp:featuredmedia":[{"embeddable":true,"href":"https:\/\/fuglebutikken.no\/en\/wp-json\/wp\/v2\/media\/27184"}],"wp:attachment":[{"href":"https:\/\/fuglebutikken.no\/en\/wp-json\/wp\/v2\/media?parent=8269"}],"wp:term":[{"taxonomy":"pwb-brand","embeddable":true,"href":"https:\/\/fuglebutikken.no\/en\/wp-json\/wp\/v2\/pwb-brand?post=8269"},{"taxonomy":"product_brand","embeddable":true,"href":"https:\/\/fuglebutikken.no\/en\/wp-json\/wp\/v2\/product_brand?post=8269"},{"taxonomy":"product_cat","embeddable":true,"href":"https:\/\/fuglebutikken.no\/en\/wp-json\/wp\/v2\/product_cat?post=8269"},{"taxonomy":"product_tag","embeddable":true,"href":"https:\/\/fuglebutikken.no\/en\/wp-json\/wp\/v2\/product_tag?post=8269"},{"taxonomy":"woo-feed-brand","embeddable":true,"href":"https:\/\/fuglebutikken.no\/en\/wp-json\/wp\/v2\/woo-feed-brand?post=8269"}],"curies":[{"name":"wp","href":"https:\/\/api.w.org\/{rel}","templated":true}]}}