{"id":8216,"date":"2022-10-14T11:48:20","date_gmt":"2022-10-14T09:48:20","guid":{"rendered":"https:\/\/fuglebutikken.no\/butikk\/ukategorisert\/jr-farm-dill\/"},"modified":"2025-11-11T14:34:16","modified_gmt":"2025-11-11T13:34:16","slug":"jr-farm-dill","status":"publish","type":"product","link":"https:\/\/fuglebutikken.no\/en\/butikk\/fugl-som-hobby\/fugl\/spise\/fuglemat-til-undulater-papeg-yer-og-burfugler\/fuglesnacks\/jr-farm-dill\/","title":{"rendered":"JR Farm Dill Sticks"},"content":{"rendered":"<h2>JR Farm Dill Sticks<\/h2>\n<p>F\u00f4rmateriale for dvergkaniner, sm\u00e5dyr og prydfugler<\/p>\n<p>Analytiske bestanddeler<br \/>\nprotein 6 %, fettinnhold 1,7 %, r\u00e5fiber 37,7 %, r\u00e5aske 6,4 %, kalsium 9,100 mg\/kg, fosfor 1,100 mg\/kg, natrium 200 mg\/kg<\/p>\n<p>F\u00f4ringsanbefaling<br \/>\nOpptil 2 pinner per dag i henhold til st\u00f8rrelsen p\u00e5 dyret.<\/p>","protected":false},"excerpt":{"rendered":"<h3>JR Farm Dill Sticks<\/h3>\n<p>Aromatisk sunn nibble-moro i sin mest naturlige form. Dill st\u00f8tter ford\u00f8yelsen og virker beroligende. Kan ogs\u00e5 tilbys som en variert matbit til kj\u00e6ledyrfugler.<\/p>\n<ul>\n<li>15 g<\/li>\n<\/ul>","protected":false},"featured_media":23953,"comment_status":"closed","ping_status":"closed","template":"","meta":{"content-type":"","_uf_show_specific_survey":0,"_uf_disable_surveys":false,"_monsterinsights_skip_tracking":false,"_monsterinsights_sitenote_active":false,"_monsterinsights_sitenote_note":"","_monsterinsights_sitenote_category":0},"pwb-brand":[1296],"product_brand":[],"product_cat":[41,1147,3285,62],"product_tag":[3238],"woo-feed-brand":[],"class_list":{"0":"post-8216","1":"product","2":"type-product","3":"status-publish","4":"has-post-thumbnail","6":"pwb-brand-jrfarm","7":"product_cat-fugl","8":"product_cat-fugl-som-hobby","9":"product_cat-fuglemat-til-undulater-papeg-yer-og-burfugler","10":"product_cat-fuglesnacks","11":"product_tag-snacks-gnagersnacks-til-kanin-hamster-og-marsvin","13":"first","14":"instock","15":"taxable","16":"shipping-taxable","17":"purchasable","18":"product-type-simple"},"exclude_global_add_ons":[],"addons":[],"brands":[{"id":1296,"name":"JRFarm","slug":"jrfarm"}],"_links":{"self":[{"href":"https:\/\/fuglebutikken.no\/en\/wp-json\/wp\/v2\/product\/8216","targetHints":{"allow":["GET"]}}],"collection":[{"href":"https:\/\/fuglebutikken.no\/en\/wp-json\/wp\/v2\/product"}],"about":[{"href":"https:\/\/fuglebutikken.no\/en\/wp-json\/wp\/v2\/types\/product"}],"replies":[{"embeddable":true,"href":"https:\/\/fuglebutikken.no\/en\/wp-json\/wp\/v2\/comments?post=8216"}],"wp:featuredmedia":[{"embeddable":true,"href":"https:\/\/fuglebutikken.no\/en\/wp-json\/wp\/v2\/media\/23953"}],"wp:attachment":[{"href":"https:\/\/fuglebutikken.no\/en\/wp-json\/wp\/v2\/media?parent=8216"}],"wp:term":[{"taxonomy":"pwb-brand","embeddable":true,"href":"https:\/\/fuglebutikken.no\/en\/wp-json\/wp\/v2\/pwb-brand?post=8216"},{"taxonomy":"product_brand","embeddable":true,"href":"https:\/\/fuglebutikken.no\/en\/wp-json\/wp\/v2\/product_brand?post=8216"},{"taxonomy":"product_cat","embeddable":true,"href":"https:\/\/fuglebutikken.no\/en\/wp-json\/wp\/v2\/product_cat?post=8216"},{"taxonomy":"product_tag","embeddable":true,"href":"https:\/\/fuglebutikken.no\/en\/wp-json\/wp\/v2\/product_tag?post=8216"},{"taxonomy":"woo-feed-brand","embeddable":true,"href":"https:\/\/fuglebutikken.no\/en\/wp-json\/wp\/v2\/woo-feed-brand?post=8216"}],"curies":[{"name":"wp","href":"https:\/\/api.w.org\/{rel}","templated":true}]}}