{"id":82,"date":"2020-02-22T18:08:56","date_gmt":"2020-02-22T17:08:56","guid":{"rendered":"https:\/\/274105-www.web.tornado-node.net\/fugl\/product\/gd-royal-king-gra-gra-122x91x196cm\/"},"modified":"2024-11-02T10:43:10","modified_gmt":"2024-11-02T09:43:10","slug":"gd-royal-king-gra-gra-122x91x196cm","status":"publish","type":"product","link":"https:\/\/fuglebutikken.no\/en\/butikk\/fugl-som-hobby\/fugl\/gd-royal-king-gra-gra-122x91x196cm\/","title":{"rendered":"GD Royal king gr\u00e5 122x91x196cm"},"content":{"rendered":"","protected":false},"excerpt":{"rendered":"<p>GD Royal king<\/p>\n<p>Stort fuglebur som passer til undulater og andre parakitter.<\/p>\n<p><img decoding=\"async\" class=\"alignleft size-full wp-image-59415\" src=\"https:\/\/admin.fuglebutikker.kinsta.cloud\/wp-content\/uploads\/2020\/02\/Palle-frakt-1.png\" alt=\"\" width=\"90\" height=\"90\">M\u00e5 sendes hjem p\u00e5 pall, velg fraktmetode: Palle-frakt store terrarium\/akvarium\/bur\/produkter<br \/>\neller hent gratis i v\u00e5r butikk p\u00e5 Lade Arena i Trondheim, velg: Lokal henting p\u00e5 Lade Arena, Trondheim (gratis)<\/p>","protected":false},"featured_media":13063,"comment_status":"closed","ping_status":"closed","template":"","meta":{"content-type":"","_uf_show_specific_survey":0,"_uf_disable_surveys":false,"_monsterinsights_skip_tracking":false,"_monsterinsights_sitenote_active":false,"_monsterinsights_sitenote_note":"","_monsterinsights_sitenote_category":0},"pwb-brand":[662],"product_brand":[],"product_cat":[41,1147],"product_tag":[],"woo-feed-brand":[],"class_list":{"0":"post-82","1":"product","2":"type-product","3":"status-publish","4":"has-post-thumbnail","6":"pwb-brand-gd","7":"product_cat-fugl","8":"product_cat-fugl-som-hobby","10":"first","11":"instock","12":"taxable","13":"shipping-taxable","14":"purchasable","15":"product-type-simple"},"exclude_global_add_ons":[],"addons":[],"brands":[{"id":662,"name":"GD","slug":"gd"}],"_links":{"self":[{"href":"https:\/\/fuglebutikken.no\/en\/wp-json\/wp\/v2\/product\/82","targetHints":{"allow":["GET"]}}],"collection":[{"href":"https:\/\/fuglebutikken.no\/en\/wp-json\/wp\/v2\/product"}],"about":[{"href":"https:\/\/fuglebutikken.no\/en\/wp-json\/wp\/v2\/types\/product"}],"replies":[{"embeddable":true,"href":"https:\/\/fuglebutikken.no\/en\/wp-json\/wp\/v2\/comments?post=82"}],"wp:featuredmedia":[{"embeddable":true,"href":"https:\/\/fuglebutikken.no\/en\/wp-json\/wp\/v2\/media\/13063"}],"wp:attachment":[{"href":"https:\/\/fuglebutikken.no\/en\/wp-json\/wp\/v2\/media?parent=82"}],"wp:term":[{"taxonomy":"pwb-brand","embeddable":true,"href":"https:\/\/fuglebutikken.no\/en\/wp-json\/wp\/v2\/pwb-brand?post=82"},{"taxonomy":"product_brand","embeddable":true,"href":"https:\/\/fuglebutikken.no\/en\/wp-json\/wp\/v2\/product_brand?post=82"},{"taxonomy":"product_cat","embeddable":true,"href":"https:\/\/fuglebutikken.no\/en\/wp-json\/wp\/v2\/product_cat?post=82"},{"taxonomy":"product_tag","embeddable":true,"href":"https:\/\/fuglebutikken.no\/en\/wp-json\/wp\/v2\/product_tag?post=82"},{"taxonomy":"woo-feed-brand","embeddable":true,"href":"https:\/\/fuglebutikken.no\/en\/wp-json\/wp\/v2\/woo-feed-brand?post=82"}],"curies":[{"name":"wp","href":"https:\/\/api.w.org\/{rel}","templated":true}]}}