{"id":8197,"date":"2022-10-11T01:51:53","date_gmt":"2022-10-10T23:51:53","guid":{"rendered":"https:\/\/fuglebutikken.no\/butikk\/ukategorisert\/nekton-pollen-power\/"},"modified":"2026-02-24T08:00:52","modified_gmt":"2026-02-24T07:00:52","slug":"nekton-pollen-power-90-gram","status":"publish","type":"product","link":"https:\/\/fuglebutikken.no\/en\/butikk\/fugl-som-hobby\/fugl\/spise\/fuglevitaminer-og-mineraler\/nekton-pollen-power-90-gram\/","title":{"rendered":"Nekton pollen power 90 gram"},"content":{"rendered":"<h2>Nekton pollen power 90 gram<\/h2>\n<p>Bipollen er en av de h\u00f8yeste kvalitetsmatene fra naturen. Blandet pollen er mangfoldig i sammensetningen. Den inneholder naturligvis bl.a. kortkjedede proteiner, opptil 20 aminosyrer, flerumettede fettsyrer, mineraler og sporstoffer som jern, kobber, mangan, sink og kiselsyre (kiselsyre), i tillegg til fosfor, kalium, magnesium, svovel og kalsium. Den inneholder ogs\u00e5 vitamin C, vitamin B1, 2, 6 og 12, samt biotin, vitamin A, D, E, folsyre, niacin, pantotensyre, antioksidantpolyfenoler som flavonoider, naturlig sukker, enzymer, plantehormoner og mange andre nyttige stoffer.<\/p>\n<p>Bipollen har antivirale og antibakterielle egenskaper. De st\u00f8tter immunforsvaret og p\u00e5virker blodanalysen positivt. De fremmer ogs\u00e5 vitalitet og velv\u00e6re. Den mangfoldige sammensetningen av pollen kan tjene som en energiforsterker.<\/p>\n<p>P\u00e5 grunn av ulike enzymer hjelper bipollen fuglens kropp til \u00e5 absorbere n\u00e6ringsstoffene i maten bedre. De er som en naturlig vaksine da de kan forebygge sykdom og \u00f8ke fysisk energi.<\/p>\n<p>Oregano fungerer i mye st\u00f8rre grad enn andre urter som et naturlig antibiotikum og styrker fuglens immunforsvar. Oregano kan ha en positiv effekt p\u00e5 ford\u00f8yelsessystemet, stimulere appetitten, stimulere utskillelsen av galle og enzymer i tarmomr\u00e5det og den naturlige tarmfloraen.<\/p>\n<p>Siden det innsamlede blomsterpollen kommer fra forskjellige planter, f\u00f8rer dette til en rekke ingredienser som er i et gunstig forhold til hverandre.<br \/>\nAvhengig av arten til den respektive planten varierer fargen p\u00e5 pollenkornene fra lys gul til sort i alle tenkelige fargenyanser.<\/p>\n<p>Fordeler:<br \/>\n\u22c5 en naturlig energileverand\u00f8r<br \/>\n\u22c5 st\u00f8tter sunn ford\u00f8yelse<br \/>\n\u22c5 kan styrke immunforsvaret<br \/>\n\u22c5 forsyner bein med mineraler<br \/>\n\u22c5 bra for det kardiovaskul\u00e6re systemet<br \/>\n\u22c5 kan stabilisere den naturlige tarmfloraen<\/p>\n<p>NEKTON Pollen-Power med oregano er rik p\u00e5:<br \/>\n\u22c5 Proteiner<br \/>\n\u22c5 Aminosyrer<br \/>\n\u22c5 Mineraler<br \/>\n\u22c5 Karbohydrater<br \/>\n\u22c5 Flerumettede fettsyrer<br \/>\n\u22c5 Vitaminer<br \/>\n\u2026 og mange andre positive stoffer<\/p>\n<p><strong>F\u00f2ringsanbefaling<\/strong><\/p>\n<p>Daglig:<br \/>\n0,2 g (1\/4 m\u00e5leskje) for sm\u00e5fugler<br \/>\n0,4 g (1\/2 m\u00e5leskje) for mellomstore fugler<br \/>\n0,7 g (1 niv\u00e5 m\u00e5leskje) for store fugler<\/p>\n<p>Bland NEKTON Pollen-Power med oregano inn i f\u00f4ret. Ved sykdom kan mengden dobles, den kan ikke overdoseres.<\/p>\n<p>Oppbevaring: NEKTON-Pollen-Power med oregano skal oppbevares t\u00f8rt og beskyttet mot sollys, mellom 15\u00b0 og 25\u00b0C.<\/p>\n<p>IKKE OPPBEVAR I KJ\u00d8LESKAP!!!<\/p>\n<p>Anbefaling: Desinfiser drikkekar og matbeholdere daglig med NEKTON-Desi-Care for \u00e5 garantere hygienisk og rent f\u00f4r!<\/p>\n<p><img decoding=\"async\" class=\"aligncenter wp-image-66197 size-full\" src=\"https:\/\/dgspetproducts.no\/wp-content\/uploads\/2020\/02\/Nekton-E-vitamintilskudd-35-gram.........jpg\" alt=\"Nekton\" width=\"1046\" height=\"1500\"><\/p>\n<p>&nbsp;<\/p>","protected":false},"excerpt":{"rendered":"<h3>Nekton pollen power 90 gram<\/h3>\n<ul>\n<li>en naturlig energileverand\u00f8r<\/li>\n<li>st\u00f8tter sunn ford\u00f8yelse<\/li>\n<li>kan styrke immunforsvaret<\/li>\n<li>forsyner bein med mineraler<\/li>\n<li>bra for det kardiovaskul\u00e6re systemet<\/li>\n<li>kan stabilisere den naturlige tarmfloraen<\/li>\n<\/ul>","protected":false},"featured_media":27529,"comment_status":"closed","ping_status":"closed","template":"","meta":{"content-type":"","_uf_show_specific_survey":0,"_uf_disable_surveys":false,"_monsterinsights_skip_tracking":false,"_monsterinsights_sitenote_active":false,"_monsterinsights_sitenote_note":"","_monsterinsights_sitenote_category":0},"pwb-brand":[976],"product_brand":[],"product_cat":[41,1147,3299,78],"product_tag":[1901],"woo-feed-brand":[],"class_list":{"0":"post-8197","1":"product","2":"type-product","3":"status-publish","4":"has-post-thumbnail","6":"pwb-brand-nekton","7":"product_cat-fugl","8":"product_cat-fugl-som-hobby","9":"product_cat-spise","10":"product_cat-fuglevitaminer-og-mineraler","11":"product_tag-fuglepleie-og-kosttilskudd","13":"first","14":"instock","15":"taxable","16":"shipping-taxable","17":"purchasable","18":"product-type-simple"},"exclude_global_add_ons":[],"addons":[],"brands":[{"id":976,"name":"Nekton","slug":"nekton"}],"_links":{"self":[{"href":"https:\/\/fuglebutikken.no\/en\/wp-json\/wp\/v2\/product\/8197","targetHints":{"allow":["GET"]}}],"collection":[{"href":"https:\/\/fuglebutikken.no\/en\/wp-json\/wp\/v2\/product"}],"about":[{"href":"https:\/\/fuglebutikken.no\/en\/wp-json\/wp\/v2\/types\/product"}],"replies":[{"embeddable":true,"href":"https:\/\/fuglebutikken.no\/en\/wp-json\/wp\/v2\/comments?post=8197"}],"wp:featuredmedia":[{"embeddable":true,"href":"https:\/\/fuglebutikken.no\/en\/wp-json\/wp\/v2\/media\/27529"}],"wp:attachment":[{"href":"https:\/\/fuglebutikken.no\/en\/wp-json\/wp\/v2\/media?parent=8197"}],"wp:term":[{"taxonomy":"pwb-brand","embeddable":true,"href":"https:\/\/fuglebutikken.no\/en\/wp-json\/wp\/v2\/pwb-brand?post=8197"},{"taxonomy":"product_brand","embeddable":true,"href":"https:\/\/fuglebutikken.no\/en\/wp-json\/wp\/v2\/product_brand?post=8197"},{"taxonomy":"product_cat","embeddable":true,"href":"https:\/\/fuglebutikken.no\/en\/wp-json\/wp\/v2\/product_cat?post=8197"},{"taxonomy":"product_tag","embeddable":true,"href":"https:\/\/fuglebutikken.no\/en\/wp-json\/wp\/v2\/product_tag?post=8197"},{"taxonomy":"woo-feed-brand","embeddable":true,"href":"https:\/\/fuglebutikken.no\/en\/wp-json\/wp\/v2\/woo-feed-brand?post=8197"}],"curies":[{"name":"wp","href":"https:\/\/api.w.org\/{rel}","templated":true}]}}