{"id":8192,"date":"2022-10-11T01:29:24","date_gmt":"2022-10-10T23:29:24","guid":{"rendered":"https:\/\/fuglebutikken.no\/butikk\/ukategorisert\/nekton-kalsium\/"},"modified":"2026-02-24T08:01:46","modified_gmt":"2026-02-24T07:01:46","slug":"nekton-kalsium","status":"publish","type":"product","link":"https:\/\/fuglebutikken.no\/en\/butikk\/fugl-som-hobby\/fugl\/spise\/fuglevitaminer-og-mineraler\/nekton-kalsium\/","title":{"rendered":"Nekton kalsium pluss"},"content":{"rendered":"<h2>Nekton kalsium pluss, 140 gram<\/h2>\n<p>Inneholder organisk kalsium og magnesium med B-vitaminer.<\/p>\n<p>Organisk kalsium og magnesium er spesielt bra og absorberer raskt og er ideelt for oppvekst og forkalciumbrist, spesielt i kombinasjon med magnesium p\u00e5 grunn av den f\u00f8lsomme interaksjonen, beriket med B-vitaminer som har en positiv effekt p\u00e5 nervene, noe som kan balansere oppf\u00f8dning og kompensasjon for n\u00e6ringsbrister.<\/p>\n<p>Sammensetning Nekton bird vitamins: kalciumlaktat, dextros, magnesiumlaktat.<\/p>\n<p>Analytisk innhold: Ca 7,5 %, Mg 1,8 %.<\/p>\n<p>N\u00e6ringstilskudd per kg: 1500 mg vitamin B1, 3400 mg vitamin B6.<\/p>\n<p><strong>F\u00f2ringsanbefaling<\/strong><\/p>\n<p>4 g (= 4 jevne m\u00e5leskjeer) hver 2. til 3. dag.<br \/>\n8 g (= 8 niv\u00e5m\u00e5leskjeer) daglig f\u00f8r og under avl.<br \/>\n12 g (=12 niv\u00e5m\u00e5leskjeer) daglig ved mangler.<br \/>\nL\u00f8s opp NEKTON Calcium Plus i 250 ml vann eller i 100 g myk mat.<\/p>\n<p>Oppbevaring: NEKTON-Calcium-Plus b\u00f8r oppbevares t\u00f8rt og beskyttet mot sollys, mellom 15\u00b0 og 25\u00b0C.<br \/>\nIKKE OPPBEVAR I KJ\u00d8LESKAP!!!<\/p>\n<p>Anbefaling: Desinfiser drikkekar og matbeholdere daglig med NEKTON-Desi-Care for \u00e5 garantere hygienisk og rent f\u00f4r!<\/p>\n<p><img decoding=\"async\" class=\"aligncenter wp-image-66197 size-full\" src=\"https:\/\/dgspetproducts.no\/wp-content\/uploads\/2020\/02\/Nekton-E-vitamintilskudd-35-gram.........jpg\" alt=\"Nekton\" width=\"1046\" height=\"1500\"><\/p>","protected":false},"excerpt":{"rendered":"<h3>Nekton kalsium pluss, 140 gram<\/h3>\n<ul>\n<li>Farge: Hvit<\/li>\n<li>Ideell under avl og tider med stress eller sykdom<\/li>\n<li>Vannl\u00f8selig!<\/li>\n<li>Kalsium med magnesium og B-vitaminer<\/li>\n<\/ul>","protected":false},"featured_media":27538,"comment_status":"closed","ping_status":"closed","template":"","meta":{"content-type":"","_uf_show_specific_survey":0,"_uf_disable_surveys":false,"_monsterinsights_skip_tracking":false,"_monsterinsights_sitenote_active":false,"_monsterinsights_sitenote_note":"","_monsterinsights_sitenote_category":0},"pwb-brand":[976],"product_brand":[],"product_cat":[41,1147,3299,78],"product_tag":[3335,1993],"woo-feed-brand":[],"class_list":{"0":"post-8192","1":"product","2":"type-product","3":"status-publish","4":"has-post-thumbnail","6":"pwb-brand-nekton","7":"product_cat-fugl","8":"product_cat-fugl-som-hobby","9":"product_cat-spise","10":"product_cat-fuglevitaminer-og-mineraler","11":"product_tag-kalsium","12":"product_tag-kosttilskudd-og-vitaminer-for-fugl","14":"first","15":"instock","16":"taxable","17":"shipping-taxable","18":"purchasable","19":"product-type-simple"},"exclude_global_add_ons":[],"addons":[],"brands":[{"id":976,"name":"Nekton","slug":"nekton"}],"_links":{"self":[{"href":"https:\/\/fuglebutikken.no\/en\/wp-json\/wp\/v2\/product\/8192","targetHints":{"allow":["GET"]}}],"collection":[{"href":"https:\/\/fuglebutikken.no\/en\/wp-json\/wp\/v2\/product"}],"about":[{"href":"https:\/\/fuglebutikken.no\/en\/wp-json\/wp\/v2\/types\/product"}],"replies":[{"embeddable":true,"href":"https:\/\/fuglebutikken.no\/en\/wp-json\/wp\/v2\/comments?post=8192"}],"wp:featuredmedia":[{"embeddable":true,"href":"https:\/\/fuglebutikken.no\/en\/wp-json\/wp\/v2\/media\/27538"}],"wp:attachment":[{"href":"https:\/\/fuglebutikken.no\/en\/wp-json\/wp\/v2\/media?parent=8192"}],"wp:term":[{"taxonomy":"pwb-brand","embeddable":true,"href":"https:\/\/fuglebutikken.no\/en\/wp-json\/wp\/v2\/pwb-brand?post=8192"},{"taxonomy":"product_brand","embeddable":true,"href":"https:\/\/fuglebutikken.no\/en\/wp-json\/wp\/v2\/product_brand?post=8192"},{"taxonomy":"product_cat","embeddable":true,"href":"https:\/\/fuglebutikken.no\/en\/wp-json\/wp\/v2\/product_cat?post=8192"},{"taxonomy":"product_tag","embeddable":true,"href":"https:\/\/fuglebutikken.no\/en\/wp-json\/wp\/v2\/product_tag?post=8192"},{"taxonomy":"woo-feed-brand","embeddable":true,"href":"https:\/\/fuglebutikken.no\/en\/wp-json\/wp\/v2\/woo-feed-brand?post=8192"}],"curies":[{"name":"wp","href":"https:\/\/api.w.org\/{rel}","templated":true}]}}