{"id":8182,"date":"2022-10-11T00:41:20","date_gmt":"2022-10-10T22:41:20","guid":{"rendered":"https:\/\/fuglebutikken.no\/butikk\/ukategorisert\/nekton-nektar\/"},"modified":"2026-02-24T08:01:48","modified_gmt":"2026-02-24T07:01:48","slug":"nekton-nektar","status":"publish","type":"product","link":"https:\/\/fuglebutikken.no\/en\/butikk\/fugl-som-hobby\/fugl\/spise\/fuglevitaminer-og-mineraler\/nekton-nektar\/","title":{"rendered":"Nekton nektar pluss"},"content":{"rendered":"<h2>Nekton nektar pluss, 1500 gram<\/h2>\n<p>NEKTON-Nektar-Plus-sammensetningen er konsentrert om enkeltkomponenter av kolibriens h\u00f8ye krav til n\u00e6ringsstoffer, men har samtidig blitt en utmerket f\u00f4rblanding for sensitive solfugler. Karbohydratsammensetningen regenererer blomsternektar \u2013 som er n\u00e6ringskilden foretrukket av kolibrier og solfugler \u2013 og gir dermed energi til disse dyrenes metabolisme. Komplettert med vitaminer, proteiner, fett og sporstoffer vises en balansert blanding som inneholder alle viktige stoffer for disse fuglene. Vi anbefaler NEKTON mater\u00f8r som er utviklet spesielt for NEKTON-Nektar-Plus. Det garanterer lengre holdbarhet p\u00e5 de viktige ingrediensene. Den rommer 40 ml i sonden og er tilstrekkelig for en enkelt f\u00f4ring per dag selv for st\u00f8rre arter. En \u00e5pen matsk\u00e5l skal ikke under noen omstendigheter brukes, det gj\u00f8r det umulig \u00e5 forhindre tilsmussing av fuglenes fj\u00e6r.<\/p>\n<p>Ikke bruk en blender eller visp til \u00e5 blande n\u00e6ringsl\u00f8sningen, da vitaminene kan bli mekanisk skadet. Bruk kun behandlet, rent vann!<\/p>\n<p>Merk: Det er mulig for solfuglens fj\u00e6r \u00e5 falme. For \u00e5 unng\u00e5 dette, som ogs\u00e5 kan skje med friske og livlige fugler, anbefaler vi \u00e5 legge NEKTON-R til f\u00f4ret for fugler med r\u00f8de fj\u00e6r og NEKTON-Gelb for fugler med gule fj\u00e6r.<\/p>\n<p>Et m\u00e5l er festet til hver flaske NEKTON-Nektar-Plus, et kryss tilsvarer 16 g.<\/p>\n<p>Anbefaling: Desinfiser vannsk\u00e5ler og f\u00f4rbeholdere hver dag med NEKTON-Deis-Plus for \u00e5 garantere hygienisk og rent f\u00f4r!<\/p>\n<p>F\u00f4ringsinstruksjoner nekton bird vitamins:<\/p>\n<p>For kolibrier: 13 g NEKTON-Nektar-Plus (1 m\u00e5l) i 100 ml behandlet, varmt (25\u00b0) vann.<\/p>\n<p>For loris: 16 g NEKTON-Nektar-Plus (1 m\u00e5lebeger) i 100 ml behandlet, lunkent (25\u00b0) vann.<\/p>\n<p>Ingredienser:<\/p>\n<p>Sammensetning: Dekstrose, fruktose, pollen, soyaproteinisolat, sukrose, natriumklorid, kaliumdihydrogenfosfat, kalsi613umglukonat, dikalsiumfosfat, kaliumklorid, kalsiumglyserofosfat,<\/p>\n<p>magnesiumkarbonat, kiselsyre, sorbinsyre, kalsiumkarbonat, tistelolje.<\/p>\n<p>Ern\u00e6ringsmessige tilsetningsstoffer per kg: 11 900 IE vitamin A, 770 IE vitamin D3, 12 mg vitamin E, 7 mg vitamin B1 (tiaminhydroklorid), 8 mg vitamin B2 (riboflavin), 6 mg pantotensyre, 18 mg nikotinamid, 5 mg vitamin B6 (pyridoksinhydroklorid), 0,4 mg folsyre, 30 mg kolinklorid, 704 \u00b5g vitamin B12, 60 mg vitamin C (L(+)-askorbinsyre), 2 mg vitamin K3 (menandionnatriumbisulfat), 30 mg inositol, 70 \u00b5g biotin, 20 mg jern (jern II-sulfat), 0,1 mg sink (sinksulfat), 4 mg mangan (manganoksid), 5 mg kobber (kobber II-sulfat), 0,05 g molybden (ammoniummolybdat).<\/p>\n<p>Tekniske tilsetningsstoffer: konserveringsmidler.<\/p>\n<p><img decoding=\"async\" class=\"aligncenter wp-image-66197 size-full\" src=\"https:\/\/dgspetproducts.no\/wp-content\/uploads\/2020\/02\/Nekton-E-vitamintilskudd-35-gram.........jpg\" alt=\"Nekton\" width=\"1046\" height=\"1500\"><\/p>","protected":false},"excerpt":{"rendered":"<h3>Nekton nektar pluss, 1500 gram<\/h3>\n<ul>\n<li>Komplett diett for kolibrier<\/li>\n<li>Brukt i flere ti\u00e5r av dyrehager og veterin\u00e6rer<\/li>\n<li>Aminosyrer, vitaminer og mineraler<\/li>\n<\/ul>","protected":false},"featured_media":27540,"comment_status":"closed","ping_status":"closed","template":"","meta":{"content-type":"","_uf_show_specific_survey":0,"_uf_disable_surveys":false,"_monsterinsights_skip_tracking":false,"_monsterinsights_sitenote_active":false,"_monsterinsights_sitenote_note":"","_monsterinsights_sitenote_category":0},"pwb-brand":[976],"product_brand":[],"product_cat":[41,1147,3299,78],"product_tag":[1901,1993],"woo-feed-brand":[],"class_list":{"0":"post-8182","1":"product","2":"type-product","3":"status-publish","4":"has-post-thumbnail","6":"pwb-brand-nekton","7":"product_cat-fugl","8":"product_cat-fugl-som-hobby","9":"product_cat-spise","10":"product_cat-fuglevitaminer-og-mineraler","11":"product_tag-fuglepleie-og-kosttilskudd","12":"product_tag-kosttilskudd-og-vitaminer-for-fugl","14":"first","15":"instock","16":"taxable","17":"shipping-taxable","18":"purchasable","19":"product-type-simple"},"exclude_global_add_ons":[],"addons":[],"brands":[{"id":976,"name":"Nekton","slug":"nekton"}],"_links":{"self":[{"href":"https:\/\/fuglebutikken.no\/en\/wp-json\/wp\/v2\/product\/8182","targetHints":{"allow":["GET"]}}],"collection":[{"href":"https:\/\/fuglebutikken.no\/en\/wp-json\/wp\/v2\/product"}],"about":[{"href":"https:\/\/fuglebutikken.no\/en\/wp-json\/wp\/v2\/types\/product"}],"replies":[{"embeddable":true,"href":"https:\/\/fuglebutikken.no\/en\/wp-json\/wp\/v2\/comments?post=8182"}],"wp:featuredmedia":[{"embeddable":true,"href":"https:\/\/fuglebutikken.no\/en\/wp-json\/wp\/v2\/media\/27540"}],"wp:attachment":[{"href":"https:\/\/fuglebutikken.no\/en\/wp-json\/wp\/v2\/media?parent=8182"}],"wp:term":[{"taxonomy":"pwb-brand","embeddable":true,"href":"https:\/\/fuglebutikken.no\/en\/wp-json\/wp\/v2\/pwb-brand?post=8182"},{"taxonomy":"product_brand","embeddable":true,"href":"https:\/\/fuglebutikken.no\/en\/wp-json\/wp\/v2\/product_brand?post=8182"},{"taxonomy":"product_cat","embeddable":true,"href":"https:\/\/fuglebutikken.no\/en\/wp-json\/wp\/v2\/product_cat?post=8182"},{"taxonomy":"product_tag","embeddable":true,"href":"https:\/\/fuglebutikken.no\/en\/wp-json\/wp\/v2\/product_tag?post=8182"},{"taxonomy":"woo-feed-brand","embeddable":true,"href":"https:\/\/fuglebutikken.no\/en\/wp-json\/wp\/v2\/woo-feed-brand?post=8182"}],"curies":[{"name":"wp","href":"https:\/\/api.w.org\/{rel}","templated":true}]}}