{"id":8160,"date":"2022-10-10T14:33:58","date_gmt":"2022-10-10T12:33:58","guid":{"rendered":"https:\/\/fuglebutikken.no\/butikk\/ukategorisert\/nekton-msa\/"},"modified":"2026-04-14T15:42:13","modified_gmt":"2026-04-14T13:42:13","slug":"nekton-msa","status":"publish","type":"product","link":"https:\/\/fuglebutikken.no\/en\/butikk\/fugl-som-hobby\/fugl\/spise\/fuglevitaminer-og-mineraler\/nekton-msa\/","title":{"rendered":"Nekton MSA mineraltilskudd"},"content":{"rendered":"<h2>Nekton MSA mineraltilskudd<\/h2>\n<p>NEKTON-MSA er en h\u00f8ykvalitets mineralblanding\/mineraltilskudd supplert med vitamin D3, hoved- og sporstoffer og aminosyrer. NEKTON-MSA st\u00f8tter og styrker metabolisme og bein, forhindrer rakitt, aktiverer mineralomdannelse og hjelper til med \u00e5 kompensere for skader for\u00e5rsaket av kalsiummangel. NEKTON-MSA dekker det \u00f8kende behovet for mineraler under oppdrett, beskytter mot malabsorpsjon, \u00f8ker beskyttelsen mot infeksjoner og beskytter skj\u00f8re egg. NEKTON-MSA st\u00f8tter god utvikling av beinstrukturen hos unge dyr. Det er spesielt viktig for dyrene dine \u00e5 forebygge fremtidige sykdommer for\u00e5rsaket av mangel p\u00e5 vitaminer og mineraler. NEKTON-MSA er ikke vannl\u00f8selig og kan lett blandes med mykt f\u00f4r eller fuglemat.<\/p>\n<p>Mineraler (hovedelementer og sporstoffer) er stoffer som anses som n\u00f8dvendige, uunnv\u00e6rlige komponenter i f\u00f4r for metabolismen til alle dyr. De m\u00e5 alltid v\u00e6re i f\u00f4ret fordi de alltid skilles ut av dyret. Som navnet &#8220;sporelementer&#8221; antyder, er tilsetning av disse stoffene kun n\u00f8dvendig i sv\u00e6rt sm\u00e5 mengder (spor). Det er viktig \u00e5 gi dyret en blanding av mineraler, som ikke bare bestemmes av antall og mengde individuelle stoffer, men heller av balansen i sammensetningen orientert mot behovene til dyreorganismer. Hoved- og sporstoffer, vitaminer og aminosyrer m\u00e5 st\u00f8tte hverandre og deres p\u00e5virkning m\u00e5 ikke ha en negativ effekt. Disse kriteriene ble tatt i betraktning da NEKTON-MSA ble satt sammen slik at dyreeiere kan gi sine dyr disse elementene p\u00e5 best mulig m\u00e5te.<\/p>\n<p>Et gr\u00f8nt m\u00e5l er festet til hver flaske NEKTON-MSA. 1,5 g tilsvarer ett m\u00e5l.<\/p>\n<p>Anbefaling: Desinfiser vannsk\u00e5ler og f\u00f4rbeholdere hver dag med NEKTON-Desi-Plus for \u00e5 garantere hygienisk og rent f\u00f4r!<\/p>\n<p><strong>F\u00f4ringsanbefalinger:<\/strong><\/p>\n<p>For reptiler: 0,25 g NEKTON-MSA per kg kroppsvekt daglig eller 1,5 g en gang i uken. Egnet for pollinering av levende f\u00f4r.<br \/>\nFor fugler: 1 g NEKTON-MSA per kg kroppsvekt daglig, blandet med bl\u00f8tf\u00f4r eller med fuglef\u00f4r avhengig av f\u00f4rtype. -nekton bird vitamins<\/p>\n<p>En plan m\u00e5leskje tilsvarer 1,5 g NEKTON-MSA.<\/p>\n<p>Dette tilskuddsf\u00f4ret b\u00f8r kun gis til reptiler, fugler og amfibier til 9,5 % av den daglige rasjonen p\u00e5 grunn av overf\u00f4ret h\u00f8yere innhold av vitamin D og sporstoffer.<\/p>\n<p>Vi tilbyr spesielle NEKTON vitamin- og mineralforbindelser for hunder og katter.<\/p>\n<p>Oppbevaring: NEKTON-MSA b\u00f8r oppbevares t\u00f8rt og beskyttet mot sollys, mellom 15\u00b0 og 25\u00b0C.<br \/>\nIKKE OPPBEVAR I KJ\u00d8LESKAP!!!<\/p>\n<p>Anbefaling: Desinfiser drikkekar og matbeholdere daglig med NEKTON-Desi-Care for \u00e5 garantere hygienisk og rent f\u00f4r!<\/p>\n<p><strong>Ingredienser:<\/strong><\/p>\n<p>Med to aminosyrer.<br \/>\nSammensetning: Dikalsiumfosfat, kiselsyre.<br \/>\nAnalytisk innhold: Kalsium 23,7 %, fosfor 17,4 %.<\/p>\n<p>Ern\u00e6ringsmessige tilsetningsstoffer per kg: 10 000 IE vitamin D3, 3 000 mg jern (jern II-sulfat), 1 255 mg sink (sinksulfat), 1 255 mg mangan (manganoksid), 250 mg (kobber II-sulfat), 100 mg jodsulfat (kalsium) 400 mg kobolt (kobolt II-sulfat).<\/p>\n<p><img decoding=\"async\" class=\"aligncenter wp-image-66197 size-full\" src=\"https:\/\/dgspetproducts.no\/wp-content\/uploads\/2020\/02\/Nekton-E-vitamintilskudd-35-gram.........jpg\" alt=\"Nekton\" width=\"1046\" height=\"1500\"><\/p>","protected":false},"excerpt":{"rendered":"<h3>Nekton MSA mineraltilskudd<\/h3>\n<ul>\n<li>Nekton-MSA h\u00f8ykvalitets mineraltilskudd for kj\u00e6ledyr<\/li>\n<li>Tilskudd til burfugler, tropefugler<\/li>\n<li>Tilskudd til reptiler, amfibier<\/li>\n<\/ul>","protected":false},"featured_media":28742,"comment_status":"closed","ping_status":"closed","template":"","meta":{"content-type":"","_uf_show_specific_survey":0,"_uf_disable_surveys":false,"_monsterinsights_skip_tracking":false,"_monsterinsights_sitenote_active":false,"_monsterinsights_sitenote_note":"","_monsterinsights_sitenote_category":0},"pwb-brand":[976],"product_brand":[],"product_cat":[41,1147,3299,78,3357,3356,3355,3358],"product_tag":[3043,1993],"woo-feed-brand":[],"class_list":{"0":"post-8160","1":"product","2":"type-product","3":"status-publish","4":"has-post-thumbnail","6":"pwb-brand-nekton","7":"product_cat-fugl","8":"product_cat-fugl-som-hobby","9":"product_cat-spise","10":"product_cat-fuglevitaminer-og-mineraler","11":"product_cat-mat-og-kosttilskudd","12":"product_cat-reptil","13":"product_cat-reptil-som-hobby","14":"product_cat-kosttilskudd-reptil","15":"product_tag-kosttilskudd-og-reptilvitaminer","16":"product_tag-kosttilskudd-og-vitaminer-for-fugl","18":"first","19":"instock","20":"taxable","21":"shipping-taxable","22":"purchasable","23":"product-type-variable","24":"has-default-attributes"},"exclude_global_add_ons":[],"addons":[],"brands":[{"id":976,"name":"Nekton","slug":"nekton"}],"_links":{"self":[{"href":"https:\/\/fuglebutikken.no\/en\/wp-json\/wp\/v2\/product\/8160","targetHints":{"allow":["GET"]}}],"collection":[{"href":"https:\/\/fuglebutikken.no\/en\/wp-json\/wp\/v2\/product"}],"about":[{"href":"https:\/\/fuglebutikken.no\/en\/wp-json\/wp\/v2\/types\/product"}],"replies":[{"embeddable":true,"href":"https:\/\/fuglebutikken.no\/en\/wp-json\/wp\/v2\/comments?post=8160"}],"wp:featuredmedia":[{"embeddable":true,"href":"https:\/\/fuglebutikken.no\/en\/wp-json\/wp\/v2\/media\/28742"}],"wp:attachment":[{"href":"https:\/\/fuglebutikken.no\/en\/wp-json\/wp\/v2\/media?parent=8160"}],"wp:term":[{"taxonomy":"pwb-brand","embeddable":true,"href":"https:\/\/fuglebutikken.no\/en\/wp-json\/wp\/v2\/pwb-brand?post=8160"},{"taxonomy":"product_brand","embeddable":true,"href":"https:\/\/fuglebutikken.no\/en\/wp-json\/wp\/v2\/product_brand?post=8160"},{"taxonomy":"product_cat","embeddable":true,"href":"https:\/\/fuglebutikken.no\/en\/wp-json\/wp\/v2\/product_cat?post=8160"},{"taxonomy":"product_tag","embeddable":true,"href":"https:\/\/fuglebutikken.no\/en\/wp-json\/wp\/v2\/product_tag?post=8160"},{"taxonomy":"woo-feed-brand","embeddable":true,"href":"https:\/\/fuglebutikken.no\/en\/wp-json\/wp\/v2\/woo-feed-brand?post=8160"}],"curies":[{"name":"wp","href":"https:\/\/api.w.org\/{rel}","templated":true}]}}