{"id":8080,"date":"2022-09-26T16:49:00","date_gmt":"2022-09-26T14:49:00","guid":{"rendered":"https:\/\/fuglebutikken.no\/butikk\/ukategorisert\/savic-matskal-med-lokk\/"},"modified":"2025-12-01T19:48:15","modified_gmt":"2025-12-01T18:48:15","slug":"savic-matskal-med-lokk","status":"publish","type":"product","link":"https:\/\/fuglebutikken.no\/en\/butikk\/fugl-som-hobby\/fugl\/fuglebur-og-fuglebur-tilbehor\/bur-tilbehor\/fugleskaler-og-automater\/savic-matskal-med-lokk\/","title":{"rendered":"Savic matsk\u00e5l med lokk"},"content":{"rendered":"<h2>Savic matsk\u00e5l med lokk<\/h2>\n<p>Denne praktiske matsk\u00e5len med lokk er designet spesielt for \u00e5 holde fuglenes mat og vann rent og hygienisk. Med sitt smarte design forhindrer den at avf\u00f8ring kommer i kontakt med mat og vann, noe som sikrer bedre helse for dine fj\u00e6rete venner.<\/p>\n<h3>Viktige fordeler<\/h3>\n<p>Lokket p\u00e5 matsk\u00e5len fungerer som en effektiv barriere mot forurensning, slik at maten og vannet holder seg friskt lengre. Dette reduserer risikoen for bakterievekst og sykdommer, samtidig som det gj\u00f8r vedlikeholdet av fugleburet enklere. Du f\u00e5r to stykker i hver pakke, perfekt for b\u00e5de mat og vann.<\/p>\n<h3>Perfekt tilpasning<\/h3>\n<p>Matsk\u00e5len er kompatibel med alle Savic fuglebur i st\u00f8rrelsene 35, 40, 50 og 60, noe som gj\u00f8r den til et allsidig tilbeh\u00f8r. Med m\u00e5lene 8x6x8 cm passer den perfekt inn i buret uten \u00e5 ta opp un\u00f8dvendig plass, samtidig som den gir fuglene lett tilgang til mat og vann.<\/p>\n<h3>Enkel \u00e5 bruke og vedlikeholde<\/h3>\n<p>Sk\u00e5lene er lette \u00e5 fylle, rengj\u00f8re og vedlikeholde. Det praktiske lokket kan enkelt l\u00f8ftes n\u00e5r du skal fylle p\u00e5 mat eller vann, og lukkes igjen for \u00e5 beskytte innholdet. Dette gj\u00f8r den daglige stellet av fuglene b\u00e5de mer effektivt og hygienisk.<\/p>","protected":false},"excerpt":{"rendered":"<h3>Savic matsk\u00e5l med lokk<\/h3>\n<p>Matsk\u00e5l med lokk som passer til alle Savic fugleburene i st\u00f8rrelse 35-40-50-60.<\/p>\n<p>M\u00e5l 8x6x8 cm<\/p>\n<p>Kommer 2 stk i pakken.<\/p>","protected":false},"featured_media":25365,"comment_status":"closed","ping_status":"closed","template":"","meta":{"content-type":"","_uf_show_specific_survey":0,"_uf_disable_surveys":false,"_monsterinsights_skip_tracking":false,"_monsterinsights_sitenote_active":false,"_monsterinsights_sitenote_note":"","_monsterinsights_sitenote_category":0},"pwb-brand":[710],"product_brand":[],"product_cat":[2203,41,1147,2162,50],"product_tag":[2163],"woo-feed-brand":[],"class_list":{"0":"post-8080","1":"product","2":"type-product","3":"status-publish","4":"has-post-thumbnail","6":"pwb-brand-savic","7":"product_cat-bur-tilbehor","8":"product_cat-fugl","9":"product_cat-fugl-som-hobby","10":"product_cat-fuglebur-og-fuglebur-tilbehor","11":"product_cat-fugleskaler-og-automater","12":"product_tag-fugleskaler-og-f-orkopper","14":"first","15":"instock","16":"taxable","17":"shipping-taxable","18":"purchasable","19":"product-type-simple"},"exclude_global_add_ons":[],"addons":[],"brands":[{"id":710,"name":"Savic","slug":"savic"}],"_links":{"self":[{"href":"https:\/\/fuglebutikken.no\/en\/wp-json\/wp\/v2\/product\/8080","targetHints":{"allow":["GET"]}}],"collection":[{"href":"https:\/\/fuglebutikken.no\/en\/wp-json\/wp\/v2\/product"}],"about":[{"href":"https:\/\/fuglebutikken.no\/en\/wp-json\/wp\/v2\/types\/product"}],"replies":[{"embeddable":true,"href":"https:\/\/fuglebutikken.no\/en\/wp-json\/wp\/v2\/comments?post=8080"}],"wp:featuredmedia":[{"embeddable":true,"href":"https:\/\/fuglebutikken.no\/en\/wp-json\/wp\/v2\/media\/25365"}],"wp:attachment":[{"href":"https:\/\/fuglebutikken.no\/en\/wp-json\/wp\/v2\/media?parent=8080"}],"wp:term":[{"taxonomy":"pwb-brand","embeddable":true,"href":"https:\/\/fuglebutikken.no\/en\/wp-json\/wp\/v2\/pwb-brand?post=8080"},{"taxonomy":"product_brand","embeddable":true,"href":"https:\/\/fuglebutikken.no\/en\/wp-json\/wp\/v2\/product_brand?post=8080"},{"taxonomy":"product_cat","embeddable":true,"href":"https:\/\/fuglebutikken.no\/en\/wp-json\/wp\/v2\/product_cat?post=8080"},{"taxonomy":"product_tag","embeddable":true,"href":"https:\/\/fuglebutikken.no\/en\/wp-json\/wp\/v2\/product_tag?post=8080"},{"taxonomy":"woo-feed-brand","embeddable":true,"href":"https:\/\/fuglebutikken.no\/en\/wp-json\/wp\/v2\/woo-feed-brand?post=8080"}],"curies":[{"name":"wp","href":"https:\/\/api.w.org\/{rel}","templated":true}]}}