{"id":8040,"date":"2020-03-01T14:39:07","date_gmt":"2020-03-01T13:39:07","guid":{"rendered":"https:\/\/fuglebutikken.no\/butikk\/ukategorisert\/matskal-plastikk-ass-farger\/"},"modified":"2025-01-25T14:06:08","modified_gmt":"2025-01-25T13:06:08","slug":"matskal-plastikk-ass-farger","status":"publish","type":"product","link":"https:\/\/fuglebutikken.no\/en\/butikk\/ukategorisert\/matskal-plastikk-ass-farger\/","title":{"rendered":"Matsk\u00e5l plastikk ass. farger"},"content":{"rendered":"<h2 class=\"product_title entry-title\">Matsk\u00e5l plastikk ass. farger<\/h2>\n<p>Rimelige, st\u00f8dige og praktiske mat og vannsk\u00e5ler som passer til mye. Enkle \u00e5 ha med seg. 2 st\u00f8rrelser.<br \/>\nPasser like godt til skilpadder og reptiler som til marsvin, hamster og gnagere. Ogs\u00e5 godt egnet til katt og hundevalper.<br \/>\nDet er alltid smart \u00e5 ha noen ekstra sk\u00e5ler og underlag.<\/p>","protected":false},"excerpt":{"rendered":"<h3 class=\"product_title entry-title\">Matsk\u00e5l plastikk ass. farger<\/h3>\n<ul>\n<li>Matsk\u00e5l plastikk \u00d89,5cm-200ml ass farger.<\/li>\n<li>Matsk\u00e5l plastikk \u00d86cm-60ml ass farger.<\/li>\n<li>Kanin, Marsvin, hamster, rotte, mus, katt og mindre hunder<\/li>\n<li>Kom gjerne med \u00f8nsket farge s\u00e5 gj\u00f8r vi s\u00e5 godt vi kan, men vi f\u00e5r de i assorterte farger fra v\u00e5re leverand\u00f8rer.<\/li>\n<li>Egnet for oppvaskmaskin<\/li>\n<\/ul>","protected":false},"featured_media":14328,"comment_status":"open","ping_status":"closed","template":"","meta":{"content-type":"","_uf_show_specific_survey":0,"_uf_disable_surveys":false,"_monsterinsights_skip_tracking":false,"_monsterinsights_sitenote_active":false,"_monsterinsights_sitenote_note":"","_monsterinsights_sitenote_category":0},"pwb-brand":[653],"product_brand":[],"product_cat":[2106],"product_tag":[1021],"woo-feed-brand":[],"class_list":{"0":"post-8040","1":"product","2":"type-product","3":"status-publish","4":"has-post-thumbnail","6":"pwb-brand-trixie","7":"product_cat-ukategorisert","8":"product_tag-matskal","10":"first","11":"instock","12":"taxable","13":"shipping-taxable","14":"purchasable","15":"product-type-variable","16":"has-default-attributes"},"exclude_global_add_ons":[],"addons":[],"brands":[{"id":653,"name":"Trixie","slug":"trixie"}],"_links":{"self":[{"href":"https:\/\/fuglebutikken.no\/en\/wp-json\/wp\/v2\/product\/8040","targetHints":{"allow":["GET"]}}],"collection":[{"href":"https:\/\/fuglebutikken.no\/en\/wp-json\/wp\/v2\/product"}],"about":[{"href":"https:\/\/fuglebutikken.no\/en\/wp-json\/wp\/v2\/types\/product"}],"replies":[{"embeddable":true,"href":"https:\/\/fuglebutikken.no\/en\/wp-json\/wp\/v2\/comments?post=8040"}],"wp:featuredmedia":[{"embeddable":true,"href":"https:\/\/fuglebutikken.no\/en\/wp-json\/wp\/v2\/media\/14328"}],"wp:attachment":[{"href":"https:\/\/fuglebutikken.no\/en\/wp-json\/wp\/v2\/media?parent=8040"}],"wp:term":[{"taxonomy":"pwb-brand","embeddable":true,"href":"https:\/\/fuglebutikken.no\/en\/wp-json\/wp\/v2\/pwb-brand?post=8040"},{"taxonomy":"product_brand","embeddable":true,"href":"https:\/\/fuglebutikken.no\/en\/wp-json\/wp\/v2\/product_brand?post=8040"},{"taxonomy":"product_cat","embeddable":true,"href":"https:\/\/fuglebutikken.no\/en\/wp-json\/wp\/v2\/product_cat?post=8040"},{"taxonomy":"product_tag","embeddable":true,"href":"https:\/\/fuglebutikken.no\/en\/wp-json\/wp\/v2\/product_tag?post=8040"},{"taxonomy":"woo-feed-brand","embeddable":true,"href":"https:\/\/fuglebutikken.no\/en\/wp-json\/wp\/v2\/woo-feed-brand?post=8040"}],"curies":[{"name":"wp","href":"https:\/\/api.w.org\/{rel}","templated":true}]}}