{"id":80,"date":"2020-02-22T18:08:56","date_gmt":"2020-02-22T17:08:56","guid":{"rendered":"https:\/\/274105-www.web.tornado-node.net\/fugl\/product\/gd-royal-princess-gra-gra-101x76x195cm\/"},"modified":"2025-03-06T12:54:42","modified_gmt":"2025-03-06T11:54:42","slug":"gd-royal-princess-gra-gra-101x76x195cm","status":"publish","type":"product","link":"https:\/\/fuglebutikken.no\/en\/butikk\/fugl-som-hobby\/fugl\/gd-royal-princess-gra-gra-101x76x195cm\/","title":{"rendered":"GD Royal Prinsess gr\u00e5 101x76x195cm"},"content":{"rendered":"<p>GD Royal Prinsess gr\u00e5 101x76x195cm<\/p>","protected":false},"excerpt":{"rendered":"<p>GD Royal Prinsess<\/p>\n<p>Stort fuglebur som passer til undulater og andre parakitter.<\/p>\n<p><img decoding=\"async\" class=\"alignleft size-full wp-image-59415\" src=\"https:\/\/admin.fuglebutikker.kinsta.cloud\/wp-content\/uploads\/2020\/02\/Palle-frakt-1.png\" alt=\"\" width=\"90\" height=\"90\">M\u00e5 sendes hjem p\u00e5 pall, velg fraktmetode: Palle-frakt store terrarium\/akvarium\/bur\/produkter<br \/>\neller hent gratis i v\u00e5r butikk p\u00e5 Lade Arena i Trondheim, velg: Lokal henting p\u00e5 Lade Arena, Trondheim (gratis)<\/p>","protected":false},"featured_media":13062,"comment_status":"closed","ping_status":"closed","template":"","meta":{"content-type":"","_uf_show_specific_survey":0,"_uf_disable_surveys":false,"_monsterinsights_skip_tracking":false,"_monsterinsights_sitenote_active":false,"_monsterinsights_sitenote_note":"","_monsterinsights_sitenote_category":0},"pwb-brand":[662],"product_brand":[],"product_cat":[1147,41],"product_tag":[],"woo-feed-brand":[],"class_list":{"0":"post-80","1":"product","2":"type-product","3":"status-publish","4":"has-post-thumbnail","6":"pwb-brand-gd","7":"product_cat-fugl-som-hobby","8":"product_cat-fugl","10":"first","11":"instock","12":"taxable","13":"shipping-taxable","14":"purchasable","15":"product-type-simple"},"exclude_global_add_ons":[],"addons":[],"brands":[{"id":662,"name":"GD","slug":"gd"}],"_links":{"self":[{"href":"https:\/\/fuglebutikken.no\/en\/wp-json\/wp\/v2\/product\/80","targetHints":{"allow":["GET"]}}],"collection":[{"href":"https:\/\/fuglebutikken.no\/en\/wp-json\/wp\/v2\/product"}],"about":[{"href":"https:\/\/fuglebutikken.no\/en\/wp-json\/wp\/v2\/types\/product"}],"replies":[{"embeddable":true,"href":"https:\/\/fuglebutikken.no\/en\/wp-json\/wp\/v2\/comments?post=80"}],"wp:featuredmedia":[{"embeddable":true,"href":"https:\/\/fuglebutikken.no\/en\/wp-json\/wp\/v2\/media\/13062"}],"wp:attachment":[{"href":"https:\/\/fuglebutikken.no\/en\/wp-json\/wp\/v2\/media?parent=80"}],"wp:term":[{"taxonomy":"pwb-brand","embeddable":true,"href":"https:\/\/fuglebutikken.no\/en\/wp-json\/wp\/v2\/pwb-brand?post=80"},{"taxonomy":"product_brand","embeddable":true,"href":"https:\/\/fuglebutikken.no\/en\/wp-json\/wp\/v2\/product_brand?post=80"},{"taxonomy":"product_cat","embeddable":true,"href":"https:\/\/fuglebutikken.no\/en\/wp-json\/wp\/v2\/product_cat?post=80"},{"taxonomy":"product_tag","embeddable":true,"href":"https:\/\/fuglebutikken.no\/en\/wp-json\/wp\/v2\/product_tag?post=80"},{"taxonomy":"woo-feed-brand","embeddable":true,"href":"https:\/\/fuglebutikken.no\/en\/wp-json\/wp\/v2\/woo-feed-brand?post=80"}],"curies":[{"name":"wp","href":"https:\/\/api.w.org\/{rel}","templated":true}]}}