{"id":787,"date":"2020-02-22T18:12:55","date_gmt":"2020-02-22T17:12:55","guid":{"rendered":"https:\/\/274105-www.web.tornado-node.net\/fugl\/product\/stalskal-med-skruebeslag\/"},"modified":"2025-12-01T23:22:29","modified_gmt":"2025-12-01T22:22:29","slug":"stalskal-med-skruebeslag","status":"publish","type":"product","link":"https:\/\/fuglebutikken.no\/en\/butikk\/fugl-som-hobby\/fugl\/fuglebur-og-fuglebur-tilbehor\/bur-tilbehor\/fugleskaler-og-automater\/stalskal-med-skruebeslag\/","title":{"rendered":"St\u00e5lsk\u00e5l med skrubeslag"},"content":{"rendered":"<h2>St\u00e5lsk\u00e5l med skrubeslag<\/h2>\n<p>Denne praktiske st\u00e5lsk\u00e5len med skrubeslag er den perfekte l\u00f8sningen for servering av f\u00f4r og vann til dine fj\u00e6rkledde venner. Sk\u00e5len kan enkelt henges opp i buret og gir en hygienisk og stabil m\u00e5te \u00e5 mate kj\u00e6ledyrene dine p\u00e5.<\/p>\n<h3>Fordeler og egenskaper<\/h3>\n<p>Sk\u00e5len er laget av rustfritt st\u00e5l som sikrer lang levetid og optimal hygiene. Materialet er b\u00e5de slitesterkt og enkelt \u00e5 rengj\u00f8re, og t\u00e5ler oppvaskmaskin for praktisk vedlikehold. Det rustfrie st\u00e5let gj\u00f8r sk\u00e5len motstandsdyktig mot korrosjon og bakterievekst.<\/p>\n<h3>Praktisk montering<\/h3>\n<p>Det medf\u00f8lgende skrubelaget gj\u00f8r det enkelt \u00e5 feste sk\u00e5len sikkert i buret. Dette sikrer at sk\u00e5len sitter stabilt p\u00e5 plass og forhindrer s\u00f8l, samtidig som det gj\u00f8r det lett \u00e5 ta sk\u00e5len ut for rengj\u00f8ring eller p\u00e5fylling.<\/p>\n<h3>Egnet for ulike dyretyper<\/h3>\n<p>Sk\u00e5len er ideell for fugler, gnagere og andre sm\u00e5 kj\u00e6ledyr. Den er designet for \u00e5 passe i de fleste bur og kan brukes b\u00e5de som f\u00f4rsk\u00e5l og vannkopp, avhengig av dine behov og dyrets preferanser.<\/p>","protected":false},"excerpt":{"rendered":"<h3 class=\"\">St\u00e5lsk\u00e5l med skrubeslag<\/h3>\n<p>St\u00e5lsk\u00e5l med skrubeslag som kan henges opp i bur.<\/p>\n<ul>\n<li>T\u00e5ler oppvaskmaskin<\/li>\n<li>Rustfritt st\u00e5l<\/li>\n<\/ul>\n<p>&nbsp;<\/p>","protected":false},"featured_media":25379,"comment_status":"closed","ping_status":"closed","template":"","meta":{"content-type":"","_uf_show_specific_survey":0,"_uf_disable_surveys":false,"_monsterinsights_skip_tracking":false,"_monsterinsights_sitenote_active":false,"_monsterinsights_sitenote_note":"","_monsterinsights_sitenote_category":0},"pwb-brand":[653],"product_brand":[],"product_cat":[2203,41,1147,2162,50],"product_tag":[2163,2129],"woo-feed-brand":[],"class_list":{"0":"post-787","1":"product","2":"type-product","3":"status-publish","4":"has-post-thumbnail","6":"pwb-brand-trixie","7":"product_cat-bur-tilbehor","8":"product_cat-fugl","9":"product_cat-fugl-som-hobby","10":"product_cat-fuglebur-og-fuglebur-tilbehor","11":"product_cat-fugleskaler-og-automater","12":"product_tag-fugleskaler-og-f-orkopper","13":"product_tag-mat-og-vannskaler","15":"first","16":"instock","17":"taxable","18":"shipping-taxable","19":"purchasable","20":"product-type-variable","21":"has-default-attributes"},"exclude_global_add_ons":[],"addons":[],"brands":[{"id":653,"name":"Trixie","slug":"trixie"}],"_links":{"self":[{"href":"https:\/\/fuglebutikken.no\/en\/wp-json\/wp\/v2\/product\/787","targetHints":{"allow":["GET"]}}],"collection":[{"href":"https:\/\/fuglebutikken.no\/en\/wp-json\/wp\/v2\/product"}],"about":[{"href":"https:\/\/fuglebutikken.no\/en\/wp-json\/wp\/v2\/types\/product"}],"replies":[{"embeddable":true,"href":"https:\/\/fuglebutikken.no\/en\/wp-json\/wp\/v2\/comments?post=787"}],"wp:featuredmedia":[{"embeddable":true,"href":"https:\/\/fuglebutikken.no\/en\/wp-json\/wp\/v2\/media\/25379"}],"wp:attachment":[{"href":"https:\/\/fuglebutikken.no\/en\/wp-json\/wp\/v2\/media?parent=787"}],"wp:term":[{"taxonomy":"pwb-brand","embeddable":true,"href":"https:\/\/fuglebutikken.no\/en\/wp-json\/wp\/v2\/pwb-brand?post=787"},{"taxonomy":"product_brand","embeddable":true,"href":"https:\/\/fuglebutikken.no\/en\/wp-json\/wp\/v2\/product_brand?post=787"},{"taxonomy":"product_cat","embeddable":true,"href":"https:\/\/fuglebutikken.no\/en\/wp-json\/wp\/v2\/product_cat?post=787"},{"taxonomy":"product_tag","embeddable":true,"href":"https:\/\/fuglebutikken.no\/en\/wp-json\/wp\/v2\/product_tag?post=787"},{"taxonomy":"woo-feed-brand","embeddable":true,"href":"https:\/\/fuglebutikken.no\/en\/wp-json\/wp\/v2\/woo-feed-brand?post=787"}],"curies":[{"name":"wp","href":"https:\/\/api.w.org\/{rel}","templated":true}]}}