{"id":779,"date":"2020-02-22T18:12:33","date_gmt":"2020-02-22T17:12:33","guid":{"rendered":"https:\/\/274105-www.web.tornado-node.net\/fugl\/product\/klatrekryss-tre-25cm\/"},"modified":"2025-08-26T20:53:13","modified_gmt":"2025-08-26T18:53:13","slug":"klatrekryss-tre-25cm","status":"publish","type":"product","link":"https:\/\/fuglebutikken.no\/en\/butikk\/fugl-som-hobby\/fugl\/fuglebur-og-fuglebur-tilbehor\/fugleleker-og-aktivitet\/klatrekryss-tre-25cm\/","title":{"rendered":"Klatrekryss tre 25cm"},"content":{"rendered":"<h2>Klatrekryss tre 25cm<\/h2>\n<p>Oppdag gleden av \u00e5 gi fuglene dine et stimulerende og variert milj\u00f8 med v\u00e5rt Klatrekryss tre p\u00e5 25 cm. Dette naturlige produktet gir fuglene muligheten til \u00e5 klatre, svinge og gnage, samtidig som det er sk\u00e5nsomt mot nebb og fj\u00e6r.<\/p>\n<h3>N\u00f8kkelfordeler<\/h3>\n<p>Klatrekryss tre er designet for \u00e5 skape et variert oppholdsrom for fuglene dine. Med sitteplanker, stiger og svinger tilbyr dette produktet mange muligheter for klatring, lek og avslapning. Laget av ekte tremateriale, sikrer det en trygg og naturlig opplevelse for fuglene.<\/p>\n<h3>Bruksanvisning<\/h3>\n<p>Det er enkelt \u00e5 installere Klatrekryss tre i buret. Heng det opp og se hvordan fuglene dine utforsker og leker med det. For beste resultater, plasser det i n\u00e6rhet av lekeomr\u00e5der i buret, slik at fuglene har enkel tilgang til det og kan bruke det aktivt.<\/p>\n<h3>Tilleggsinformasjon<\/h3>\n<p>Denne gir en optimal klatreopplevelse for fuglene, samtidig som det oppmuntrer til naturlig atferd. Klatrekryss tre er ikke bare et lekeapparat, men ogs\u00e5 en kilde til fysisk aktivitet og mental stimulering for fuglene dine.<\/p>","protected":false},"excerpt":{"rendered":"<h3 class=\"\">Klatrekryss tre 25cm<\/h3>\n<ul>\n<li>Lag av ekte tremateriale, sk\u00e5nsom for fugler.<\/li>\n<li>Gir fugler mulighet til \u00e5 klatre og leke.<\/li>\n<li>Skaper et variert oppholdsrom i buret.<\/li>\n<li>Stiger og svinger for optimal klatreopplevelse.<\/li>\n<li>Fungere som et perfekt tilbeh\u00f8r til buret.<\/li>\n<\/ul>","protected":false},"featured_media":20994,"comment_status":"closed","ping_status":"closed","template":"","meta":{"content-type":"","_uf_show_specific_survey":0,"_uf_disable_surveys":false,"_monsterinsights_skip_tracking":false,"_monsterinsights_sitenote_active":false,"_monsterinsights_sitenote_note":"","_monsterinsights_sitenote_category":0},"pwb-brand":[653],"product_brand":[],"product_cat":[41,1147,2162,2164],"product_tag":[1873],"woo-feed-brand":[],"class_list":{"0":"post-779","1":"product","2":"type-product","3":"status-publish","4":"has-post-thumbnail","6":"pwb-brand-trixie","7":"product_cat-fugl","8":"product_cat-fugl-som-hobby","9":"product_cat-fuglebur-og-fuglebur-tilbehor","10":"product_cat-fugleleker-og-aktivitet","11":"product_tag-fugleleker","13":"first","14":"instock","15":"taxable","16":"shipping-taxable","17":"purchasable","18":"product-type-simple"},"exclude_global_add_ons":[],"addons":[],"brands":[{"id":653,"name":"Trixie","slug":"trixie"}],"_links":{"self":[{"href":"https:\/\/fuglebutikken.no\/en\/wp-json\/wp\/v2\/product\/779","targetHints":{"allow":["GET"]}}],"collection":[{"href":"https:\/\/fuglebutikken.no\/en\/wp-json\/wp\/v2\/product"}],"about":[{"href":"https:\/\/fuglebutikken.no\/en\/wp-json\/wp\/v2\/types\/product"}],"replies":[{"embeddable":true,"href":"https:\/\/fuglebutikken.no\/en\/wp-json\/wp\/v2\/comments?post=779"}],"wp:featuredmedia":[{"embeddable":true,"href":"https:\/\/fuglebutikken.no\/en\/wp-json\/wp\/v2\/media\/20994"}],"wp:attachment":[{"href":"https:\/\/fuglebutikken.no\/en\/wp-json\/wp\/v2\/media?parent=779"}],"wp:term":[{"taxonomy":"pwb-brand","embeddable":true,"href":"https:\/\/fuglebutikken.no\/en\/wp-json\/wp\/v2\/pwb-brand?post=779"},{"taxonomy":"product_brand","embeddable":true,"href":"https:\/\/fuglebutikken.no\/en\/wp-json\/wp\/v2\/product_brand?post=779"},{"taxonomy":"product_cat","embeddable":true,"href":"https:\/\/fuglebutikken.no\/en\/wp-json\/wp\/v2\/product_cat?post=779"},{"taxonomy":"product_tag","embeddable":true,"href":"https:\/\/fuglebutikken.no\/en\/wp-json\/wp\/v2\/product_tag?post=779"},{"taxonomy":"woo-feed-brand","embeddable":true,"href":"https:\/\/fuglebutikken.no\/en\/wp-json\/wp\/v2\/woo-feed-brand?post=779"}],"curies":[{"name":"wp","href":"https:\/\/api.w.org\/{rel}","templated":true}]}}