{"id":7761,"date":"2020-05-11T20:01:58","date_gmt":"2020-05-11T18:01:58","guid":{"rendered":"https:\/\/fuglebutikken.no\/butikk\/ukategorisert\/shiva-ryggsekk-for-hund-og-katt-41x30cm-trixie\/"},"modified":"2026-02-26T14:19:22","modified_gmt":"2026-02-26T13:19:22","slug":"shiva-ryggsekk-for-hund-og-katt-41x30cm-trixie","status":"publish","type":"product","link":"https:\/\/fuglebutikken.no\/en\/butikk\/hund-som-hobby\/hund\/trening\/baere-og-trille\/ryggsekk\/shiva-ryggsekk-for-hund-og-katt-41x30cm-trixie\/","title":{"rendered":"Shiva Ryggsekk for hund og katt 41x30cm Trixie"},"content":{"rendered":"<p>Komfortabel ryggsekk og praktisk b\u00e6reveske i ett og samme produkt.<\/p>\n<p>Fordelen med \u00e5 bruke ryggsekk er at du fordeler vekten bedre. Det kan v\u00e6re slitsom \u00e5 b\u00e6re kj\u00e6ledyr i en veske, men p\u00e5 ryggen merker du ikke vekten like godt. Her f\u00e5r du justerbare skulderstropper og justerbar stropp rundt livet som holder alt p\u00e5 plass. Skulderstroppene er ergonomisk utformet og veldig komfortable.<\/p>\n<p>Trixie Shiva kan ogs\u00e5 brukes som veske hvis det blir n\u00f8dvendig. Den har lommer for lagring, netting som gir utsyn og luft og et kort b\u00e5nd p\u00e5 innsiden for \u00e5 sikre kj\u00e6ledyret. \u00c5pning finner du i fronten og siden. Den er ekstra godt polstret.<\/p>","protected":false},"excerpt":{"rendered":"<p>Shiva Ryggsekk for hund og katt 41x30cm Trixie<\/p>\n<ul>\n<li>Ryggsekk og veske.<\/li>\n<li>Ergonomisk utformede skulderstropper.<\/li>\n<li>Justerbar.<\/li>\n<li>Materiale: Polyester.<\/li>\n<li>M\u00e5l: 41x30x21 cm.<\/li>\n<li>H\u00f8yde: 30 cm.<\/li>\n<li>Maksimal belastning: Opptil 8 kg.<\/li>\n<li>Farge: Brun\/Beige.<\/li>\n<\/ul>","protected":false},"featured_media":27727,"comment_status":"open","ping_status":"closed","template":"","meta":{"content-type":"","_uf_show_specific_survey":0,"_uf_disable_surveys":false,"_monsterinsights_skip_tracking":false,"_monsterinsights_sitenote_active":false,"_monsterinsights_sitenote_note":"","_monsterinsights_sitenote_category":0},"pwb-brand":[653],"product_brand":[],"product_cat":[2111,2159,1954,2140,1955,1949,2141,1950,2089,2325,1990,2324,2112],"product_tag":[656,1877,2281,1878,1122,2280,1857],"woo-feed-brand":[],"class_list":{"0":"post-7761","1":"product","2":"type-product","3":"status-publish","4":"has-post-thumbnail","6":"pwb-brand-trixie","7":"product_cat-baere-og-trille","8":"product_cat-flytevest","9":"product_cat-hund-som-hobby","10":"product_cat-bur-og-sikkerhet","11":"product_cat-hund","12":"product_cat-katt-som-hobby","13":"product_cat-bur-og-sikkerhet-katt","14":"product_cat-katt","15":"product_cat-katteutstilling","16":"product_cat-reise-og-utstilling","17":"product_cat-reiseutstyr-og-bur","18":"product_cat-ryggsekk","19":"product_cat-stoffbur","20":"product_tag-baereveske","21":"product_tag-hundebur-og-transportvesker","22":"product_tag-hundesekk","23":"product_tag-hundevesker-og-ryggsekker","24":"product_tag-khaleesi-feirer","25":"product_tag-ryggsekk","26":"product_tag-transportveske","28":"first","29":"outofstock","30":"taxable","31":"shipping-taxable","32":"purchasable","33":"product-type-simple"},"exclude_global_add_ons":[],"addons":[],"brands":[{"id":653,"name":"Trixie","slug":"trixie"}],"_links":{"self":[{"href":"https:\/\/fuglebutikken.no\/en\/wp-json\/wp\/v2\/product\/7761","targetHints":{"allow":["GET"]}}],"collection":[{"href":"https:\/\/fuglebutikken.no\/en\/wp-json\/wp\/v2\/product"}],"about":[{"href":"https:\/\/fuglebutikken.no\/en\/wp-json\/wp\/v2\/types\/product"}],"replies":[{"embeddable":true,"href":"https:\/\/fuglebutikken.no\/en\/wp-json\/wp\/v2\/comments?post=7761"}],"wp:featuredmedia":[{"embeddable":true,"href":"https:\/\/fuglebutikken.no\/en\/wp-json\/wp\/v2\/media\/27727"}],"wp:attachment":[{"href":"https:\/\/fuglebutikken.no\/en\/wp-json\/wp\/v2\/media?parent=7761"}],"wp:term":[{"taxonomy":"pwb-brand","embeddable":true,"href":"https:\/\/fuglebutikken.no\/en\/wp-json\/wp\/v2\/pwb-brand?post=7761"},{"taxonomy":"product_brand","embeddable":true,"href":"https:\/\/fuglebutikken.no\/en\/wp-json\/wp\/v2\/product_brand?post=7761"},{"taxonomy":"product_cat","embeddable":true,"href":"https:\/\/fuglebutikken.no\/en\/wp-json\/wp\/v2\/product_cat?post=7761"},{"taxonomy":"product_tag","embeddable":true,"href":"https:\/\/fuglebutikken.no\/en\/wp-json\/wp\/v2\/product_tag?post=7761"},{"taxonomy":"woo-feed-brand","embeddable":true,"href":"https:\/\/fuglebutikken.no\/en\/wp-json\/wp\/v2\/woo-feed-brand?post=7761"}],"curies":[{"name":"wp","href":"https:\/\/api.w.org\/{rel}","templated":true}]}}