{"id":740,"date":"2020-02-22T18:12:34","date_gmt":"2020-02-22T17:12:34","guid":{"rendered":"https:\/\/274105-www.web.tornado-node.net\/fugl\/product\/troperede\/"},"modified":"2025-12-01T20:19:25","modified_gmt":"2025-12-01T19:19:25","slug":"finkerede","status":"publish","type":"product","link":"https:\/\/fuglebutikken.no\/en\/butikk\/fugl-som-hobby\/fugl\/fuglebur-og-fuglebur-tilbehor\/bur-tilbehor\/fuglerede-kasser\/finkerede\/","title":{"rendered":"Finkerede-Troperede"},"content":{"rendered":"<h2>Finkerede-Troperede<\/h2>\n<p>Gi dine finker og tropiske fugler det perfekte redet med v\u00e5re naturlige bambusreder. Disse h\u00f8ykvalitets redene er spesielt utviklet for \u00e5 gi fuglene dine et trygt og komfortabelt sted \u00e5 bygge bo og legge egg.<\/p>\n<h3>Naturlig og trygt materiale<\/h3>\n<p>V\u00e5re finkerede er laget av bambus, som er et naturlig og milj\u00f8vennlig materiale. Bambus er ikke bare b\u00e6rekraftig, men ogs\u00e5 ideelt for fugler da det er lett, sterkt og gir god ventilasjon. Materialet er trygt for fuglene og bidrar til et sunt og naturlig milj\u00f8 i buret eller volieren.<\/p>\n<h3>Perfekte st\u00f8rrelser for forskjellige fuglearter<\/h3>\n<p>Redene kommer i tre praktiske st\u00f8rrelser som passer perfekt til ulike fuglearter. Velg mellom 10x9cm for mindre finker, 12x11cm for mellomstore fugler, eller 15x12cm for st\u00f8rre tropiske fugler. Dette sikrer at alle fuglene dine f\u00e5r et rede som passer deres naturlige behov og st\u00f8rrelse.<\/p>\n<h3>Enkel \u00e5 bruke og vedlikeholde<\/h3>\n<p>Redene er enkle \u00e5 montere i buret og gir fuglene dine en naturlig plass \u00e5 bygge bo. Det glatte bambusoverflaten er lett \u00e5 rengj\u00f8re og vedlikeholde, noe som bidrar til god hygiene i fuglemilj\u00f8et. Redene er holdbare og kan brukes sesong etter sesong.<\/p>","protected":false},"excerpt":{"rendered":"<h3>Finkerede-Troperede<\/h3>\n<p>Finkerede i bambus.<\/p>\n<ul>\n<li>Finnes i tre st\u00f8rrelser:<\/li>\n<li>10x9cm,<\/li>\n<li>12x11cm og<\/li>\n<li>15x12cm<\/li>\n<\/ul>","protected":false},"featured_media":25467,"comment_status":"closed","ping_status":"closed","template":"","meta":{"content-type":"","_uf_show_specific_survey":0,"_uf_disable_surveys":false,"_monsterinsights_skip_tracking":false,"_monsterinsights_sitenote_active":false,"_monsterinsights_sitenote_note":"","_monsterinsights_sitenote_category":0},"pwb-brand":[653],"product_brand":[],"product_cat":[2203,41,1147,2162,2247],"product_tag":[3243],"woo-feed-brand":[],"class_list":{"0":"post-740","1":"product","2":"type-product","3":"status-publish","4":"has-post-thumbnail","6":"pwb-brand-trixie","7":"product_cat-bur-tilbehor","8":"product_cat-fugl","9":"product_cat-fugl-som-hobby","10":"product_cat-fuglebur-og-fuglebur-tilbehor","11":"product_cat-fuglerede-kasser","12":"product_tag-fodekasse","14":"first","15":"instock","16":"taxable","17":"shipping-taxable","18":"purchasable","19":"product-type-variable","20":"has-default-attributes"},"exclude_global_add_ons":[],"addons":[],"brands":[{"id":653,"name":"Trixie","slug":"trixie"}],"_links":{"self":[{"href":"https:\/\/fuglebutikken.no\/en\/wp-json\/wp\/v2\/product\/740","targetHints":{"allow":["GET"]}}],"collection":[{"href":"https:\/\/fuglebutikken.no\/en\/wp-json\/wp\/v2\/product"}],"about":[{"href":"https:\/\/fuglebutikken.no\/en\/wp-json\/wp\/v2\/types\/product"}],"replies":[{"embeddable":true,"href":"https:\/\/fuglebutikken.no\/en\/wp-json\/wp\/v2\/comments?post=740"}],"wp:featuredmedia":[{"embeddable":true,"href":"https:\/\/fuglebutikken.no\/en\/wp-json\/wp\/v2\/media\/25467"}],"wp:attachment":[{"href":"https:\/\/fuglebutikken.no\/en\/wp-json\/wp\/v2\/media?parent=740"}],"wp:term":[{"taxonomy":"pwb-brand","embeddable":true,"href":"https:\/\/fuglebutikken.no\/en\/wp-json\/wp\/v2\/pwb-brand?post=740"},{"taxonomy":"product_brand","embeddable":true,"href":"https:\/\/fuglebutikken.no\/en\/wp-json\/wp\/v2\/product_brand?post=740"},{"taxonomy":"product_cat","embeddable":true,"href":"https:\/\/fuglebutikken.no\/en\/wp-json\/wp\/v2\/product_cat?post=740"},{"taxonomy":"product_tag","embeddable":true,"href":"https:\/\/fuglebutikken.no\/en\/wp-json\/wp\/v2\/product_tag?post=740"},{"taxonomy":"woo-feed-brand","embeddable":true,"href":"https:\/\/fuglebutikken.no\/en\/wp-json\/wp\/v2\/woo-feed-brand?post=740"}],"curies":[{"name":"wp","href":"https:\/\/api.w.org\/{rel}","templated":true}]}}