{"id":729,"date":"2020-02-22T18:12:17","date_gmt":"2020-02-22T17:12:17","guid":{"rendered":"https:\/\/274105-www.web.tornado-node.net\/fugl\/product\/stige-naturtre\/"},"modified":"2025-08-26T20:30:54","modified_gmt":"2025-08-26T18:30:54","slug":"stige-naturtre","status":"publish","type":"product","link":"https:\/\/fuglebutikken.no\/en\/butikk\/fugl-som-hobby\/fugl\/fuglebur-og-fuglebur-tilbehor\/bur-tilbehor\/stiger-og-speil\/stige-naturtre\/","title":{"rendered":"Stige Naturtre"},"content":{"rendered":"<h2>Stige naturtre<\/h2>\n<p>Stigen i naturlig tre er det ideelle tilbeh\u00f8ret for fuglehold. Med sin naturlige form skaper den spennende lekemuligheter for dine fj\u00e6rkledde venner, og gir dem mulighet til \u00e5 klatre og utforske i sitt hjemmemilj\u00f8.<\/p>\n<h3>N\u00f8kkelfordeler<\/h3>\n<p>Stigen i naturtre er designet for \u00e5 imitere den naturlige habitat som fugler trives i. Den bidrar til \u00e5 stimulere fuglenes mentale helse og oppfordrer til fysisk aktivitet. Med flere niv\u00e5er og en interessant form, vil det holde fuglene dine underholdt i timevis!<\/p>\n<h3>Bruksanvisning<\/h3>\n<p>Plasser stigen i fugleburet p\u00e5 et sted hvor fuglene lett kan f\u00e5 tilgang til den. La dem utforske og klatre i sitt eget tempo, og v\u00e6r oppmerksom p\u00e5 at de kan bruke stigen til \u00e5 komme seg til flere steder i buret. Rengj\u00f8r stigen regelmessig for \u00e5 opprettholde et hygienisk milj\u00f8 for fuglene.<\/p>\n<h3>Tilleggsinformasjon<\/h3>\n<p>Stigen er laget av naturlige materialer, hvilket gj\u00f8r den sikker for fuglene dine. Den passer perfekt inn i ethvert fuglebur og vil gi et ekstra element av morsomhet og aktivitet. Invester i stigen til naturtre for \u00e5 berike livet til dine fuglevenner!<\/p>","protected":false},"excerpt":{"rendered":"<h3 class=\"\">Stige Naturtre<\/h3>\n<ul>\n<li>Naturlig form tilpasset fuglehold.<\/li>\n<li>Skaper lekemuligheter for fugler.<\/li>\n<li>Trygg og sikker design for dyrene.<\/li>\n<li>Lettere \u00e5 bruke og h\u00e5ndtere.<\/li>\n<li>Fremmer aktiv lek og trening.<\/li>\n<li>Ideell for b\u00e5de sm\u00e5 og store fugler.<\/li>\n<\/ul>","protected":false},"featured_media":20971,"comment_status":"closed","ping_status":"closed","template":"","meta":{"content-type":"","_uf_show_specific_survey":0,"_uf_disable_surveys":false,"_monsterinsights_skip_tracking":false,"_monsterinsights_sitenote_active":false,"_monsterinsights_sitenote_note":"","_monsterinsights_sitenote_category":0},"pwb-brand":[653],"product_brand":[],"product_cat":[41,1147,2162,2164,1452],"product_tag":[1873,3008],"woo-feed-brand":[],"class_list":{"0":"post-729","1":"product","2":"type-product","3":"status-publish","4":"has-post-thumbnail","6":"pwb-brand-trixie","7":"product_cat-fugl","8":"product_cat-fugl-som-hobby","9":"product_cat-fuglebur-og-fuglebur-tilbehor","10":"product_cat-fugleleker-og-aktivitet","11":"product_cat-stiger-og-speil","12":"product_tag-fugleleker","13":"product_tag-stige","15":"first","16":"instock","17":"taxable","18":"shipping-taxable","19":"purchasable","20":"product-type-variable","21":"has-default-attributes"},"exclude_global_add_ons":[],"addons":[],"brands":[{"id":653,"name":"Trixie","slug":"trixie"}],"_links":{"self":[{"href":"https:\/\/fuglebutikken.no\/en\/wp-json\/wp\/v2\/product\/729","targetHints":{"allow":["GET"]}}],"collection":[{"href":"https:\/\/fuglebutikken.no\/en\/wp-json\/wp\/v2\/product"}],"about":[{"href":"https:\/\/fuglebutikken.no\/en\/wp-json\/wp\/v2\/types\/product"}],"replies":[{"embeddable":true,"href":"https:\/\/fuglebutikken.no\/en\/wp-json\/wp\/v2\/comments?post=729"}],"wp:featuredmedia":[{"embeddable":true,"href":"https:\/\/fuglebutikken.no\/en\/wp-json\/wp\/v2\/media\/20971"}],"wp:attachment":[{"href":"https:\/\/fuglebutikken.no\/en\/wp-json\/wp\/v2\/media?parent=729"}],"wp:term":[{"taxonomy":"pwb-brand","embeddable":true,"href":"https:\/\/fuglebutikken.no\/en\/wp-json\/wp\/v2\/pwb-brand?post=729"},{"taxonomy":"product_brand","embeddable":true,"href":"https:\/\/fuglebutikken.no\/en\/wp-json\/wp\/v2\/product_brand?post=729"},{"taxonomy":"product_cat","embeddable":true,"href":"https:\/\/fuglebutikken.no\/en\/wp-json\/wp\/v2\/product_cat?post=729"},{"taxonomy":"product_tag","embeddable":true,"href":"https:\/\/fuglebutikken.no\/en\/wp-json\/wp\/v2\/product_tag?post=729"},{"taxonomy":"woo-feed-brand","embeddable":true,"href":"https:\/\/fuglebutikken.no\/en\/wp-json\/wp\/v2\/woo-feed-brand?post=729"}],"curies":[{"name":"wp","href":"https:\/\/api.w.org\/{rel}","templated":true}]}}