{"id":724,"date":"2020-02-22T18:12:17","date_gmt":"2020-02-22T17:12:17","guid":{"rendered":"https:\/\/274105-www.web.tornado-node.net\/fugl\/product\/sittepinne-y-formet-tre\/"},"modified":"2025-08-26T21:11:50","modified_gmt":"2025-08-26T19:11:50","slug":"sittepinne-y-formet-tre","status":"publish","type":"product","link":"https:\/\/fuglebutikken.no\/en\/butikk\/fugl-som-hobby\/fugl\/fuglebur-og-fuglebur-tilbehor\/bur-tilbehor\/sittepinner\/sittepinne-y-formet-tre\/","title":{"rendered":"Sittepinne Y formet tre"},"content":{"rendered":"<h2>Sittepinne Y formet tre<\/h2>\n<p>Gi dine fj\u00e6rkledde venner en naturlig og trygg plass \u00e5 hvile med v\u00e5r sittepinne i Y-formet tre. Denne sittepinnen er designet for \u00e5 gi b\u00e5de komfort og mulighet for naturlig atferd, noe som gj\u00f8r den til et ideelt valg for burfugler og tropefugler.<\/p>\n<h3>N\u00f8kkelfordeler<\/h3>\n<p>V\u00e5r sittepinne er laget av 100% naturlig tre, noe som gir en behagelig overflate for fuglene \u00e5 sitte og spise p\u00e5. Den unike Y-formen gir stabilitet, samtidig som den oppmuntrer til en naturlig sitteposisjon. I motsetning til plastalternativer, har hver sittepinnes barkstrukturer, noe som gir en variert tekstur som hjelprig kan bidra til \u00e5 opprettholde f\u00f8ttene til fuglene sunne.<\/p>\n<h3>Materiale<\/h3>\n<p>Sittepinnen er laget av naturlige tresorter, noe som gj\u00f8r den b\u00e5de slitesterk og sikker for fuglene. Ettersom ingen sittepinner er helt like, tilf\u00f8rer dette et unikt preg til hvert bur. I tillegg er sittepinnen utstyrt med skrufeste som passer de fleste burtyper, noe som gj\u00f8r installasjonen enkel og praktisk.<\/p>\n<h3>Bruksanvisning<\/h3>\n<p>For best resultat, plasser sittepinnen i et omr\u00e5de der fuglene ofte oppholder seg, slik at de lett kan f\u00e5 tilgang til den. Rengj\u00f8r den regelmessig for \u00e5 sikre hygiene, og sjekk for slitasje eller skade som kan oppst\u00e5 over tid. Dette sikrer at sittepinnen forblir en trygg og komfortabel plass for dine kj\u00e6re fj\u00e6rkledde venner.<\/p>","protected":false},"excerpt":{"rendered":"<h3 class=\"\">Sittepinne Y formet tre<\/h3>\n<ul>\n<li>Lag av naturlig tre for sunnere valg.<\/li>\n<li>Ideell for sm\u00e5 fugler som undulater og finker.<\/li>\n<li>Gir en naturlig og trygg sitteplass.<\/li>\n<li>Praktisk skrufeste for enkel tilpasning i buret.<\/li>\n<li>Fungerer som b\u00e5de mat- og sitteplass.<\/li>\n<li>H\u00e5ndlagde, unike former for hver pinne.<\/li>\n<\/ul>","protected":false},"featured_media":21023,"comment_status":"closed","ping_status":"closed","template":"","meta":{"content-type":"","_uf_show_specific_survey":0,"_uf_disable_surveys":false,"_monsterinsights_skip_tracking":false,"_monsterinsights_sitenote_active":false,"_monsterinsights_sitenote_note":"","_monsterinsights_sitenote_category":0},"pwb-brand":[653],"product_brand":[],"product_cat":[2203,41,1147,2164,1451],"product_tag":[2166,96],"woo-feed-brand":[],"class_list":{"0":"post-724","1":"product","2":"type-product","3":"status-publish","4":"has-post-thumbnail","6":"pwb-brand-trixie","7":"product_cat-bur-tilbehor","8":"product_cat-fugl","9":"product_cat-fugl-som-hobby","10":"product_cat-fugleleker-og-aktivitet","11":"product_cat-sittepinner","12":"product_tag-sittepinner-og-sitteplasser","13":"product_tag-undulat","15":"first","16":"instock","17":"taxable","18":"shipping-taxable","19":"purchasable","20":"product-type-variable","21":"has-default-attributes"},"exclude_global_add_ons":[],"addons":[],"brands":[{"id":653,"name":"Trixie","slug":"trixie"}],"_links":{"self":[{"href":"https:\/\/fuglebutikken.no\/en\/wp-json\/wp\/v2\/product\/724","targetHints":{"allow":["GET"]}}],"collection":[{"href":"https:\/\/fuglebutikken.no\/en\/wp-json\/wp\/v2\/product"}],"about":[{"href":"https:\/\/fuglebutikken.no\/en\/wp-json\/wp\/v2\/types\/product"}],"replies":[{"embeddable":true,"href":"https:\/\/fuglebutikken.no\/en\/wp-json\/wp\/v2\/comments?post=724"}],"wp:featuredmedia":[{"embeddable":true,"href":"https:\/\/fuglebutikken.no\/en\/wp-json\/wp\/v2\/media\/21023"}],"wp:attachment":[{"href":"https:\/\/fuglebutikken.no\/en\/wp-json\/wp\/v2\/media?parent=724"}],"wp:term":[{"taxonomy":"pwb-brand","embeddable":true,"href":"https:\/\/fuglebutikken.no\/en\/wp-json\/wp\/v2\/pwb-brand?post=724"},{"taxonomy":"product_brand","embeddable":true,"href":"https:\/\/fuglebutikken.no\/en\/wp-json\/wp\/v2\/product_brand?post=724"},{"taxonomy":"product_cat","embeddable":true,"href":"https:\/\/fuglebutikken.no\/en\/wp-json\/wp\/v2\/product_cat?post=724"},{"taxonomy":"product_tag","embeddable":true,"href":"https:\/\/fuglebutikken.no\/en\/wp-json\/wp\/v2\/product_tag?post=724"},{"taxonomy":"woo-feed-brand","embeddable":true,"href":"https:\/\/fuglebutikken.no\/en\/wp-json\/wp\/v2\/woo-feed-brand?post=724"}],"curies":[{"name":"wp","href":"https:\/\/api.w.org\/{rel}","templated":true}]}}