{"id":7166,"date":"2022-05-30T22:24:37","date_gmt":"2022-05-30T20:24:37","guid":{"rendered":"https:\/\/fuglebutikken.no\/butikk\/ukategorisert\/tickless-tursko-aktiv\/"},"modified":"2026-02-24T08:18:58","modified_gmt":"2026-02-24T07:18:58","slug":"tickless-tursko-aktiv","status":"publish","type":"product","link":"https:\/\/fuglebutikken.no\/en\/butikk\/ukategorisert\/tickless-tursko-aktiv\/","title":{"rendered":"Tickless tursko aktiv"},"content":{"rendered":"<h2>Tickless tursko aktiv<\/h2>\n<p>F\u00f8r du bruker enheten for f\u00f8rste gang, lad den til LED-lampen lyser gr\u00f8nt. Den aktiverer ogs\u00e5 enheten. Du kan feste enheten til skolissene eller vesken. Sett silikonstroppen inn i sidetappen p\u00e5 enheten. Plasser stroppen og enheten p\u00e5 skolissen eller stroppen til vesken og trekk stroppen under den. Sett silikonb\u00e5ndet inn i den andre sidetappen. N\u00e5r den er festet, er TICKLESS\u00ae sikkert festet. Ikke blokker ultralydb\u00f8lgene ved \u00e5 dekke gitteret med kl\u00e6rne dine! Du kan bekrefte funksjonen n\u00e5r som helst ved \u00e5 trykke p\u00e5 knappen.<br \/>\n<img decoding=\"async\" class=\"wp-image-63512 size-full aligncenter\" src=\"https:\/\/dgspetproducts.no\/wp-content\/uploads\/2022\/05\/Tickless-tursko-aktiv..........-1.jpg\" alt=\"Tickless tursko aktiv\" width=\"1000\" height=\"336\"><\/p>","protected":false},"excerpt":{"rendered":"<h3>Tickless tursko aktiv<\/h3>\n<p>Denne lille enheten holder fl\u00e5tt unna ved hjelp av ultralyd, men uten bruk av farlige kjemikalier. Enkel \u00e5 bruke og lett \u00e5 feste i sn\u00f8ringen p\u00e5 (tur)skoen din. Den perfekte beskyttelsen for personer med en aktiv livsstil.<\/p>\n<ul>\n<li>Virker gjennom ultralyd<\/li>\n<li>Milj\u00f8vennlig \u2013 ingen kjemikalier eller lukt<\/li>\n<li>Rekkevidde p\u00e5 2,5 meter<\/li>\n<li>Oppladbar<\/li>\n<li>Nattlysfunksjon<\/li>\n<li>Ultra lett, men fortsatt supersterk<\/li>\n<li>Trygg \u00e5 bruke for alle<\/li>\n<\/ul>","protected":false},"featured_media":27587,"comment_status":"closed","ping_status":"closed","template":"","meta":{"content-type":"","_uf_show_specific_survey":0,"_uf_disable_surveys":false,"_monsterinsights_skip_tracking":false,"_monsterinsights_sitenote_active":false,"_monsterinsights_sitenote_note":"","_monsterinsights_sitenote_category":0},"pwb-brand":[1499],"product_brand":[],"product_cat":[2106],"product_tag":[2095],"woo-feed-brand":[],"class_list":{"0":"post-7166","1":"product","2":"type-product","3":"status-publish","4":"has-post-thumbnail","6":"pwb-brand-tickless","7":"product_cat-ukategorisert","8":"product_tag-mot-skadedyr-og-flatt","10":"first","11":"instock","12":"taxable","13":"shipping-taxable","14":"purchasable","15":"product-type-simple"},"exclude_global_add_ons":[],"addons":[],"brands":[{"id":1499,"name":"Tickless","slug":"tickless"}],"_links":{"self":[{"href":"https:\/\/fuglebutikken.no\/en\/wp-json\/wp\/v2\/product\/7166","targetHints":{"allow":["GET"]}}],"collection":[{"href":"https:\/\/fuglebutikken.no\/en\/wp-json\/wp\/v2\/product"}],"about":[{"href":"https:\/\/fuglebutikken.no\/en\/wp-json\/wp\/v2\/types\/product"}],"replies":[{"embeddable":true,"href":"https:\/\/fuglebutikken.no\/en\/wp-json\/wp\/v2\/comments?post=7166"}],"wp:featuredmedia":[{"embeddable":true,"href":"https:\/\/fuglebutikken.no\/en\/wp-json\/wp\/v2\/media\/27587"}],"wp:attachment":[{"href":"https:\/\/fuglebutikken.no\/en\/wp-json\/wp\/v2\/media?parent=7166"}],"wp:term":[{"taxonomy":"pwb-brand","embeddable":true,"href":"https:\/\/fuglebutikken.no\/en\/wp-json\/wp\/v2\/pwb-brand?post=7166"},{"taxonomy":"product_brand","embeddable":true,"href":"https:\/\/fuglebutikken.no\/en\/wp-json\/wp\/v2\/product_brand?post=7166"},{"taxonomy":"product_cat","embeddable":true,"href":"https:\/\/fuglebutikken.no\/en\/wp-json\/wp\/v2\/product_cat?post=7166"},{"taxonomy":"product_tag","embeddable":true,"href":"https:\/\/fuglebutikken.no\/en\/wp-json\/wp\/v2\/product_tag?post=7166"},{"taxonomy":"woo-feed-brand","embeddable":true,"href":"https:\/\/fuglebutikken.no\/en\/wp-json\/wp\/v2\/woo-feed-brand?post=7166"}],"curies":[{"name":"wp","href":"https:\/\/api.w.org\/{rel}","templated":true}]}}