{"id":7132,"date":"2020-03-01T16:22:59","date_gmt":"2020-03-01T15:22:59","guid":{"rendered":"https:\/\/fuglebutikken.no\/butikk\/ukategorisert\/lampholder-exoterra\/"},"modified":"2026-02-13T12:00:48","modified_gmt":"2026-02-13T11:00:48","slug":"lampholder-exoterra","status":"publish","type":"product","link":"https:\/\/fuglebutikken.no\/en\/butikk\/fugl-som-hobby\/fugl\/lys-varme-fugl\/paereholder\/lampholder-exoterra\/","title":{"rendered":"Lampeholder ExoTerra 3.8&#215;21.6x 54cm"},"content":{"rendered":"<h2>Lampeholder ExoTerra 3.8&#215;21.6x 54cm<\/h2>\n<p>Lampeholder ExoTerra er den perfekte l\u00f8sningen for \u00e5 henge opp belysning i ditt terrarium p\u00e5 en trygg og effektiv m\u00e5te. Med dens justerbare design kan du enkelt tilpasse lysopplevelsen for \u00e5 skape optimale vekstvilk\u00e5r for plantene og dyrene dine.<\/p>\n<h3>N\u00f8kkelfordeler<\/h3>\n<p>Exo Terra Light Bracket tilbyr flere fordeler som forbedrer b\u00e5de sikkerheten og ytelsen til belysningssystemet ditt:<\/p>\n<ul>\n<li>Opphengsbeslag for lyskuppel som er lett \u00e5 justere.<\/li>\n<li>Forlenger lampens levetid ved \u00e5 sikre optimal ventilasjon.<\/li>\n<li>Sikker fj\u00e6ring som hindrer at lampen velter, noe som reduserer risikoen for skader p\u00e5 terrariet.<\/li>\n<li>Hindrer potensiell skade p\u00e5 b\u00e5de lampen og terrarieinnholdet.<\/li>\n<\/ul>\n<h3>Slik Bruker Du Den<\/h3>\n<p>Montering av Exo Terra Light Bracket er enkel. Start med \u00e5 plassere lampeholderen over terrariet og juster h\u00f8yden etter behov. S\u00f8rg for at lampen er festet sikkert for \u00e5 unng\u00e5 enhver bevegelse. N\u00e5r lampen er p\u00e5 plass, kan du nyte fordelene av forbedret lys- og varmeutdeling, noe som vil bidra til et sunnere milj\u00f8 for dyrene og plantene dine.<\/p>\n<h3>Tilleggsinformasjon<\/h3>\n<p>Lampeholderen har dimensjoner p\u00e5 3.8&#215;21.6&#215;54 cm, noe som gj\u00f8r den kompatibel med de fleste lyskupler. Designet har ogs\u00e5 et fokus p\u00e5 ventilasjon som maksimerer effektiviteten av belysningen. Dette produktet er en n\u00f8dvendighet for enhver terrariet eier som \u00f8nsker \u00e5 sikre et trygt og optimalt milj\u00f8 for sine innbyggere.<\/p>","protected":false},"excerpt":{"rendered":"<h3 class=\"\">Lampeholder ExoTerra 3.8&#215;21.6x 54cm<\/h3>\n<ul>\n<li>Opphengsbeslag for lys kuppel<\/li>\n<li>Lett \u00e5 justere<\/li>\n<li>Forlenger lampens levetid<\/li>\n<li>Sikker fj\u00e6ring for de fleste lamper<\/li>\n<li>Hindrer at lampen velter<\/li>\n<li>Forhindrer skader p\u00e5 terrariet<\/li>\n<\/ul>\n<h3><\/h3>","protected":false},"featured_media":27410,"comment_status":"open","ping_status":"closed","template":"","meta":{"content-type":"","_uf_show_specific_survey":0,"_uf_disable_surveys":false,"_monsterinsights_skip_tracking":false,"_monsterinsights_sitenote_active":false,"_monsterinsights_sitenote_note":"","_monsterinsights_sitenote_category":0},"pwb-brand":[659],"product_brand":[],"product_cat":[1661,41,1147,2200,2116,1496],"product_tag":[3036],"woo-feed-brand":[],"class_list":{"0":"post-7132","1":"product","2":"type-product","3":"status-publish","4":"has-post-thumbnail","6":"pwb-brand-exoterra","7":"product_cat-armatur-paereholder","8":"product_cat-fugl","9":"product_cat-fugl-som-hobby","10":"product_cat-lys-varme-fugl","11":"product_cat-lys-varme-reptil","12":"product_cat-paereholder","13":"product_tag-terrarium-lys-og-varme","15":"first","16":"instock","17":"downloadable","18":"taxable","19":"shipping-taxable","20":"purchasable","21":"product-type-simple"},"exclude_global_add_ons":[],"addons":[],"brands":[{"id":659,"name":"Exoterra","slug":"exoterra"}],"_links":{"self":[{"href":"https:\/\/fuglebutikken.no\/en\/wp-json\/wp\/v2\/product\/7132","targetHints":{"allow":["GET"]}}],"collection":[{"href":"https:\/\/fuglebutikken.no\/en\/wp-json\/wp\/v2\/product"}],"about":[{"href":"https:\/\/fuglebutikken.no\/en\/wp-json\/wp\/v2\/types\/product"}],"replies":[{"embeddable":true,"href":"https:\/\/fuglebutikken.no\/en\/wp-json\/wp\/v2\/comments?post=7132"}],"wp:featuredmedia":[{"embeddable":true,"href":"https:\/\/fuglebutikken.no\/en\/wp-json\/wp\/v2\/media\/27410"}],"wp:attachment":[{"href":"https:\/\/fuglebutikken.no\/en\/wp-json\/wp\/v2\/media?parent=7132"}],"wp:term":[{"taxonomy":"pwb-brand","embeddable":true,"href":"https:\/\/fuglebutikken.no\/en\/wp-json\/wp\/v2\/pwb-brand?post=7132"},{"taxonomy":"product_brand","embeddable":true,"href":"https:\/\/fuglebutikken.no\/en\/wp-json\/wp\/v2\/product_brand?post=7132"},{"taxonomy":"product_cat","embeddable":true,"href":"https:\/\/fuglebutikken.no\/en\/wp-json\/wp\/v2\/product_cat?post=7132"},{"taxonomy":"product_tag","embeddable":true,"href":"https:\/\/fuglebutikken.no\/en\/wp-json\/wp\/v2\/product_tag?post=7132"},{"taxonomy":"woo-feed-brand","embeddable":true,"href":"https:\/\/fuglebutikken.no\/en\/wp-json\/wp\/v2\/woo-feed-brand?post=7132"}],"curies":[{"name":"wp","href":"https:\/\/api.w.org\/{rel}","templated":true}]}}